{"id":887,"date":"2025-11-07T10:53:16","date_gmt":"2025-11-07T10:53:16","guid":{"rendered":"https:\/\/montbruncommerce.com\/?page_id=887"},"modified":"2025-11-21T13:50:54","modified_gmt":"2025-11-21T13:50:54","slug":"restauration-gastronomie","status":"publish","type":"page","link":"https:\/\/montbruncommerce.com\/index.php\/restauration-gastronomie\/","title":{"rendered":"Restauration \/ Gastronomie"},"content":{"rendered":"\n<h2 class=\"wp-block-heading\">L&rsquo;O des Sources<\/h2>\n\n\n\n<div class=\"wp-block-columns is-layout-flex wp-container-core-columns-is-layout-28f84493 wp-block-columns-is-layout-flex\">\n<div class=\"wp-block-column is-layout-flow wp-block-column-is-layout-flow\" style=\"flex-basis:33.33%\">\n<figure class=\"wp-block-image size-full is-resized\"><img fetchpriority=\"high\" decoding=\"async\" width=\"529\" height=\"567\" src=\"https:\/\/montbruncommerce.com\/wp-content\/uploads\/2025\/11\/1000003559.jpg\" alt=\"\" class=\"wp-image-888\" style=\"width:313px;height:auto\" srcset=\"https:\/\/montbruncommerce.com\/wp-content\/uploads\/2025\/11\/1000003559.jpg 529w, https:\/\/montbruncommerce.com\/wp-content\/uploads\/2025\/11\/1000003559-280x300.jpg 280w\" sizes=\"(max-width: 529px) 100vw, 529px\" \/><\/figure>\n<\/div>\n\n\n\n<div class=\"wp-block-column is-layout-flow wp-block-column-is-layout-flow\" style=\"flex-basis:66.66%\">\n<p>Ludovic Monier est aux commandes de la cuisine et vous proposera une cuisine simple, gustative et toujours bien pr\u00e9sent\u00e9e. <br>Disciple d\u2019Escoffier, Jean-Michel vous fera d\u00e9couvrir la cave \u00e0 vins et saura vous orientez au mieux dans votre accord mets &amp; vins, que ce soit en s\u00e9lectionnant une bouteille ou avec son choix de verres de vins.<\/p>\n\n\n\n<p>Venez d\u00e9couvrir ce lieu magnifique avec sa terrasse dot\u00e9e d&rsquo;une superbe vue panoramique sur le G\u00e9ant de Provence \u00ab\u00a0Le Mont Ventoux\u00a0\u00bb et le village m\u00e9di\u00e9val class\u00e9 de Montbrun les Bains &#8211; certainement la plus belle vue depuis la terrasse d&rsquo;un restaurant du secteur.<\/p>\n\n\n\n<p>R\u00e9servation recommand\u00e9e.<\/p>\n<\/div>\n<\/div>\n\n\n\n<div class=\"wp-block-columns is-layout-flex wp-container-core-columns-is-layout-28f84493 wp-block-columns-is-layout-flex\">\n<div class=\"wp-block-column is-layout-flow wp-block-column-is-layout-flow\" style=\"flex-basis:33.33%\">\n<p><strong>Horaires :<\/strong><br>lundi Ferm\u00e9<br>mardi Ferm\u00e9<br>mercredi Ferm\u00e9<br>jeudi 10h30 &#8211; 14h30 \/ 18h00 &#8211; 22h00<br>vendredi 10h30 &#8211; 14h30 \/ 18h00 &#8211; 22h00<br>samedi 10h30 &#8211; 14h30 \/ 18h00 &#8211; 22h00<br>dimanche 10h30 &#8211; 15h00 <\/p>\n\n\n\n<p><strong>Cong\u00e9s Annuels :<\/strong><br>Fermeture du 9 novembre \u00e0 d\u00e9but Mars 2026<\/p>\n<\/div>\n\n\n\n<div class=\"wp-block-column is-layout-flow wp-block-column-is-layout-flow\" style=\"flex-basis:45%\">\n<p><strong>Contact :<\/strong><br>T\u00e9l\u00e9phone : 04 75 27 11 09<br>Email : <a href=\"mailto:info@o-des-sources.com\">info@o-des-sources.com<\/a><br>Site web : <a href=\"https:\/\/www.o-des-sources.com\">o-des-sources.com<\/a><\/p>\n\n\n\n<ul class=\"wp-block-social-links is-layout-flex wp-block-social-links-is-layout-flex\"><li style=\"opacity: 0;\" superb-addons-animation=\"bounceIn\" class=\"wp-social-link wp-social-link-facebook  wp-block-social-link\"><a href=\"https:\/\/www.facebook.com\/odessources\" class=\"wp-block-social-link-anchor\"><svg width=\"24\" height=\"24\" viewBox=\"0 0 24 24\" version=\"1.1\" xmlns=\"http:\/\/www.w3.org\/2000\/svg\" aria-hidden=\"true\" focusable=\"false\"><path d=\"M12 2C6.5 2 2 6.5 2 12c0 5 3.7 9.1 8.4 9.9v-7H7.9V12h2.5V9.8c0-2.5 1.5-3.9 3.8-3.9 1.1 0 2.2.2 2.2.2v2.5h-1.3c-1.2 0-1.6.8-1.6 1.6V12h2.8l-.4 2.9h-2.3v7C18.3 21.1 22 17 22 12c0-5.5-4.5-10-10-10z\"><\/path><\/svg><span class=\"wp-block-social-link-label screen-reader-text\">Facebook<\/span><\/a><\/li><\/ul>\n\n\n\n<p><strong>Adresse : <\/strong><br>75, Route de la Lavande<br>26570 Montbrun-les-Bains<\/p>\n<\/div>\n<\/div>\n\n\n\n<ul style=\"margin-top:var(--wp--preset--spacing--superbspacing-small);margin-bottom:var(--wp--preset--spacing--superbspacing-small)\" class=\"wp-block-list\">\n<li class=\"has-superbfont-xxsmall-font-size\">Restaurant<\/li>\n\n\n\n<li class=\"has-superbfont-xxsmall-font-size\">Cave \u00e0 Vins &amp; Spiritueux<\/li>\n\n\n\n<li class=\"has-superbfont-xxsmall-font-size\">Terrasse<\/li>\n<\/ul>\n","protected":false},"excerpt":{"rendered":"<p>L&rsquo;O des Sources Ludovic Monier est aux commandes de la cuisine et vous proposera une cuisine simple, gustative et toujours bien pr\u00e9sent\u00e9e. Disciple d\u2019Escoffier, Jean-Michel vous fera d\u00e9couvrir la cave \u00e0 vins et saura vous orientez au mieux dans votre accord mets &amp; vins, que ce soit en s\u00e9lectionnant une bouteille ou avec son choix [&hellip;]<\/p>\n","protected":false},"author":1,"featured_media":0,"parent":0,"menu_order":0,"comment_status":"closed","ping_status":"closed","template":"","meta":{"footnotes":""},"wf_page_folders":[46],"class_list":["post-887","page","type-page","status-publish","hentry"],"_links":{"self":[{"href":"https:\/\/montbruncommerce.com\/index.php\/wp-json\/wp\/v2\/pages\/887","targetHints":{"allow":["GET"]}}],"collection":[{"href":"https:\/\/montbruncommerce.com\/index.php\/wp-json\/wp\/v2\/pages"}],"about":[{"href":"https:\/\/montbruncommerce.com\/index.php\/wp-json\/wp\/v2\/types\/page"}],"author":[{"embeddable":true,"href":"https:\/\/montbruncommerce.com\/index.php\/wp-json\/wp\/v2\/users\/1"}],"replies":[{"embeddable":true,"href":"https:\/\/montbruncommerce.com\/index.php\/wp-json\/wp\/v2\/comments?post=887"}],"version-history":[{"count":3,"href":"https:\/\/montbruncommerce.com\/index.php\/wp-json\/wp\/v2\/pages\/887\/revisions"}],"predecessor-version":[{"id":1050,"href":"https:\/\/montbruncommerce.com\/index.php\/wp-json\/wp\/v2\/pages\/887\/revisions\/1050"}],"wp:attachment":[{"href":"https:\/\/montbruncommerce.com\/index.php\/wp-json\/wp\/v2\/media?parent=887"}],"wp:term":[{"taxonomy":"wf_page_folders","embeddable":true,"href":"https:\/\/montbruncommerce.com\/index.php\/wp-json\/wp\/v2\/wf_page_folders?post=887"}],"curies":[{"name":"wp","href":"https:\/\/api.w.org\/{rel}","templated":true}]}}