{"id":874,"date":"2025-11-07T10:05:06","date_gmt":"2025-11-07T10:05:06","guid":{"rendered":"https:\/\/montbruncommerce.com\/?page_id=874"},"modified":"2025-12-17T18:17:22","modified_gmt":"2025-12-17T18:17:22","slug":"art-de-vivre-epicerie-fine","status":"publish","type":"page","link":"https:\/\/montbruncommerce.com\/index.php\/art-de-vivre-epicerie-fine\/","title":{"rendered":"Art de Vivre \/ Epicerie Fine"},"content":{"rendered":"\n<h2 class=\"wp-block-heading\">Monval Shop<\/h2>\n\n\n\n<div class=\"wp-block-columns is-layout-flex wp-container-core-columns-is-layout-28f84493 wp-block-columns-is-layout-flex\">\n<div class=\"wp-block-column is-layout-flow wp-block-column-is-layout-flow\" style=\"flex-basis:33.33%\">\n<figure class=\"wp-block-image size-full is-resized\"><img fetchpriority=\"high\" decoding=\"async\" width=\"567\" height=\"721\" src=\"https:\/\/montbruncommerce.com\/wp-content\/uploads\/2025\/11\/1000021284.jpeg\" alt=\"\" class=\"wp-image-876\" style=\"width:300px\" srcset=\"https:\/\/montbruncommerce.com\/wp-content\/uploads\/2025\/11\/1000021284.jpeg 567w, https:\/\/montbruncommerce.com\/wp-content\/uploads\/2025\/11\/1000021284-236x300.jpeg 236w\" sizes=\"(max-width: 567px) 100vw, 567px\" \/><\/figure>\n<\/div>\n\n\n\n<div class=\"wp-block-column is-layout-flow wp-block-column-is-layout-flow\" style=\"flex-basis:66.66%\">\n<p>Tracey vous accueille dans sa boutique de produits fins, enti\u00e8rement r\u00e9nov\u00e9e, o\u00f9 vous trouverez plein de choses sympathiques : Id\u00e9es Cadeaux, Vins &amp; Spiritueux, caf\u00e9s &amp; Th\u00e9s, Glaces artisanales &#8230;. <br><\/p>\n\n\n\n<p><\/p>\n<\/div>\n\n\n\n<div class=\"wp-block-column is-layout-flow wp-block-column-is-layout-flow\"><\/div>\n<\/div>\n\n\n\n<div class=\"wp-block-columns is-layout-flex wp-container-core-columns-is-layout-28f84493 wp-block-columns-is-layout-flex\">\n<div class=\"wp-block-column is-layout-flow wp-block-column-is-layout-flow\" style=\"flex-basis:33.33%\">\n<p><strong>Horaires :<\/strong><br>lundi Ferm\u00e9<br>mardi Ferm\u00e9<br>mercredi Ferm\u00e9<br>jeudi 10h30 &#8211; 17h00<br>vendredi 10h30 &#8211; 17h00<br>samedi 10h30 &#8211; 17h00<br>dimanche 10h30 &#8211; 17h00<\/p>\n\n\n\n<p><strong>Cong\u00e9s Annuels :<\/strong><br>Fermeture le 28 D\u00e9cembre 2025 jusqu&rsquo;\u00e0 d\u00e9but Mars 2026 <\/p>\n<\/div>\n\n\n\n<div class=\"wp-block-column is-layout-flow wp-block-column-is-layout-flow\" style=\"flex-basis:45%\">\n<p><strong>Contact :<\/strong><br>T\u00e9l\u00e9phone : 04 75 26 72 58<br>Email : <a href=\"mailto:monvalshop@gmail.com\">monvalshop@gmail.com<\/a><br>Site internet : <a href=\"https:\/\/www.o-des-sources.com\/monval-shop\/?fbclid=IwY2xjawN6obhleHRuA2FlbQIxMABzcnRjBmFwcF9pZBAyMjIwMzkxNzg4MjAwODkyAAEeeQ7w3Od6-TOyFm33Fz22LUsgxarvTRLex07A0Jk7-EcK6tDaaxSoXudvjWI_aem_dWDzVobLit9PBCKFzKwong\">monvalshop.fr<\/a><\/p>\n\n\n\n<ul class=\"wp-block-social-links is-layout-flex wp-block-social-links-is-layout-flex\"><li style=\"opacity: 0;\" superb-addons-animation=\"bounceIn\" class=\"wp-social-link wp-social-link-facebook  wp-block-social-link\"><a href=\"https:\/\/www.facebook.com\/MonvalShopMontbrun\" class=\"wp-block-social-link-anchor\"><svg width=\"24\" height=\"24\" viewBox=\"0 0 24 24\" version=\"1.1\" xmlns=\"http:\/\/www.w3.org\/2000\/svg\" aria-hidden=\"true\" focusable=\"false\"><path d=\"M12 2C6.5 2 2 6.5 2 12c0 5 3.7 9.1 8.4 9.9v-7H7.9V12h2.5V9.8c0-2.5 1.5-3.9 3.8-3.9 1.1 0 2.2.2 2.2.2v2.5h-1.3c-1.2 0-1.6.8-1.6 1.6V12h2.8l-.4 2.9h-2.3v7C18.3 21.1 22 17 22 12c0-5.5-4.5-10-10-10z\"><\/path><\/svg><span class=\"wp-block-social-link-label screen-reader-text\">Facebook<\/span><\/a><\/li><\/ul>\n\n\n\n<p><strong>Adresse : <\/strong><br>120, L\u2019Autin<br>26570 Montbrun-les-Bains<\/p>\n<\/div>\n<\/div>\n\n\n\n<ul class=\"wp-block-list\">\n<li class=\"has-superbfont-xxsmall-font-size\">D\u00e9coration \/ Art de Vivre<\/li>\n\n\n\n<li class=\"has-superbfont-xxsmall-font-size\">Cadeaux<\/li>\n\n\n\n<li class=\"has-superbfont-xxsmall-font-size\">Vins &amp; Spiritueux<\/li>\n\n\n\n<li class=\"has-superbfont-xxsmall-font-size\">Glaces artisanales<\/li>\n\n\n\n<li class=\"has-superbfont-xxsmall-font-size\">Epicerie fine<\/li>\n<\/ul>\n","protected":false},"excerpt":{"rendered":"<p>Monval Shop Tracey vous accueille dans sa boutique de produits fins, enti\u00e8rement r\u00e9nov\u00e9e, o\u00f9 vous trouverez plein de choses sympathiques : Id\u00e9es Cadeaux, Vins &amp; Spiritueux, caf\u00e9s &amp; Th\u00e9s, Glaces artisanales &#8230;. Horaires :lundi Ferm\u00e9mardi Ferm\u00e9mercredi Ferm\u00e9jeudi 10h30 &#8211; 17h00vendredi 10h30 &#8211; 17h00samedi 10h30 &#8211; 17h00dimanche 10h30 &#8211; 17h00 Cong\u00e9s Annuels :Fermeture le 28 D\u00e9cembre [&hellip;]<\/p>\n","protected":false},"author":1,"featured_media":0,"parent":0,"menu_order":0,"comment_status":"closed","ping_status":"closed","template":"","meta":{"footnotes":""},"wf_page_folders":[26],"class_list":["post-874","page","type-page","status-publish","hentry"],"_links":{"self":[{"href":"https:\/\/montbruncommerce.com\/index.php\/wp-json\/wp\/v2\/pages\/874","targetHints":{"allow":["GET"]}}],"collection":[{"href":"https:\/\/montbruncommerce.com\/index.php\/wp-json\/wp\/v2\/pages"}],"about":[{"href":"https:\/\/montbruncommerce.com\/index.php\/wp-json\/wp\/v2\/types\/page"}],"author":[{"embeddable":true,"href":"https:\/\/montbruncommerce.com\/index.php\/wp-json\/wp\/v2\/users\/1"}],"replies":[{"embeddable":true,"href":"https:\/\/montbruncommerce.com\/index.php\/wp-json\/wp\/v2\/comments?post=874"}],"version-history":[{"count":4,"href":"https:\/\/montbruncommerce.com\/index.php\/wp-json\/wp\/v2\/pages\/874\/revisions"}],"predecessor-version":[{"id":1083,"href":"https:\/\/montbruncommerce.com\/index.php\/wp-json\/wp\/v2\/pages\/874\/revisions\/1083"}],"wp:attachment":[{"href":"https:\/\/montbruncommerce.com\/index.php\/wp-json\/wp\/v2\/media?parent=874"}],"wp:term":[{"taxonomy":"wf_page_folders","embeddable":true,"href":"https:\/\/montbruncommerce.com\/index.php\/wp-json\/wp\/v2\/wf_page_folders?post=874"}],"curies":[{"name":"wp","href":"https:\/\/api.w.org\/{rel}","templated":true}]}}