{"id":850,"date":"2025-11-04T11:11:20","date_gmt":"2025-11-04T11:11:20","guid":{"rendered":"https:\/\/montbruncommerce.com\/?page_id=850"},"modified":"2026-03-03T14:50:13","modified_gmt":"2026-03-03T14:50:13","slug":"restauration-bar","status":"publish","type":"page","link":"https:\/\/montbruncommerce.com\/index.php\/restauration-bar\/","title":{"rendered":"Restauration \/ Bar"},"content":{"rendered":"\n<h2 class=\"wp-block-heading\">Bar \u00e0 Thym<\/h2>\n\n\n\n<div class=\"wp-block-columns is-layout-flex wp-container-core-columns-is-layout-28f84493 wp-block-columns-is-layout-flex\">\n<div class=\"wp-block-column is-layout-flow wp-block-column-is-layout-flow\" style=\"flex-basis:33.33%\">\n<figure class=\"wp-block-image size-full is-resized\"><img fetchpriority=\"high\" decoding=\"async\" width=\"567\" height=\"567\" src=\"https:\/\/montbruncommerce.com\/wp-content\/uploads\/2025\/10\/lebarathym.jpg\" alt=\"\" class=\"wp-image-745\" style=\"width:300px\" srcset=\"https:\/\/montbruncommerce.com\/wp-content\/uploads\/2025\/10\/lebarathym.jpg 567w, https:\/\/montbruncommerce.com\/wp-content\/uploads\/2025\/10\/lebarathym-300x300.jpg 300w, https:\/\/montbruncommerce.com\/wp-content\/uploads\/2025\/10\/lebarathym-150x150.jpg 150w\" sizes=\"(max-width: 567px) 100vw, 567px\" \/><\/figure>\n<\/div>\n\n\n\n<div class=\"wp-block-column is-layout-flow wp-block-column-is-layout-flow\" style=\"flex-basis:66.66%\">\n<p>Nadia et Momo enchanteront vos papilles avec leurs d\u00e9licieux plats m\u00e9diterran\u00e9ens et orientaux faits maison.<\/p>\n\n\n\n<p>Profitez de la terrasse \u00e0 l&rsquo;ombre des platanes, pour savourer les glaces ou les cocktails et profitez d&rsquo;un des concerts r\u00e9guli\u00e8rement organis\u00e9s.<\/p>\n\n\n\n<p><\/p>\n<\/div>\n\n\n\n<div class=\"wp-block-column is-layout-flow wp-block-column-is-layout-flow\"><\/div>\n<\/div>\n\n\n\n<div class=\"wp-block-columns is-layout-flex wp-container-core-columns-is-layout-28f84493 wp-block-columns-is-layout-flex\">\n<div class=\"wp-block-column is-layout-flow wp-block-column-is-layout-flow\" style=\"flex-basis:33.33%\">\n<p><strong>Horaires d&rsquo;Hiver :<\/strong><br>lundi 9h &#8211; 20h00<br>mardi 9h &#8211; 20h00<br>mercredi Ferm\u00e9<br>jeudi 9h &#8211; 14h30<br>vendredi 9h &#8211; 20h00<br>samedi 9h &#8211; 20h00<br>dimanche 9h &#8211; 20h00<\/p>\n\n\n\n<p><\/p>\n<\/div>\n\n\n\n<div class=\"wp-block-column is-layout-flow wp-block-column-is-layout-flow\" style=\"flex-basis:45%\">\n<p><strong>Contact :<\/strong><br>T\u00e9l\u00e9phone : 06 62 07 07 55<br>Email : <a href=\"mailto:nadiabekkali2907@live.fr\">nadiabekkali2907@live.fr<\/a><\/p>\n\n\n\n<ul class=\"wp-block-social-links is-layout-flex wp-block-social-links-is-layout-flex\"><li style=\"opacity: 0;\" superb-addons-animation=\"bounceIn\" class=\"wp-social-link wp-social-link-facebook  wp-block-social-link\"><a href=\"https:\/\/www.facebook.com\/profile.php?id=100065526878281&#038;locale=fr_FR\" class=\"wp-block-social-link-anchor\"><svg width=\"24\" height=\"24\" viewBox=\"0 0 24 24\" version=\"1.1\" xmlns=\"http:\/\/www.w3.org\/2000\/svg\" aria-hidden=\"true\" focusable=\"false\"><path d=\"M12 2C6.5 2 2 6.5 2 12c0 5 3.7 9.1 8.4 9.9v-7H7.9V12h2.5V9.8c0-2.5 1.5-3.9 3.8-3.9 1.1 0 2.2.2 2.2.2v2.5h-1.3c-1.2 0-1.6.8-1.6 1.6V12h2.8l-.4 2.9h-2.3v7C18.3 21.1 22 17 22 12c0-5.5-4.5-10-10-10z\"><\/path><\/svg><span class=\"wp-block-social-link-label screen-reader-text\">Facebook<\/span><\/a><\/li><\/ul>\n\n\n\n<p><strong>Adresse : <\/strong><br>Rue Notre Dame<br>26570 Montbrun-les-Bains<\/p>\n<\/div>\n<\/div>\n\n\n\n<ul style=\"margin-top:var(--wp--preset--spacing--superbspacing-small);margin-bottom:var(--wp--preset--spacing--superbspacing-small)\" class=\"wp-block-list\">\n<li class=\"has-superbfont-xxsmall-font-size\">Caf\u00e9<\/li>\n\n\n\n<li class=\"has-superbfont-xxsmall-font-size\">Cocktail<\/li>\n\n\n\n<li class=\"has-superbfont-xxsmall-font-size\">V\u00e9g\u00e9tarien \/ V\u00e9gan<\/li>\n\n\n\n<li class=\"has-superbfont-xxsmall-font-size\">Restaurant<\/li>\n<\/ul>\n\n\n\n<p><\/p>\n","protected":false},"excerpt":{"rendered":"<p>Bar \u00e0 Thym Nadia et Momo enchanteront vos papilles avec leurs d\u00e9licieux plats m\u00e9diterran\u00e9ens et orientaux faits maison. Profitez de la terrasse \u00e0 l&rsquo;ombre des platanes, pour savourer les glaces ou les cocktails et profitez d&rsquo;un des concerts r\u00e9guli\u00e8rement organis\u00e9s. Horaires d&rsquo;Hiver :lundi 9h &#8211; 20h00mardi 9h &#8211; 20h00mercredi Ferm\u00e9jeudi 9h &#8211; 14h30vendredi 9h &#8211; [&hellip;]<\/p>\n","protected":false},"author":1,"featured_media":0,"parent":0,"menu_order":0,"comment_status":"closed","ping_status":"closed","template":"","meta":{"footnotes":""},"wf_page_folders":[43],"class_list":["post-850","page","type-page","status-publish","hentry"],"_links":{"self":[{"href":"https:\/\/montbruncommerce.com\/index.php\/wp-json\/wp\/v2\/pages\/850","targetHints":{"allow":["GET"]}}],"collection":[{"href":"https:\/\/montbruncommerce.com\/index.php\/wp-json\/wp\/v2\/pages"}],"about":[{"href":"https:\/\/montbruncommerce.com\/index.php\/wp-json\/wp\/v2\/types\/page"}],"author":[{"embeddable":true,"href":"https:\/\/montbruncommerce.com\/index.php\/wp-json\/wp\/v2\/users\/1"}],"replies":[{"embeddable":true,"href":"https:\/\/montbruncommerce.com\/index.php\/wp-json\/wp\/v2\/comments?post=850"}],"version-history":[{"count":8,"href":"https:\/\/montbruncommerce.com\/index.php\/wp-json\/wp\/v2\/pages\/850\/revisions"}],"predecessor-version":[{"id":1162,"href":"https:\/\/montbruncommerce.com\/index.php\/wp-json\/wp\/v2\/pages\/850\/revisions\/1162"}],"wp:attachment":[{"href":"https:\/\/montbruncommerce.com\/index.php\/wp-json\/wp\/v2\/media?parent=850"}],"wp:term":[{"taxonomy":"wf_page_folders","embeddable":true,"href":"https:\/\/montbruncommerce.com\/index.php\/wp-json\/wp\/v2\/wf_page_folders?post=850"}],"curies":[{"name":"wp","href":"https:\/\/api.w.org\/{rel}","templated":true}]}}