{"id":697,"date":"2025-10-29T16:05:37","date_gmt":"2025-10-29T16:05:37","guid":{"rendered":"https:\/\/montbruncommerce.com\/?page_id=697"},"modified":"2025-11-20T12:25:18","modified_gmt":"2025-11-20T12:25:18","slug":"vie-quotidienne-la-poste","status":"publish","type":"page","link":"https:\/\/montbruncommerce.com\/index.php\/vie-quotidienne-la-poste\/","title":{"rendered":"Vie Quotidienne \/ La Poste"},"content":{"rendered":"\n<h2 class=\"wp-block-heading\">Agence Postale &amp; Banque Postale<\/h2>\n\n\n\n<div class=\"wp-block-columns is-layout-flex wp-container-core-columns-is-layout-28f84493 wp-block-columns-is-layout-flex\">\n<div class=\"wp-block-column is-layout-flow wp-block-column-is-layout-flow\" style=\"flex-basis:33.33%\">\n<figure class=\"wp-block-image size-full is-resized\"><img fetchpriority=\"high\" decoding=\"async\" width=\"803\" height=\"1000\" src=\"https:\/\/montbruncommerce.com\/wp-content\/uploads\/2025\/11\/LA-POSTE.jpeg\" alt=\"Photo de la fa\u00e7ade de la Poste et Banque Postale\" class=\"wp-image-995\" style=\"width:300px\" srcset=\"https:\/\/montbruncommerce.com\/wp-content\/uploads\/2025\/11\/LA-POSTE.jpeg 803w, https:\/\/montbruncommerce.com\/wp-content\/uploads\/2025\/11\/LA-POSTE-241x300.jpeg 241w, https:\/\/montbruncommerce.com\/wp-content\/uploads\/2025\/11\/LA-POSTE-768x956.jpeg 768w\" sizes=\"(max-width: 803px) 100vw, 803px\" \/><\/figure>\n<\/div>\n\n\n\n<div class=\"wp-block-column is-layout-flow wp-block-column-is-layout-flow\" style=\"flex-basis:66.66%\">\n<p>\u2022 Services Envoi de courriers et colis<br>\u2022 Services Bancaires<\/p>\n\n\n\n<p><\/p>\n\n\n\n<p><\/p>\n\n\n\n<p><\/p>\n<\/div>\n\n\n\n<div class=\"wp-block-column is-layout-flow wp-block-column-is-layout-flow\"><\/div>\n<\/div>\n\n\n\n<div class=\"wp-block-columns is-layout-flex wp-container-core-columns-is-layout-28f84493 wp-block-columns-is-layout-flex\">\n<div class=\"wp-block-column is-layout-flow wp-block-column-is-layout-flow\" style=\"flex-basis:33.33%\">\n<p><strong>Horaires :<\/strong><br>Retrouvez les horaires d&rsquo;ouverture \u00e0 jour sur: <a href=\"https:\/\/localiser.laposte.fr\/drome\/montbrun-les-bains\/montbrun-les-bains-mairie-262610\">laposte.fr<\/a><\/p>\n\n\n\n<p><br><\/p>\n<\/div>\n\n\n\n<div class=\"wp-block-column is-layout-flow wp-block-column-is-layout-flow\" style=\"flex-basis:45%\">\n<p><strong>Contact :<\/strong><br>T\u00e9l\u00e9phone :&nbsp;La Poste : 3631 \u2022 La Banque Postale : 3639<br>Site internet : <a href=\"https:\/\/localiser.laposte.fr\/drome\/montbrun-les-bains\/montbrun-les-bains-mairie-262610\">laposte.fr<\/a><br><\/p>\n\n\n\n<p><strong>Adresse : <\/strong><br>25 L&rsquo;Autin<br>26570 Montbrun-les-Bains<\/p>\n<\/div>\n<\/div>\n","protected":false},"excerpt":{"rendered":"<p>Agence Postale &amp; Banque Postale \u2022 Services Envoi de courriers et colis\u2022 Services Bancaires Horaires :Retrouvez les horaires d&rsquo;ouverture \u00e0 jour sur: laposte.fr Contact :T\u00e9l\u00e9phone :&nbsp;La Poste : 3631 \u2022 La Banque Postale : 3639Site internet : laposte.fr Adresse : 25 L&rsquo;Autin26570 Montbrun-les-Bains<\/p>\n","protected":false},"author":1,"featured_media":0,"parent":0,"menu_order":0,"comment_status":"closed","ping_status":"closed","template":"","meta":{"footnotes":""},"wf_page_folders":[66],"class_list":["post-697","page","type-page","status-publish","hentry"],"_links":{"self":[{"href":"https:\/\/montbruncommerce.com\/index.php\/wp-json\/wp\/v2\/pages\/697","targetHints":{"allow":["GET"]}}],"collection":[{"href":"https:\/\/montbruncommerce.com\/index.php\/wp-json\/wp\/v2\/pages"}],"about":[{"href":"https:\/\/montbruncommerce.com\/index.php\/wp-json\/wp\/v2\/types\/page"}],"author":[{"embeddable":true,"href":"https:\/\/montbruncommerce.com\/index.php\/wp-json\/wp\/v2\/users\/1"}],"replies":[{"embeddable":true,"href":"https:\/\/montbruncommerce.com\/index.php\/wp-json\/wp\/v2\/comments?post=697"}],"version-history":[{"count":4,"href":"https:\/\/montbruncommerce.com\/index.php\/wp-json\/wp\/v2\/pages\/697\/revisions"}],"predecessor-version":[{"id":1011,"href":"https:\/\/montbruncommerce.com\/index.php\/wp-json\/wp\/v2\/pages\/697\/revisions\/1011"}],"wp:attachment":[{"href":"https:\/\/montbruncommerce.com\/index.php\/wp-json\/wp\/v2\/media?parent=697"}],"wp:term":[{"taxonomy":"wf_page_folders","embeddable":true,"href":"https:\/\/montbruncommerce.com\/index.php\/wp-json\/wp\/v2\/wf_page_folders?post=697"}],"curies":[{"name":"wp","href":"https:\/\/api.w.org\/{rel}","templated":true}]}}