{"id":679,"date":"2025-10-29T15:15:17","date_gmt":"2025-10-29T15:15:17","guid":{"rendered":"https:\/\/montbruncommerce.com\/?page_id=679"},"modified":"2025-11-20T12:21:31","modified_gmt":"2025-11-20T12:21:31","slug":"vie-quotidienne-cabinet-medical","status":"publish","type":"page","link":"https:\/\/montbruncommerce.com\/index.php\/vie-quotidienne-cabinet-medical\/","title":{"rendered":"Vie Quotidienne \/ Cabinet M\u00e9dical"},"content":{"rendered":"\n<h2 class=\"wp-block-heading\">Maison M\u00e9dicale<\/h2>\n\n\n\n<div class=\"wp-block-columns is-layout-flex wp-container-core-columns-is-layout-28f84493 wp-block-columns-is-layout-flex\">\n<div class=\"wp-block-column is-layout-flow wp-block-column-is-layout-flow\" style=\"flex-basis:33.33%\">\n<figure class=\"wp-block-image size-full is-resized\"><img fetchpriority=\"high\" decoding=\"async\" width=\"1000\" height=\"749\" src=\"https:\/\/montbruncommerce.com\/wp-content\/uploads\/2025\/11\/Cabinet-Medical.jpeg\" alt=\"Photo de la fa\u00e7ade du cabinet m\u00e9dical et infirmier\" class=\"wp-image-989\" style=\"width:300px\" srcset=\"https:\/\/montbruncommerce.com\/wp-content\/uploads\/2025\/11\/Cabinet-Medical.jpeg 1000w, https:\/\/montbruncommerce.com\/wp-content\/uploads\/2025\/11\/Cabinet-Medical-300x225.jpeg 300w, https:\/\/montbruncommerce.com\/wp-content\/uploads\/2025\/11\/Cabinet-Medical-768x575.jpeg 768w\" sizes=\"(max-width: 1000px) 100vw, 1000px\" \/><\/figure>\n<\/div>\n\n\n\n<div class=\"wp-block-column is-layout-flow wp-block-column-is-layout-flow\" style=\"flex-basis:66.66%\">\n<p>Cabinet regroupant 2 m\u00e9decins g\u00e9n\u00e9ralistes et 7 infirmi\u00e8res. <\/p>\n\n\n\n<p>Pour les Urgences, <\/p>\n\n\n\n<p>Composez le 15 ou le 112 (Urgences Europ\u00e9ennes).<\/p>\n\n\n\n<p><\/p>\n<\/div>\n\n\n\n<div class=\"wp-block-column is-layout-flow wp-block-column-is-layout-flow\"><\/div>\n<\/div>\n\n\n\n<div class=\"wp-block-columns is-layout-flex wp-container-core-columns-is-layout-28f84493 wp-block-columns-is-layout-flex\">\n<div class=\"wp-block-column is-layout-flow wp-block-column-is-layout-flow\" style=\"flex-basis:33.33%\">\n<p><strong>Horaires :<\/strong><br>Ouverture au Public sur RDV Uniquement.<\/p>\n\n\n\n<p><br><\/p>\n<\/div>\n\n\n\n<div class=\"wp-block-column is-layout-flow wp-block-column-is-layout-flow\" style=\"flex-basis:45%\">\n<p><strong>Contact :<\/strong><br>T\u00e9l\u00e9phone : 04 75 28 68 92<br><\/p>\n\n\n\n<p><strong>Adresse : <\/strong><br>50 La Condamine<br>26570 Montbrun-les-Bains<\/p>\n<\/div>\n<\/div>\n","protected":false},"excerpt":{"rendered":"<p>Maison M\u00e9dicale Cabinet regroupant 2 m\u00e9decins g\u00e9n\u00e9ralistes et 7 infirmi\u00e8res. Pour les Urgences, Composez le 15 ou le 112 (Urgences Europ\u00e9ennes). Horaires :Ouverture au Public sur RDV Uniquement. Contact :T\u00e9l\u00e9phone : 04 75 28 68 92 Adresse : 50 La Condamine26570 Montbrun-les-Bains<\/p>\n","protected":false},"author":1,"featured_media":0,"parent":0,"menu_order":0,"comment_status":"closed","ping_status":"closed","template":"","meta":{"footnotes":""},"wf_page_folders":[60],"class_list":["post-679","page","type-page","status-publish","hentry"],"_links":{"self":[{"href":"https:\/\/montbruncommerce.com\/index.php\/wp-json\/wp\/v2\/pages\/679","targetHints":{"allow":["GET"]}}],"collection":[{"href":"https:\/\/montbruncommerce.com\/index.php\/wp-json\/wp\/v2\/pages"}],"about":[{"href":"https:\/\/montbruncommerce.com\/index.php\/wp-json\/wp\/v2\/types\/page"}],"author":[{"embeddable":true,"href":"https:\/\/montbruncommerce.com\/index.php\/wp-json\/wp\/v2\/users\/1"}],"replies":[{"embeddable":true,"href":"https:\/\/montbruncommerce.com\/index.php\/wp-json\/wp\/v2\/comments?post=679"}],"version-history":[{"count":5,"href":"https:\/\/montbruncommerce.com\/index.php\/wp-json\/wp\/v2\/pages\/679\/revisions"}],"predecessor-version":[{"id":1008,"href":"https:\/\/montbruncommerce.com\/index.php\/wp-json\/wp\/v2\/pages\/679\/revisions\/1008"}],"wp:attachment":[{"href":"https:\/\/montbruncommerce.com\/index.php\/wp-json\/wp\/v2\/media?parent=679"}],"wp:term":[{"taxonomy":"wf_page_folders","embeddable":true,"href":"https:\/\/montbruncommerce.com\/index.php\/wp-json\/wp\/v2\/wf_page_folders?post=679"}],"curies":[{"name":"wp","href":"https:\/\/api.w.org\/{rel}","templated":true}]}}