{"id":664,"date":"2025-10-29T14:43:32","date_gmt":"2025-10-29T14:43:32","guid":{"rendered":"https:\/\/montbruncommerce.com\/?page_id=664"},"modified":"2025-11-20T12:23:37","modified_gmt":"2025-11-20T12:23:37","slug":"vie-quotidienne-banque","status":"publish","type":"page","link":"https:\/\/montbruncommerce.com\/index.php\/vie-quotidienne-banque\/","title":{"rendered":"Vie Quotidienne \/ Banque"},"content":{"rendered":"\n<h2 class=\"wp-block-heading\">Agence Bancaire Cr\u00e9dit Agricole<\/h2>\n\n\n\n<div class=\"wp-block-columns is-layout-flex wp-container-core-columns-is-layout-28f84493 wp-block-columns-is-layout-flex\">\n<div class=\"wp-block-column is-layout-flow wp-block-column-is-layout-flow\" style=\"flex-basis:33.33%\">\n<figure class=\"wp-block-image size-full is-resized\"><img fetchpriority=\"high\" decoding=\"async\" width=\"1000\" height=\"738\" src=\"https:\/\/montbruncommerce.com\/wp-content\/uploads\/2025\/11\/CA.jpeg\" alt=\"Photo de la fa\u00e7ade de l'agence du cr\u00e9dit agricole\" class=\"wp-image-993\" style=\"width:300px\" srcset=\"https:\/\/montbruncommerce.com\/wp-content\/uploads\/2025\/11\/CA.jpeg 1000w, https:\/\/montbruncommerce.com\/wp-content\/uploads\/2025\/11\/CA-300x221.jpeg 300w, https:\/\/montbruncommerce.com\/wp-content\/uploads\/2025\/11\/CA-768x567.jpeg 768w\" sizes=\"(max-width: 1000px) 100vw, 1000px\" \/><\/figure>\n<\/div>\n\n\n\n<div class=\"wp-block-column is-layout-flow wp-block-column-is-layout-flow\" style=\"flex-basis:66.66%\">\n<p>Didier et son \u00e9quipe sont \u00e0 votre \u00e9coute et votre service.<\/p>\n\n\n\n<p>Services :<br>\u2022 Distributeur Automatique \u00e0 l&rsquo;ext\u00e9rieur<br>\u2022 Acc\u00e8s Handicap\u00e9 <\/p>\n\n\n\n<p><\/p>\n<\/div>\n\n\n\n<div class=\"wp-block-column is-layout-flow wp-block-column-is-layout-flow\"><\/div>\n<\/div>\n\n\n\n<div class=\"wp-block-columns is-layout-flex wp-container-core-columns-is-layout-28f84493 wp-block-columns-is-layout-flex\">\n<div class=\"wp-block-column is-layout-flow wp-block-column-is-layout-flow\" style=\"flex-basis:33.33%\">\n<p><strong>Horaires :<\/strong><br>Ouverture au Public sur RDV Uniquement.<\/p>\n\n\n\n<p>Horaires actualis\u00e9s en cliquant sur :  <a href=\"https:\/\/www.credit-agricole.fr\/particulier\/agence\/sud-rhone-alpes\/agence-de-montbrun-les-bains-4255.html\">www.credit-agricole.fr<\/a><\/p>\n\n\n\n<p><br><\/p>\n<\/div>\n\n\n\n<div class=\"wp-block-column is-layout-flow wp-block-column-is-layout-flow\" style=\"flex-basis:45%\">\n<p><strong>Contact :<\/strong><br>T\u00e9l\u00e9phone : 04 75 84 94 06<br>Email : <a href=\"mailto:sederon@ca-sudrhonealpes.fr\">sederon@ca-sudrhonealpes.fr<\/a><br>Site internet : <a href=\"https:\/\/www.credit-agricole.fr\/particulier\/agence\/sud-rhone-alpes\/agence-de-montbrun-les-bains-4255.html\">www.credit-agricole.fr<\/a><\/p>\n\n\n\n<p><strong>Adresse : <\/strong><br>Le Village<br>26570 Montbrun-les-Bains<\/p>\n<\/div>\n<\/div>\n","protected":false},"excerpt":{"rendered":"<p>Agence Bancaire Cr\u00e9dit Agricole Didier et son \u00e9quipe sont \u00e0 votre \u00e9coute et votre service. Services :\u2022 Distributeur Automatique \u00e0 l&rsquo;ext\u00e9rieur\u2022 Acc\u00e8s Handicap\u00e9 Horaires :Ouverture au Public sur RDV Uniquement. Horaires actualis\u00e9s en cliquant sur : www.credit-agricole.fr Contact :T\u00e9l\u00e9phone : 04 75 84 94 06Email : sederon@ca-sudrhonealpes.frSite internet : www.credit-agricole.fr Adresse : Le Village26570 Montbrun-les-Bains<\/p>\n","protected":false},"author":1,"featured_media":0,"parent":0,"menu_order":0,"comment_status":"closed","ping_status":"closed","template":"","meta":{"footnotes":""},"wf_page_folders":[64],"class_list":["post-664","page","type-page","status-publish","hentry"],"_links":{"self":[{"href":"https:\/\/montbruncommerce.com\/index.php\/wp-json\/wp\/v2\/pages\/664","targetHints":{"allow":["GET"]}}],"collection":[{"href":"https:\/\/montbruncommerce.com\/index.php\/wp-json\/wp\/v2\/pages"}],"about":[{"href":"https:\/\/montbruncommerce.com\/index.php\/wp-json\/wp\/v2\/types\/page"}],"author":[{"embeddable":true,"href":"https:\/\/montbruncommerce.com\/index.php\/wp-json\/wp\/v2\/users\/1"}],"replies":[{"embeddable":true,"href":"https:\/\/montbruncommerce.com\/index.php\/wp-json\/wp\/v2\/comments?post=664"}],"version-history":[{"count":5,"href":"https:\/\/montbruncommerce.com\/index.php\/wp-json\/wp\/v2\/pages\/664\/revisions"}],"predecessor-version":[{"id":1009,"href":"https:\/\/montbruncommerce.com\/index.php\/wp-json\/wp\/v2\/pages\/664\/revisions\/1009"}],"wp:attachment":[{"href":"https:\/\/montbruncommerce.com\/index.php\/wp-json\/wp\/v2\/media?parent=664"}],"wp:term":[{"taxonomy":"wf_page_folders","embeddable":true,"href":"https:\/\/montbruncommerce.com\/index.php\/wp-json\/wp\/v2\/wf_page_folders?post=664"}],"curies":[{"name":"wp","href":"https:\/\/api.w.org\/{rel}","templated":true}]}}