{"id":654,"date":"2025-10-29T14:21:02","date_gmt":"2025-10-29T14:21:02","guid":{"rendered":"https:\/\/montbruncommerce.com\/?page_id=654"},"modified":"2025-11-20T12:24:40","modified_gmt":"2025-11-20T12:24:40","slug":"vie-quotidienne-pharmacie","status":"publish","type":"page","link":"https:\/\/montbruncommerce.com\/index.php\/vie-quotidienne-pharmacie\/","title":{"rendered":"Vie Quotidienne \/ Pharmacie"},"content":{"rendered":"\n<h2 class=\"wp-block-heading\">Pharmacie des Thermes<\/h2>\n\n\n\n<div class=\"wp-block-columns is-layout-flex wp-container-core-columns-is-layout-28f84493 wp-block-columns-is-layout-flex\">\n<div class=\"wp-block-column is-layout-flow wp-block-column-is-layout-flow\" style=\"flex-basis:33.33%\">\n<figure class=\"wp-block-image size-full is-resized\"><img fetchpriority=\"high\" decoding=\"async\" width=\"1000\" height=\"750\" src=\"https:\/\/montbruncommerce.com\/wp-content\/uploads\/2025\/11\/PHARMACIE.jpeg\" alt=\"Photo de la fa\u00e7ade de la pharmacie des Thermes\" class=\"wp-image-985\" style=\"width:300px\" srcset=\"https:\/\/montbruncommerce.com\/wp-content\/uploads\/2025\/11\/PHARMACIE.jpeg 1000w, https:\/\/montbruncommerce.com\/wp-content\/uploads\/2025\/11\/PHARMACIE-300x225.jpeg 300w, https:\/\/montbruncommerce.com\/wp-content\/uploads\/2025\/11\/PHARMACIE-768x576.jpeg 768w\" sizes=\"(max-width: 1000px) 100vw, 1000px\" \/><\/figure>\n<\/div>\n\n\n\n<div class=\"wp-block-column is-layout-flow wp-block-column-is-layout-flow\" style=\"flex-basis:66.66%\">\n<p>Fran\u00e7oise &amp; Sonia saura toujours vous conseiller pour votre traitement m\u00e9dical ainsi que vos attentes en aromath\u00e9rapie, phytoth\u00e9rapie et hom\u00e9opathie.<\/p>\n\n\n\n<p><\/p>\n\n\n\n<p><\/p>\n<\/div>\n\n\n\n<div class=\"wp-block-column is-layout-flow wp-block-column-is-layout-flow\"><\/div>\n<\/div>\n\n\n\n<div class=\"wp-block-columns is-layout-flex wp-container-core-columns-is-layout-28f84493 wp-block-columns-is-layout-flex\">\n<div class=\"wp-block-column is-layout-flow wp-block-column-is-layout-flow\" style=\"flex-basis:33.33%\">\n<p><strong>Horaires :<\/strong><br>lundi 9h00 &#8211; 12h30 \/  15h00 &#8211; 19h30<br>mardi 9h00 &#8211; 12h30 \/  15h00 &#8211; 19h30<br>mercredi 9h00 &#8211; 12h30 \/  15h00 &#8211; 19h30<br>jeudi 9h00 &#8211; 12h30 \/  15h00 &#8211; 19h30<br>vendredi 9h00 &#8211; 12h30 \/  15h00 &#8211; 19h30<br>samedi 9h00 &#8211; 12h30<br>dimanche Ferm\u00e9<\/p>\n\n\n\n<p><br><\/p>\n<\/div>\n\n\n\n<div class=\"wp-block-column is-layout-flow wp-block-column-is-layout-flow\" style=\"flex-basis:45%\">\n<p><strong>Contact :<\/strong><br>T\u00e9l\u00e9phone : 04 75 28 80 41<br>Email : <a href=\"mailto:pharmaciedemontbrun@gmail.com\">pharmaciedemontbrun@gmail.com<\/a><br>Site internet : <a href=\"http:\/\/www.pharmacie-des-thermes-montbrun-les-bains.fr\">www.pharmacie-des-thermes-montbrun-les-bains.fr<\/a><\/p>\n\n\n\n<p><strong>Adresse : <\/strong><br>Le Village<br>26570 Montbrun-les-Bains<\/p>\n<\/div>\n<\/div>\n","protected":false},"excerpt":{"rendered":"<p>Pharmacie des Thermes Fran\u00e7oise &amp; Sonia saura toujours vous conseiller pour votre traitement m\u00e9dical ainsi que vos attentes en aromath\u00e9rapie, phytoth\u00e9rapie et hom\u00e9opathie. Horaires :lundi 9h00 &#8211; 12h30 \/ 15h00 &#8211; 19h30mardi 9h00 &#8211; 12h30 \/ 15h00 &#8211; 19h30mercredi 9h00 &#8211; 12h30 \/ 15h00 &#8211; 19h30jeudi 9h00 &#8211; 12h30 \/ 15h00 &#8211; 19h30vendredi 9h00 &#8211; [&hellip;]<\/p>\n","protected":false},"author":1,"featured_media":0,"parent":0,"menu_order":0,"comment_status":"closed","ping_status":"closed","template":"","meta":{"footnotes":""},"wf_page_folders":[65],"class_list":["post-654","page","type-page","status-publish","hentry"],"_links":{"self":[{"href":"https:\/\/montbruncommerce.com\/index.php\/wp-json\/wp\/v2\/pages\/654","targetHints":{"allow":["GET"]}}],"collection":[{"href":"https:\/\/montbruncommerce.com\/index.php\/wp-json\/wp\/v2\/pages"}],"about":[{"href":"https:\/\/montbruncommerce.com\/index.php\/wp-json\/wp\/v2\/types\/page"}],"author":[{"embeddable":true,"href":"https:\/\/montbruncommerce.com\/index.php\/wp-json\/wp\/v2\/users\/1"}],"replies":[{"embeddable":true,"href":"https:\/\/montbruncommerce.com\/index.php\/wp-json\/wp\/v2\/comments?post=654"}],"version-history":[{"count":5,"href":"https:\/\/montbruncommerce.com\/index.php\/wp-json\/wp\/v2\/pages\/654\/revisions"}],"predecessor-version":[{"id":1010,"href":"https:\/\/montbruncommerce.com\/index.php\/wp-json\/wp\/v2\/pages\/654\/revisions\/1010"}],"wp:attachment":[{"href":"https:\/\/montbruncommerce.com\/index.php\/wp-json\/wp\/v2\/media?parent=654"}],"wp:term":[{"taxonomy":"wf_page_folders","embeddable":true,"href":"https:\/\/montbruncommerce.com\/index.php\/wp-json\/wp\/v2\/wf_page_folders?post=654"}],"curies":[{"name":"wp","href":"https:\/\/api.w.org\/{rel}","templated":true}]}}