{"id":614,"date":"2025-10-24T14:44:44","date_gmt":"2025-10-24T14:44:44","guid":{"rendered":"https:\/\/montbruncommerce.com\/?page_id=614"},"modified":"2026-02-03T10:58:34","modified_gmt":"2026-02-03T10:58:34","slug":"cafe-tabac-presse","status":"publish","type":"page","link":"https:\/\/montbruncommerce.com\/index.php\/cafe-tabac-presse\/","title":{"rendered":"Caf\u00e9 Tabac Presse"},"content":{"rendered":"\n<h2 class=\"wp-block-heading\">Caf\u00e9 des Tilleuls<\/h2>\n\n\n\n<div class=\"wp-block-columns is-layout-flex wp-container-core-columns-is-layout-28f84493 wp-block-columns-is-layout-flex\">\n<div class=\"wp-block-column is-layout-flow wp-block-column-is-layout-flow\" style=\"flex-basis:33.33%\">\n<figure class=\"wp-block-image size-full is-resized\"><img fetchpriority=\"high\" decoding=\"async\" width=\"1425\" height=\"1293\" src=\"https:\/\/montbruncommerce.com\/wp-content\/uploads\/2025\/10\/Screenshot-2025-10-24-at-17.53.30.jpeg\" alt=\"\" class=\"wp-image-630\" style=\"width:300px\" srcset=\"https:\/\/montbruncommerce.com\/wp-content\/uploads\/2025\/10\/Screenshot-2025-10-24-at-17.53.30.jpeg 1425w, https:\/\/montbruncommerce.com\/wp-content\/uploads\/2025\/10\/Screenshot-2025-10-24-at-17.53.30-300x272.jpeg 300w, https:\/\/montbruncommerce.com\/wp-content\/uploads\/2025\/10\/Screenshot-2025-10-24-at-17.53.30-1024x929.jpeg 1024w, https:\/\/montbruncommerce.com\/wp-content\/uploads\/2025\/10\/Screenshot-2025-10-24-at-17.53.30-768x697.jpeg 768w\" sizes=\"(max-width: 1425px) 100vw, 1425px\" \/><\/figure>\n<\/div>\n\n\n\n<div class=\"wp-block-column is-layout-flow wp-block-column-is-layout-flow\" style=\"flex-basis:66.66%\">\n<p>Agn\u00e8s vous accueille tout au long de la journ\u00e9e pour un petit caf\u00e9 ou un petit ap\u00e9ro.<\/p>\n\n\n\n<p>Par ailleurs, Agn\u00e8s met \u00e0 votre disposition une tr\u00e8s large panoplie de services de proximit\u00e9 :<\/p>\n\n\n\n<ul class=\"wp-block-list\">\n<li>Banque : Point relais du Cr\u00e9dit Agricole et de Nirio (retrait, d\u00e9p\u00f4t d&rsquo;esp\u00e8ce, cash back avec les autres banques).<\/li>\n\n\n\n<li>Paiement des d\u00e9penses du quotidien en toute simplicit\u00e9 avec Nirio : Imp\u00f4ts, PV, Timbres fiscaux, cantine scolaire, CROUS, EDF, R\u00e9gies d&rsquo;Eaux, bailleurs sociaux, P\u00e9age en flux libre et m\u00eame ses billets d&rsquo;avions (voir d\u00e9tail des prestataires directement dans l&rsquo;\u00e9tablissement).<\/li>\n<\/ul>\n<\/div>\n\n\n\n<div class=\"wp-block-column is-layout-flow wp-block-column-is-layout-flow\"><\/div>\n<\/div>\n\n\n\n<div class=\"wp-block-columns is-layout-flex wp-container-core-columns-is-layout-28f84493 wp-block-columns-is-layout-flex\">\n<div class=\"wp-block-column is-layout-flow wp-block-column-is-layout-flow\" style=\"flex-basis:33.33%\">\n<p><strong>Horaires d&rsquo;Hiver :<\/strong><br>lundi 7h30 &#8211; 19h00<br>mardi 7h30 &#8211; 19h30<br>mercredi Ferm\u00e9<br>jeudi 7h30 &#8211; 19h00<br>vendredi 7h30 &#8211; 19h00<br>samedi 7h00 &#8211; 19h00<br>dimanche Ferm\u00e9<\/p>\n\n\n\n<p><\/p>\n<\/div>\n\n\n\n<div class=\"wp-block-column is-layout-flow wp-block-column-is-layout-flow\" style=\"flex-basis:45%\">\n<p><strong>Contact :<\/strong><br>T\u00e9l\u00e9phone : 06 49 27 25 30 (8h-19h)<br>Email : <a href=\"mailto:cafedutilleul@gmail.com\">cafedutilleul@gmail.com<\/a><\/p>\n\n\n\n<p><strong>Adresse : <\/strong><br>Le Village<br>26570 Montbrun-les-Bains<\/p>\n<\/div>\n<\/div>\n\n\n\n<ul style=\"margin-top:var(--wp--preset--spacing--superbspacing-small);margin-bottom:var(--wp--preset--spacing--superbspacing-small)\" class=\"wp-block-list\">\n<li class=\"has-superbfont-xxsmall-font-size\">Caf\u00e9<\/li>\n\n\n\n<li class=\"has-superbfont-xxsmall-font-size\">Tabac<\/li>\n\n\n\n<li class=\"has-superbfont-xxsmall-font-size\">Presse<\/li>\n\n\n\n<li class=\"has-superbfont-xxsmall-font-size\">Services de proximit\u00e9<\/li>\n<\/ul>\n\n\n\n<p><\/p>\n","protected":false},"excerpt":{"rendered":"<p>Caf\u00e9 des Tilleuls Agn\u00e8s vous accueille tout au long de la journ\u00e9e pour un petit caf\u00e9 ou un petit ap\u00e9ro. Par ailleurs, Agn\u00e8s met \u00e0 votre disposition une tr\u00e8s large panoplie de services de proximit\u00e9 : Horaires d&rsquo;Hiver :lundi 7h30 &#8211; 19h00mardi 7h30 &#8211; 19h30mercredi Ferm\u00e9jeudi 7h30 &#8211; 19h00vendredi 7h30 &#8211; 19h00samedi 7h00 &#8211; 19h00dimanche [&hellip;]<\/p>\n","protected":false},"author":1,"featured_media":0,"parent":0,"menu_order":0,"comment_status":"closed","ping_status":"closed","template":"","meta":{"footnotes":""},"wf_page_folders":[34],"class_list":["post-614","page","type-page","status-publish","hentry"],"_links":{"self":[{"href":"https:\/\/montbruncommerce.com\/index.php\/wp-json\/wp\/v2\/pages\/614","targetHints":{"allow":["GET"]}}],"collection":[{"href":"https:\/\/montbruncommerce.com\/index.php\/wp-json\/wp\/v2\/pages"}],"about":[{"href":"https:\/\/montbruncommerce.com\/index.php\/wp-json\/wp\/v2\/types\/page"}],"author":[{"embeddable":true,"href":"https:\/\/montbruncommerce.com\/index.php\/wp-json\/wp\/v2\/users\/1"}],"replies":[{"embeddable":true,"href":"https:\/\/montbruncommerce.com\/index.php\/wp-json\/wp\/v2\/comments?post=614"}],"version-history":[{"count":19,"href":"https:\/\/montbruncommerce.com\/index.php\/wp-json\/wp\/v2\/pages\/614\/revisions"}],"predecessor-version":[{"id":1129,"href":"https:\/\/montbruncommerce.com\/index.php\/wp-json\/wp\/v2\/pages\/614\/revisions\/1129"}],"wp:attachment":[{"href":"https:\/\/montbruncommerce.com\/index.php\/wp-json\/wp\/v2\/media?parent=614"}],"wp:term":[{"taxonomy":"wf_page_folders","embeddable":true,"href":"https:\/\/montbruncommerce.com\/index.php\/wp-json\/wp\/v2\/wf_page_folders?post=614"}],"curies":[{"name":"wp","href":"https:\/\/api.w.org\/{rel}","templated":true}]}}