{"id":564,"date":"2025-10-17T20:28:24","date_gmt":"2025-10-17T20:28:24","guid":{"rendered":"https:\/\/montbruncommerce.com\/?page_id=564"},"modified":"2026-03-10T14:43:28","modified_gmt":"2026-03-10T14:43:28","slug":"restauration-2","status":"publish","type":"page","link":"https:\/\/montbruncommerce.com\/index.php\/restauration-2\/","title":{"rendered":"Restauration"},"content":{"rendered":"\n<h2 class=\"wp-block-heading\">Chez Panine<\/h2>\n\n\n\n<div class=\"wp-block-columns is-layout-flex wp-container-core-columns-is-layout-28f84493 wp-block-columns-is-layout-flex\">\n<div class=\"wp-block-column is-layout-flow wp-block-column-is-layout-flow\" style=\"flex-basis:33.33%\">\n<figure class=\"wp-block-image size-full is-resized\"><img decoding=\"async\" src=\"https:\/\/montbruncommerce.com\/wp-content\/uploads\/2025\/10\/CHEZ-PANINE-Photo-facade.jpg\" alt=\"\" class=\"wp-image-565\" style=\"width:300px\"\/><\/figure>\n<\/div>\n\n\n\n<div class=\"wp-block-column is-layout-flow wp-block-column-is-layout-flow\" style=\"flex-basis:66.66%\">\n<p>Dans une ambiance chaleureuse et familiale, Chez Panine, vous propose:<br>&#8211; Pizzas artisanales au feu de bois<br>&#8211; Viandes au feu de bois<br>&#8211; L\u00e9gumes de saison<br>&#8211; Frites fraiches maison<br>&#8211; Salades compos\u00e9es<br>&#8211; Poissons \u00e0 la plancha<\/p>\n\n\n\n<p>Le tout \u00e9videmment locavore, et artisanal<br>Chez Panine O berge de l\u2019Anary, a des pratiques \u00e9coresponsables en mati\u00e8re de :<br>&#8211; approvisionnement<br>&#8211; entretien<br>&#8211; gestion des d\u00e9chets<br>&#8211; lutte contre le gaspillage alimentaire<\/p>\n<\/div>\n<\/div>\n\n\n\n<div class=\"wp-block-columns is-layout-flex wp-container-core-columns-is-layout-28f84493 wp-block-columns-is-layout-flex\">\n<div class=\"wp-block-column is-layout-flow wp-block-column-is-layout-flow\" style=\"flex-basis:33.33%\">\n<p><strong>Horaires :<\/strong><br>lundi Ferm\u00e9<br>mardi Ferm\u00e9<br>mercredi 12h00 &#8211; 13h30 \/ 19h00 &#8211; 21h00<br>jeudi 12h00 &#8211; 13h30 \/ 19h00 &#8211; 21h00<br>vendredi 12h00 &#8211; 13h30 \/ 19h00 &#8211; 21h00<br>samedi 12h00 &#8211; 13h30 \/ 19h00 &#8211; 21h00<br>dimanche 12h00 &#8211; 13h30 \/ 19h00 &#8211; 21h00<\/p>\n<\/div>\n\n\n\n<div class=\"wp-block-column is-layout-flow wp-block-column-is-layout-flow\" style=\"flex-basis:45%\">\n<p><strong>Contact :<\/strong><br>T\u00e9l\u00e9phone : 04 75 28 88 14<\/p>\n\n\n\n<p><strong>Adresse : <\/strong><br>85, Route des Alpes<br>26570 Montbrun-les-Bains<\/p>\n<\/div>\n<\/div>\n\n\n\n<ul style=\"margin-top:var(--wp--preset--spacing--superbspacing-small);margin-bottom:var(--wp--preset--spacing--superbspacing-small)\" class=\"wp-block-list\">\n<li class=\"has-superbfont-xxsmall-font-size\">Restaurant<\/li>\n\n\n\n<li class=\"has-superbfont-xxsmall-font-size\">Pizzeria<\/li>\n<\/ul>\n","protected":false},"excerpt":{"rendered":"<p>Chez Panine Dans une ambiance chaleureuse et familiale, Chez Panine, vous propose:&#8211; Pizzas artisanales au feu de bois&#8211; Viandes au feu de bois&#8211; L\u00e9gumes de saison&#8211; Frites fraiches maison&#8211; Salades compos\u00e9es&#8211; Poissons \u00e0 la plancha Le tout \u00e9videmment locavore, et artisanalChez Panine O berge de l\u2019Anary, a des pratiques \u00e9coresponsables en mati\u00e8re de :&#8211; approvisionnement&#8211; [&hellip;]<\/p>\n","protected":false},"author":1,"featured_media":0,"parent":0,"menu_order":0,"comment_status":"closed","ping_status":"closed","template":"","meta":{"footnotes":""},"wf_page_folders":[71],"class_list":["post-564","page","type-page","status-publish","hentry"],"_links":{"self":[{"href":"https:\/\/montbruncommerce.com\/index.php\/wp-json\/wp\/v2\/pages\/564","targetHints":{"allow":["GET"]}}],"collection":[{"href":"https:\/\/montbruncommerce.com\/index.php\/wp-json\/wp\/v2\/pages"}],"about":[{"href":"https:\/\/montbruncommerce.com\/index.php\/wp-json\/wp\/v2\/types\/page"}],"author":[{"embeddable":true,"href":"https:\/\/montbruncommerce.com\/index.php\/wp-json\/wp\/v2\/users\/1"}],"replies":[{"embeddable":true,"href":"https:\/\/montbruncommerce.com\/index.php\/wp-json\/wp\/v2\/comments?post=564"}],"version-history":[{"count":8,"href":"https:\/\/montbruncommerce.com\/index.php\/wp-json\/wp\/v2\/pages\/564\/revisions"}],"predecessor-version":[{"id":1175,"href":"https:\/\/montbruncommerce.com\/index.php\/wp-json\/wp\/v2\/pages\/564\/revisions\/1175"}],"wp:attachment":[{"href":"https:\/\/montbruncommerce.com\/index.php\/wp-json\/wp\/v2\/media?parent=564"}],"wp:term":[{"taxonomy":"wf_page_folders","embeddable":true,"href":"https:\/\/montbruncommerce.com\/index.php\/wp-json\/wp\/v2\/wf_page_folders?post=564"}],"curies":[{"name":"wp","href":"https:\/\/api.w.org\/{rel}","templated":true}]}}