{"id":561,"date":"2025-10-17T20:21:32","date_gmt":"2025-10-17T20:21:32","guid":{"rendered":"https:\/\/montbruncommerce.com\/?page_id=561"},"modified":"2026-03-03T19:55:32","modified_gmt":"2026-03-03T19:55:32","slug":"restauration-pizzeria","status":"publish","type":"page","link":"https:\/\/montbruncommerce.com\/index.php\/restauration-pizzeria\/","title":{"rendered":"Restauration \/ Pizzeria"},"content":{"rendered":"\n<h2 class=\"wp-block-heading\">La Tentation<\/h2>\n\n\n\n<div class=\"wp-block-columns is-layout-flex wp-container-core-columns-is-layout-28f84493 wp-block-columns-is-layout-flex\">\n<div class=\"wp-block-column is-layout-flow wp-block-column-is-layout-flow\" style=\"flex-basis:33.33%\">\n<figure class=\"wp-block-image size-full is-resized\" style=\"margin-top:0;margin-right:0;margin-bottom:0;margin-left:0\"><img decoding=\"async\" src=\"https:\/\/montbruncommerce.com\/wp-content\/uploads\/2025\/10\/TENTATION_Photo-Facade-by-ALM.jpg\" alt=\"\" class=\"wp-image-562\" style=\"aspect-ratio:1;object-fit:cover;width:300px\"\/><\/figure>\n<\/div>\n\n\n\n<div class=\"wp-block-column is-layout-flow wp-block-column-is-layout-flow\" style=\"flex-basis:66.66%\">\n<p>Gianni et son \u00e9quipe, c&rsquo;est une cuisine originale et g\u00e9n\u00e9reuse : belles grillades au feu de bois, ros\u00e9 frais, salades croquantes et parfum\u00e9es et chaque jour de nouvelles suggestions \u00e0 d\u00e9couvrir.<\/p>\n\n\n\n<p>Le Restaurant-Pizz\u00e9ria \u00ab\u00a0La Tentation\u00a0\u00bb vous accueille au c\u0153ur du village avec une cuisine originale et g\u00e9n\u00e9reuse : grillades au feu de bois, ros\u00e9 frais, salades croquantes et parfum\u00e9es et chaque jour de nouvelles suggestions \u00e0 d\u00e9couvrir&#8230; Mais rassurez-vous, vos pizzas pr\u00e9f\u00e9r\u00e9es seront, elles-aussi au rendez-vous sur place ou \u00e0 emporter.<\/p>\n<\/div>\n<\/div>\n\n\n\n<div class=\"wp-block-columns is-layout-flex wp-container-core-columns-is-layout-28f84493 wp-block-columns-is-layout-flex\">\n<div class=\"wp-block-column is-layout-flow wp-block-column-is-layout-flow\" style=\"flex-basis:33.33%\">\n<p><strong>Horaires :<\/strong><br>lundi 11h30 &#8211; 13h30 \/ Ferm\u00e9<br>mardi 11h30 &#8211; 13h30 \/ Ferm\u00e9<br>mercredi 11h30 &#8211; 13h30 \/ 18h30 &#8211; 21h00<br>jeudi 11h30 &#8211; 13h30 \/ 18h30 &#8211; 21h00<br>vendredi 11h30 &#8211; 13h30 \/ 18h30 &#8211; 21h00<br>samedi Ferm\u00e9<br>dimanche 11h30 &#8211; 13h30 \/ 18h30 &#8211; 21h00<\/p>\n\n\n\n<p><\/p>\n<\/div>\n\n\n\n<div class=\"wp-block-column is-layout-flow wp-block-column-is-layout-flow\" style=\"flex-basis:45%\">\n<p><strong>Contact :<\/strong><br>T\u00e9l\u00e9phone : 04 75 28 87 26<br>Email : <a href=\"mailto:azzip26570@gmail.com\">azzip26570@gmail.com<\/a><br><\/p>\n\n\n\n<ul class=\"wp-block-social-links is-layout-flex wp-block-social-links-is-layout-flex\"><li style=\"opacity: 0;\" superb-addons-animation=\"bounceIn\" class=\"wp-social-link wp-social-link-facebook  wp-block-social-link\"><a href=\"https:\/\/www.facebook.com\/p\/Pizzeria-La-Tentation-100063583689724\/?locale=fr_FR\" class=\"wp-block-social-link-anchor\"><svg width=\"24\" height=\"24\" viewBox=\"0 0 24 24\" version=\"1.1\" xmlns=\"http:\/\/www.w3.org\/2000\/svg\" aria-hidden=\"true\" focusable=\"false\"><path d=\"M12 2C6.5 2 2 6.5 2 12c0 5 3.7 9.1 8.4 9.9v-7H7.9V12h2.5V9.8c0-2.5 1.5-3.9 3.8-3.9 1.1 0 2.2.2 2.2.2v2.5h-1.3c-1.2 0-1.6.8-1.6 1.6V12h2.8l-.4 2.9h-2.3v7C18.3 21.1 22 17 22 12c0-5.5-4.5-10-10-10z\"><\/path><\/svg><span class=\"wp-block-social-link-label screen-reader-text\">Facebook<\/span><\/a><\/li><\/ul>\n\n\n\n<p><strong>Adresse : <\/strong><br>15, Rue Notre Dame<br>26570 Montbrun-les-Bains<\/p>\n<\/div>\n<\/div>\n\n\n\n<ul style=\"margin-top:var(--wp--preset--spacing--superbspacing-small);margin-bottom:var(--wp--preset--spacing--superbspacing-small)\" class=\"wp-block-list\">\n<li class=\"has-superbfont-xxsmall-font-size\">Restaurant<\/li>\n\n\n\n<li class=\"has-superbfont-xxsmall-font-size\">Pizzeria<\/li>\n<\/ul>\n\n\n\n<p><\/p>\n","protected":false},"excerpt":{"rendered":"<p>La Tentation Gianni et son \u00e9quipe, c&rsquo;est une cuisine originale et g\u00e9n\u00e9reuse : belles grillades au feu de bois, ros\u00e9 frais, salades croquantes et parfum\u00e9es et chaque jour de nouvelles suggestions \u00e0 d\u00e9couvrir. Le Restaurant-Pizz\u00e9ria \u00ab\u00a0La Tentation\u00a0\u00bb vous accueille au c\u0153ur du village avec une cuisine originale et g\u00e9n\u00e9reuse : grillades au feu de bois, [&hellip;]<\/p>\n","protected":false},"author":1,"featured_media":0,"parent":0,"menu_order":0,"comment_status":"closed","ping_status":"closed","template":"","meta":{"footnotes":""},"wf_page_folders":[31],"class_list":["post-561","page","type-page","status-publish","hentry"],"_links":{"self":[{"href":"https:\/\/montbruncommerce.com\/index.php\/wp-json\/wp\/v2\/pages\/561","targetHints":{"allow":["GET"]}}],"collection":[{"href":"https:\/\/montbruncommerce.com\/index.php\/wp-json\/wp\/v2\/pages"}],"about":[{"href":"https:\/\/montbruncommerce.com\/index.php\/wp-json\/wp\/v2\/types\/page"}],"author":[{"embeddable":true,"href":"https:\/\/montbruncommerce.com\/index.php\/wp-json\/wp\/v2\/users\/1"}],"replies":[{"embeddable":true,"href":"https:\/\/montbruncommerce.com\/index.php\/wp-json\/wp\/v2\/comments?post=561"}],"version-history":[{"count":11,"href":"https:\/\/montbruncommerce.com\/index.php\/wp-json\/wp\/v2\/pages\/561\/revisions"}],"predecessor-version":[{"id":1166,"href":"https:\/\/montbruncommerce.com\/index.php\/wp-json\/wp\/v2\/pages\/561\/revisions\/1166"}],"wp:attachment":[{"href":"https:\/\/montbruncommerce.com\/index.php\/wp-json\/wp\/v2\/media?parent=561"}],"wp:term":[{"taxonomy":"wf_page_folders","embeddable":true,"href":"https:\/\/montbruncommerce.com\/index.php\/wp-json\/wp\/v2\/wf_page_folders?post=561"}],"curies":[{"name":"wp","href":"https:\/\/api.w.org\/{rel}","templated":true}]}}