{"id":504,"date":"2025-10-09T11:09:34","date_gmt":"2025-10-09T11:09:34","guid":{"rendered":"https:\/\/montbruncommerce.com\/?page_id=504"},"modified":"2026-04-07T18:37:30","modified_gmt":"2026-04-07T18:37:30","slug":"restauration-epicerie-bio","status":"publish","type":"page","link":"https:\/\/montbruncommerce.com\/index.php\/restauration-epicerie-bio\/","title":{"rendered":"Epicerie Bio"},"content":{"rendered":"\n<h2 class=\"wp-block-heading\">Natura Ventoux Association<\/h2>\n\n\n\n<div class=\"wp-block-columns is-layout-flex wp-container-core-columns-is-layout-28f84493 wp-block-columns-is-layout-flex\">\n<div class=\"wp-block-column is-layout-flow wp-block-column-is-layout-flow\" style=\"flex-basis:33.33%\">\n<figure class=\"wp-block-image size-full is-resized\"><img fetchpriority=\"high\" decoding=\"async\" width=\"567\" height=\"255\" src=\"https:\/\/montbruncommerce.com\/wp-content\/uploads\/2025\/10\/naturaventoux.jpeg\" alt=\"\" class=\"wp-image-501\" style=\"width:300px\" srcset=\"https:\/\/montbruncommerce.com\/wp-content\/uploads\/2025\/10\/naturaventoux.jpeg 567w, https:\/\/montbruncommerce.com\/wp-content\/uploads\/2025\/10\/naturaventoux-300x135.jpeg 300w\" sizes=\"(max-width: 567px) 100vw, 567px\" \/><\/figure>\n<\/div>\n\n\n\n<div class=\"wp-block-column is-layout-flow wp-block-column-is-layout-flow\" style=\"flex-basis:66.66%\">\n<p>Association cr\u00e9\u00e9e pour favoriser les circuits courts et l\u2019agriculture bio.&nbsp;<br>Vous trouverez majoritairement des productions locales : fruits, l\u00e9gumes, pains, fromages, vins, mais aussi un large choix de produits frais, \u00e9picerie s\u00e8che et produits d\u2019hygi\u00e8ne.<\/p>\n\n\n\n<p>33 fournisseurs directs sur la Dr\u00f4me et trois d\u00e9partements limitrophes ! Un pari de l&rsquo;association : soutenir les productions locales et r\u00e9gionales, limiter les transports et proposer des produits dont la certification en bio se veut un gage de qualit\u00e9 pour la sant\u00e9 de ses adh\u00e9rents et de ses clients. Espace de vente de 80 m<sup>2<\/sup> ouvert toute l&rsquo;ann\u00e9e. Une association cr\u00e9\u00e9e en 2010 comprenant des salari\u00e9.es et soutenue par des b\u00e9n\u00e9voles.<\/p>\n\n\n\n<p><\/p>\n<\/div>\n\n\n\n<div class=\"wp-block-column is-layout-flow wp-block-column-is-layout-flow\"><\/div>\n<\/div>\n\n\n\n<div class=\"wp-block-columns is-layout-flex wp-container-core-columns-is-layout-28f84493 wp-block-columns-is-layout-flex\">\n<div class=\"wp-block-column is-layout-flow wp-block-column-is-layout-flow\" style=\"flex-basis:33.33%\">\n<p><strong>Horaires :<\/strong><br><em>\u00e0 compter du <strong>6 avril 2026<\/strong><\/em><\/p>\n\n\n\n<p><strong>lundi<\/strong> 9h30 &#8211; 13h \/ 15h30 &#8211; 18h30<br><strong>mardi<\/strong> 9h30 &#8211; 13h \/ 15H30 &#8211; 18h30<br><strong>mercredi<\/strong> 9h30 &#8211; 13h \/ 15h30 &#8211; 18h30<br><strong>jeudi <\/strong>9h30 &#8211; 13h \/ 15h30 &#8211; 18h30<br><strong>vendredi<\/strong> 9h30 &#8211; 13h \/ 15h30 &#8211; 18h30<br><strong>samedi<\/strong> 9h30 &#8211; 13h<br>dimanche Ferm\u00e9<br><\/p>\n<\/div>\n\n\n\n<div class=\"wp-block-column is-layout-flow wp-block-column-is-layout-flow\" style=\"flex-basis:45%\">\n<p><strong>Contact :<\/strong><br>T\u00e9l\u00e9phone : 04 75 27 05 62<br>Email : <a href=\"mailto:naturaventoux@gmail.com\">naturaventoux@gmail.com<\/a><br><\/p>\n\n\n\n<p><strong>Adresse : <\/strong><br> 145, La Condamine<br> 26570 Montbrun-les-Bains<\/p>\n<\/div>\n<\/div>\n\n\n\n<ul style=\"margin-top:var(--wp--preset--spacing--superbspacing-small);margin-bottom:var(--wp--preset--spacing--superbspacing-small)\" class=\"wp-block-list\">\n<li class=\"has-superbfont-xxsmall-font-size\"><strong>\u00c9picerie bio<\/strong><\/li>\n<\/ul>\n\n\n\n<p><\/p>\n","protected":false},"excerpt":{"rendered":"<p>Natura Ventoux Association Association cr\u00e9\u00e9e pour favoriser les circuits courts et l\u2019agriculture bio.&nbsp;Vous trouverez majoritairement des productions locales : fruits, l\u00e9gumes, pains, fromages, vins, mais aussi un large choix de produits frais, \u00e9picerie s\u00e8che et produits d\u2019hygi\u00e8ne. 33 fournisseurs directs sur la Dr\u00f4me et trois d\u00e9partements limitrophes ! Un pari de l&rsquo;association : soutenir les [&hellip;]<\/p>\n","protected":false},"author":1,"featured_media":0,"parent":0,"menu_order":0,"comment_status":"closed","ping_status":"closed","template":"","meta":{"footnotes":""},"wf_page_folders":[38],"class_list":["post-504","page","type-page","status-publish","hentry"],"_links":{"self":[{"href":"https:\/\/montbruncommerce.com\/index.php\/wp-json\/wp\/v2\/pages\/504","targetHints":{"allow":["GET"]}}],"collection":[{"href":"https:\/\/montbruncommerce.com\/index.php\/wp-json\/wp\/v2\/pages"}],"about":[{"href":"https:\/\/montbruncommerce.com\/index.php\/wp-json\/wp\/v2\/types\/page"}],"author":[{"embeddable":true,"href":"https:\/\/montbruncommerce.com\/index.php\/wp-json\/wp\/v2\/users\/1"}],"replies":[{"embeddable":true,"href":"https:\/\/montbruncommerce.com\/index.php\/wp-json\/wp\/v2\/comments?post=504"}],"version-history":[{"count":14,"href":"https:\/\/montbruncommerce.com\/index.php\/wp-json\/wp\/v2\/pages\/504\/revisions"}],"predecessor-version":[{"id":1231,"href":"https:\/\/montbruncommerce.com\/index.php\/wp-json\/wp\/v2\/pages\/504\/revisions\/1231"}],"wp:attachment":[{"href":"https:\/\/montbruncommerce.com\/index.php\/wp-json\/wp\/v2\/media?parent=504"}],"wp:term":[{"taxonomy":"wf_page_folders","embeddable":true,"href":"https:\/\/montbruncommerce.com\/index.php\/wp-json\/wp\/v2\/wf_page_folders?post=504"}],"curies":[{"name":"wp","href":"https:\/\/api.w.org\/{rel}","templated":true}]}}