{"id":427,"date":"2025-10-07T16:03:34","date_gmt":"2025-10-07T16:03:34","guid":{"rendered":"https:\/\/montbruncommerce.com\/?page_id=427"},"modified":"2025-10-29T18:06:22","modified_gmt":"2025-10-29T18:06:22","slug":"preparez-votre-sejour","status":"publish","type":"page","link":"https:\/\/montbruncommerce.com\/index.php\/preparez-votre-sejour\/","title":{"rendered":"Pr\u00e9parez votre s\u00e9jour"},"content":{"rendered":"\n<h2 class=\"wp-block-heading\">H\u00e9bergement<\/h2>\n\n\n\n<p>Montbrun-les-Bains dispose d&rsquo;une grande capacit\u00e9 d&rsquo;accueil pour les nombreux curistes et touristes : h\u00f4tel, villages vacances, g\u00eetes, chambres d&rsquo;h\u00f4tes, camping, aire de camping car&#8230; vous trouverez ais\u00e9ment un h\u00e9bergement adapt\u00e9 \u00e0 vos besoins.<\/p>\n\n\n\n<h2 class=\"wp-block-heading\">Le quotidien \u00e0 Montbrun-les-Bains<\/h2>\n\n\n\n<p>Il est facile de vivre \u00e0 Montbrun-les-Bains, vous b\u00e9n\u00e9ficiez tout d&rsquo;abord d&rsquo;un environnement exceptionnel : dans le d\u00e9partement de la Dr\u00f4me \u00e0 proximit\u00e9 du Vaucluse, des Alpes de Haute Provence et des Hautes Alpes, vous \u00eates en R\u00e9gion Auvergne Rhone Alpes, mais \u00e0 quelques kilom\u00e8tres seulement de la R\u00e9gion Provence Alpes C\u00f4te d&rsquo;Azur !<\/p>\n\n\n\n<p>Au pied du Mont Ventoux, dans le Parc Naturel R\u00e9gional des Baronnies Proven\u00e7ales, vous \u00eates au coeur de la nature.<\/p>\n\n\n\n<p>La vie quotidienne au village est grandement facilit\u00e9e par les nombreux services pr\u00e9sents sur place : m\u00e9decin, infirmiers, pharmacie, sup\u00e9rette de proximit\u00e9, boulangerie, de nombreux commer\u00e7ants, artisans et restaurateurs. De m\u00eame pour les loisirs : vous trouverez dans un rayon de quelques kilom\u00e8tres de tr\u00e8s nombreuses activit\u00e9s !<\/p>\n\n\n\n<h2 class=\"wp-block-heading\">Comment venir \u00e0 Montbrun-les-Bains<\/h2>\n\n\n\n<p><strong>Sans voiture<\/strong>\u00a0:<br>De la gare d\u2019Avignon prendre une correspondance pour Carpentras (par train ou bus ligne n\u00b05).<br>De Carpentras vous pouvez b\u00e9n\u00e9ficier du service de correspondance de transport \u00e0 la demande g\u00e9r\u00e9 par le D\u00e9partement qui vous permet sur r\u00e9servation de venir jusqu\u2019\u00e0 Montbrun (SRADDA). Il vous faut pour cela appeler le num\u00e9ro suivant <strong>au moins 24h \u00e0 l\u2019avance<\/strong> :\u00a0<a href=\"tel:0428612626\">04 28 61 26 26<\/a> (Fonctionne du lundi au samedi, sauf jours f\u00e9ri\u00e9s.)<\/p>\n\n\n\n<p>Vous pouvez sinon choisir de prendre un taxi :<br>Taxi V\u0153ux : 04 75 28 85 12 \/ 06 82 12 44 42.<\/p>\n\n\n\n<p><strong>En voiture<\/strong>&nbsp;:<br>Du nord : A7 sortie Boll\u00e8ne puis direction Vaison-la-Romaine, Entrechaux, Mollans-sur-Ouv\u00e8ze et Montbrun par Saint-L\u00e9ger-du-Ventoux.<br>Du sud : A7, sortie Orange ou Avignon Nord direction Carpentras puis Sault, Aurel et Montbrun.&nbsp;<br>Nous sommes \u00e0 75km de Boll\u00e8ne, Orange et Avignon, \u00e0 50 km de Nyons, \u00e0 55km de Sisteron et Carpentras.<\/p>\n\n\n\n<p><\/p>\n","protected":false},"excerpt":{"rendered":"<p>H\u00e9bergement Montbrun-les-Bains dispose d&rsquo;une grande capacit\u00e9 d&rsquo;accueil pour les nombreux curistes et touristes : h\u00f4tel, villages vacances, g\u00eetes, chambres d&rsquo;h\u00f4tes, camping, aire de camping car&#8230; vous trouverez ais\u00e9ment un h\u00e9bergement adapt\u00e9 \u00e0 vos besoins. Le quotidien \u00e0 Montbrun-les-Bains Il est facile de vivre \u00e0 Montbrun-les-Bains, vous b\u00e9n\u00e9ficiez tout d&rsquo;abord d&rsquo;un environnement exceptionnel : dans le [&hellip;]<\/p>\n","protected":false},"author":1,"featured_media":0,"parent":0,"menu_order":0,"comment_status":"closed","ping_status":"closed","template":"","meta":{"footnotes":""},"wf_page_folders":[14],"class_list":["post-427","page","type-page","status-publish","hentry"],"_links":{"self":[{"href":"https:\/\/montbruncommerce.com\/index.php\/wp-json\/wp\/v2\/pages\/427","targetHints":{"allow":["GET"]}}],"collection":[{"href":"https:\/\/montbruncommerce.com\/index.php\/wp-json\/wp\/v2\/pages"}],"about":[{"href":"https:\/\/montbruncommerce.com\/index.php\/wp-json\/wp\/v2\/types\/page"}],"author":[{"embeddable":true,"href":"https:\/\/montbruncommerce.com\/index.php\/wp-json\/wp\/v2\/users\/1"}],"replies":[{"embeddable":true,"href":"https:\/\/montbruncommerce.com\/index.php\/wp-json\/wp\/v2\/comments?post=427"}],"version-history":[{"count":8,"href":"https:\/\/montbruncommerce.com\/index.php\/wp-json\/wp\/v2\/pages\/427\/revisions"}],"predecessor-version":[{"id":806,"href":"https:\/\/montbruncommerce.com\/index.php\/wp-json\/wp\/v2\/pages\/427\/revisions\/806"}],"wp:attachment":[{"href":"https:\/\/montbruncommerce.com\/index.php\/wp-json\/wp\/v2\/media?parent=427"}],"wp:term":[{"taxonomy":"wf_page_folders","embeddable":true,"href":"https:\/\/montbruncommerce.com\/index.php\/wp-json\/wp\/v2\/wf_page_folders?post=427"}],"curies":[{"name":"wp","href":"https:\/\/api.w.org\/{rel}","templated":true}]}}