{"id":411,"date":"2025-10-07T15:43:17","date_gmt":"2025-10-07T15:43:17","guid":{"rendered":"https:\/\/montbruncommerce.com\/?page_id=411"},"modified":"2025-10-07T15:53:15","modified_gmt":"2025-10-07T15:53:15","slug":"montbrun-les-bains","status":"publish","type":"page","link":"https:\/\/montbruncommerce.com\/index.php\/montbrun-les-bains\/","title":{"rendered":"Montbrun-les-Bains"},"content":{"rendered":"\n<p><\/p>\n\n\n\n<div class=\"wp-block-group alignfull has-mono-4-background-color has-background has-global-padding is-layout-constrained wp-container-core-group-is-layout-8bbd0b3b wp-block-group-is-layout-constrained\" style=\"margin-top:0;margin-bottom:0;padding-top:var(--wp--preset--spacing--superbspacing-large);padding-right:var(--wp--preset--spacing--superbspacing-small);padding-bottom:var(--wp--preset--spacing--superbspacing-large);padding-left:var(--wp--preset--spacing--superbspacing-small)\">\n<div class=\"wp-block-columns alignwide is-layout-flex wp-container-core-columns-is-layout-25593187 wp-block-columns-is-layout-flex\">\n<div class=\"wp-block-column is-vertically-aligned-center is-layout-flow wp-container-core-column-is-layout-a1628350 wp-block-column-is-layout-flow\" style=\"padding-top:0;padding-right:0;padding-bottom:0;padding-left:0\">\n<div class=\"wp-block-group is-layout-flow wp-container-core-group-is-layout-ff697075 wp-block-group-is-layout-flow\">\n<p class=\"has-featured-color has-text-color has-link-color has-superbfont-small-font-size wp-elements-439604b7c01c87b338ea357525d00d7b\">Village Thermal<\/p>\n\n\n\n<h3 class=\"wp-block-heading has-text-align-left has-superbfont-xlarge-font-size\" style=\"line-height:1.2\">L&rsquo;eau<\/h3>\n\n\n\n<p class=\"has-text-align-left has-mono-2-color has-text-color has-superbfont-small-font-size\">L&rsquo;eau est omnipr\u00e9sente \u00e0 Montbrun-les-Bains, que ce soit celle de nos 16 fontaines, celle des deux rivi\u00e8res qui traversent la commune ou celle des nombreux petits ruisseaux qui d\u00e9valent les collines entourant le village.<\/p>\n\n\n\n<p class=\"has-text-align-left has-mono-2-color has-text-color has-superbfont-small-font-size\">Celle utilis\u00e9e aux Thermes de Montbrun-les-Bains est sulfur\u00e9e calcique, magn\u00e9sienne neutre avec d\u00e9gagement d\u2019hydrog\u00e8ne sulfur\u00e9. Elle est capt\u00e9e \u00e0 proximit\u00e9 du village \u00e0 une temp\u00e9rature de 12\u00b0C et est utilis\u00e9e pour les soins en rhumatologie et pour le traitement des voies respiratoires.<\/p>\n<\/div>\n<\/div>\n\n\n\n<div class=\"wp-block-column is-vertically-aligned-center is-layout-flow wp-container-core-column-is-layout-40a2a7e8 wp-block-column-is-layout-flow\" style=\"padding-right:0;padding-bottom:0;padding-left:0\">\n<figure class=\"wp-block-image size-full\"><img fetchpriority=\"high\" decoding=\"async\" width=\"546\" height=\"546\" src=\"https:\/\/montbruncommerce.com\/wp-content\/uploads\/2025\/10\/maineteau-1.jpg\" alt=\"\" class=\"wp-image-421\" srcset=\"https:\/\/montbruncommerce.com\/wp-content\/uploads\/2025\/10\/maineteau-1.jpg 546w, https:\/\/montbruncommerce.com\/wp-content\/uploads\/2025\/10\/maineteau-1-300x300.jpg 300w, https:\/\/montbruncommerce.com\/wp-content\/uploads\/2025\/10\/maineteau-1-150x150.jpg 150w\" sizes=\"(max-width: 546px) 100vw, 546px\" \/><\/figure>\n<\/div>\n<\/div>\n<\/div>\n\n\n\n<div class=\"wp-block-group alignfull has-mono-4-background-color has-background has-global-padding is-layout-constrained wp-container-core-group-is-layout-8bbd0b3b wp-block-group-is-layout-constrained\" style=\"margin-top:0;margin-bottom:0;padding-top:var(--wp--preset--spacing--superbspacing-large);padding-right:var(--wp--preset--spacing--superbspacing-small);padding-bottom:var(--wp--preset--spacing--superbspacing-large);padding-left:var(--wp--preset--spacing--superbspacing-small)\">\n<div class=\"wp-block-columns alignwide is-layout-flex wp-container-core-columns-is-layout-25593187 wp-block-columns-is-layout-flex\">\n<div class=\"wp-block-column is-vertically-aligned-center is-layout-flow wp-container-core-column-is-layout-40a2a7e8 wp-block-column-is-layout-flow\" style=\"padding-right:0;padding-bottom:0;padding-left:0\">\n<figure class=\"wp-block-image size-large has-custom-border\"><img decoding=\"async\" width=\"1024\" height=\"1024\" src=\"https:\/\/montbruncommerce.com\/wp-content\/uploads\/2025\/10\/montbrunvue-1024x1024.jpg\" alt=\"\" class=\"wp-image-424\" style=\"border-radius:0px\" srcset=\"https:\/\/montbruncommerce.com\/wp-content\/uploads\/2025\/10\/montbrunvue-1024x1024.jpg 1024w, https:\/\/montbruncommerce.com\/wp-content\/uploads\/2025\/10\/montbrunvue-300x300.jpg 300w, https:\/\/montbruncommerce.com\/wp-content\/uploads\/2025\/10\/montbrunvue-150x150.jpg 150w, https:\/\/montbruncommerce.com\/wp-content\/uploads\/2025\/10\/montbrunvue-768x768.jpg 768w, https:\/\/montbruncommerce.com\/wp-content\/uploads\/2025\/10\/montbrunvue.jpg 1134w\" sizes=\"(max-width: 1024px) 100vw, 1024px\" \/><\/figure>\n<\/div>\n\n\n\n<div class=\"wp-block-column is-vertically-aligned-center is-layout-flow wp-container-core-column-is-layout-a1628350 wp-block-column-is-layout-flow\" style=\"padding-top:0;padding-right:0;padding-bottom:0;padding-left:0\">\n<div class=\"wp-block-group is-layout-flow wp-container-core-group-is-layout-ff697075 wp-block-group-is-layout-flow\">\n<p class=\"has-featured-color has-text-color has-link-color has-superbfont-small-font-size wp-elements-16b6829d30de45370c73fb4b9ab19d16\">Village M\u00e9di\u00e9val<\/p>\n\n\n\n<h3 class=\"wp-block-heading has-text-align-left has-superbfont-xlarge-font-size\" style=\"line-height:1.2\">L&rsquo;histoire<\/h3>\n\n\n\n<p class=\"has-text-align-left has-mono-2-color has-text-color has-superbfont-small-font-size\">Village perch\u00e9, dominant une plaine baign\u00e9e de lavande et de soleil, Montbrun-les-Bains est l\u2019endroit r\u00eav\u00e9 pour un s\u00e9jour reposant et d\u00e9paysant.<\/p>\n\n\n\n<p class=\"has-text-align-left has-mono-2-color has-text-color has-superbfont-small-font-size\">Les maisons tout en hauteur prot\u00e8gent les vestiges d\u2019un ancien ch\u00e2teau m\u00e9di\u00e9val hant\u00e9 par le souvenir de son seigneur : Charles du Puy Montbrun. Capitaine Huguenot pendant les guerres de religion, il est encore aujourd&rsquo;hui le sujet de contes et de l\u00e9gendes locales.<\/p>\n<\/div>\n<\/div>\n<\/div>\n<\/div>\n","protected":false},"excerpt":{"rendered":"<p>Village Thermal L&rsquo;eau L&rsquo;eau est omnipr\u00e9sente \u00e0 Montbrun-les-Bains, que ce soit celle de nos 16 fontaines, celle des deux rivi\u00e8res qui traversent la commune ou celle des nombreux petits ruisseaux qui d\u00e9valent les collines entourant le village. Celle utilis\u00e9e aux Thermes de Montbrun-les-Bains est sulfur\u00e9e calcique, magn\u00e9sienne neutre avec d\u00e9gagement d\u2019hydrog\u00e8ne sulfur\u00e9. Elle est capt\u00e9e [&hellip;]<\/p>\n","protected":false},"author":1,"featured_media":0,"parent":0,"menu_order":0,"comment_status":"closed","ping_status":"closed","template":"","meta":{"footnotes":""},"wf_page_folders":[14],"class_list":["post-411","page","type-page","status-publish","hentry"],"_links":{"self":[{"href":"https:\/\/montbruncommerce.com\/index.php\/wp-json\/wp\/v2\/pages\/411","targetHints":{"allow":["GET"]}}],"collection":[{"href":"https:\/\/montbruncommerce.com\/index.php\/wp-json\/wp\/v2\/pages"}],"about":[{"href":"https:\/\/montbruncommerce.com\/index.php\/wp-json\/wp\/v2\/types\/page"}],"author":[{"embeddable":true,"href":"https:\/\/montbruncommerce.com\/index.php\/wp-json\/wp\/v2\/users\/1"}],"replies":[{"embeddable":true,"href":"https:\/\/montbruncommerce.com\/index.php\/wp-json\/wp\/v2\/comments?post=411"}],"version-history":[{"count":5,"href":"https:\/\/montbruncommerce.com\/index.php\/wp-json\/wp\/v2\/pages\/411\/revisions"}],"predecessor-version":[{"id":425,"href":"https:\/\/montbruncommerce.com\/index.php\/wp-json\/wp\/v2\/pages\/411\/revisions\/425"}],"wp:attachment":[{"href":"https:\/\/montbruncommerce.com\/index.php\/wp-json\/wp\/v2\/media?parent=411"}],"wp:term":[{"taxonomy":"wf_page_folders","embeddable":true,"href":"https:\/\/montbruncommerce.com\/index.php\/wp-json\/wp\/v2\/wf_page_folders?post=411"}],"curies":[{"name":"wp","href":"https:\/\/api.w.org\/{rel}","templated":true}]}}