{"id":400,"date":"2025-10-07T15:11:16","date_gmt":"2025-10-07T15:11:16","guid":{"rendered":"https:\/\/montbruncommerce.com\/?page_id=400"},"modified":"2025-10-29T20:13:31","modified_gmt":"2025-10-29T20:13:31","slug":"active-montbrun","status":"publish","type":"page","link":"https:\/\/montbruncommerce.com\/index.php\/active-montbrun\/","title":{"rendered":"Active Montbrun"},"content":{"rendered":"\n<div class=\"wp-block-group alignfull has-mono-3-background-color has-background has-global-padding is-layout-constrained wp-container-core-group-is-layout-c3b3325f wp-block-group-is-layout-constrained\" style=\"margin-top:0;margin-bottom:0;padding-top:var(--wp--preset--spacing--superbspacing-large);padding-right:var(--wp--preset--spacing--superbspacing-small);padding-bottom:var(--wp--preset--spacing--superbspacing-large);padding-left:var(--wp--preset--spacing--superbspacing-small)\">\n<div class=\"wp-block-group alignwide has-global-padding is-layout-constrained wp-container-core-group-is-layout-3faa0c81 wp-block-group-is-layout-constrained\">\n<h2 class=\"wp-block-heading has-text-align-left has-contrast-color has-text-color has-superbfont-xlarge-font-size\" style=\"font-style:normal;font-weight:300\">L&rsquo;Association des Commer\u00e7ants<\/h2>\n\n\n\n<p class=\"has-josefin-sans-font-family\">Relanc\u00e9e en 2025, notre association a pour but de f\u00e9d\u00e9rer et unir les commer\u00e7ants de Montbrun-les-Bains et ses environs, de dynamiser le commerce local et d&rsquo;aider nos clients lors de leurs visites dans notre village. Les objectifs de nos adh\u00e9rents sont de mettre en avant :<\/p>\n<\/div>\n\n\n\n<div class=\"wp-block-columns alignwide are-vertically-aligned-top is-layout-flex wp-container-core-columns-is-layout-f9d87e41 wp-block-columns-is-layout-flex\">\n<div class=\"wp-block-column is-vertically-aligned-top is-layout-flow wp-container-core-column-is-layout-db2cb278 wp-block-column-is-layout-flow\">\n<figure class=\"wp-block-image aligncenter size-full is-resized wp-duotone-grayscale\"><img fetchpriority=\"high\" decoding=\"async\" width=\"378\" height=\"378\" src=\"https:\/\/montbruncommerce.com\/wp-content\/uploads\/2025\/10\/talents-edited.jpg\" alt=\"\" class=\"wp-image-403\" style=\"aspect-ratio:1;object-fit:cover;width:300px\" srcset=\"https:\/\/montbruncommerce.com\/wp-content\/uploads\/2025\/10\/talents-edited.jpg 378w, https:\/\/montbruncommerce.com\/wp-content\/uploads\/2025\/10\/talents-edited-300x300.jpg 300w, https:\/\/montbruncommerce.com\/wp-content\/uploads\/2025\/10\/talents-edited-150x150.jpg 150w\" sizes=\"(max-width: 378px) 100vw, 378px\" \/><\/figure>\n\n\n\n<div class=\"wp-block-group has-global-padding is-layout-constrained wp-container-core-group-is-layout-85cc789f wp-block-group-is-layout-constrained\">\n<div class=\"wp-block-group has-global-padding is-layout-constrained wp-container-core-group-is-layout-19e250f3 wp-block-group-is-layout-constrained\">\n<h3 class=\"wp-block-heading has-text-align-left has-contrast-color has-text-color\" style=\"font-size:clamp(15.747px, 0.984rem + ((1vw - 3.2px) * 0.938), 24px);\">Nos talents<\/h3>\n<\/div>\n\n\n\n<p class=\"has-text-align-left has-mono-2-color has-text-color has-superbfont-xsmall-font-size\" style=\"margin-top:var(--wp--preset--spacing--superbspacing-xxsmall);margin-bottom:var(--wp--preset--spacing--superbspacing-xxsmall)\">Les commer\u00e7ants et artisans de Montbrun-les-Bains poss\u00e8dent un savoir-faire et une expertise dans tous leurs domaines.<\/p>\n\n\n\n<p class=\"has-text-align-left has-mono-2-color has-text-color has-superbfont-xsmall-font-size\" style=\"margin-top:var(--wp--preset--spacing--superbspacing-xxsmall);margin-bottom:var(--wp--preset--spacing--superbspacing-xxsmall)\">N&rsquo;h\u00e9sitez pas \u00e0 partager avec eux : tous seront heureux de vous faire d\u00e9couvrir leurs m\u00e9tiers.<\/p>\n<\/div>\n<\/div>\n\n\n\n<div class=\"wp-block-column is-vertically-aligned-top is-layout-flow wp-container-core-column-is-layout-db2cb278 wp-block-column-is-layout-flow\">\n<figure class=\"wp-block-image aligncenter size-full is-resized wp-duotone-grayscale\"><img decoding=\"async\" width=\"567\" height=\"567\" src=\"https:\/\/montbruncommerce.com\/wp-content\/uploads\/2025\/10\/olivier.jpg\" alt=\"\" class=\"wp-image-406\" style=\"aspect-ratio:1;object-fit:cover;width:300px\" srcset=\"https:\/\/montbruncommerce.com\/wp-content\/uploads\/2025\/10\/olivier.jpg 567w, https:\/\/montbruncommerce.com\/wp-content\/uploads\/2025\/10\/olivier-300x300.jpg 300w, https:\/\/montbruncommerce.com\/wp-content\/uploads\/2025\/10\/olivier-150x150.jpg 150w\" sizes=\"(max-width: 567px) 100vw, 567px\" \/><\/figure>\n\n\n\n<div class=\"wp-block-group has-global-padding is-layout-constrained wp-container-core-group-is-layout-85cc789f wp-block-group-is-layout-constrained\">\n<div class=\"wp-block-group has-global-padding is-layout-constrained wp-container-core-group-is-layout-19e250f3 wp-block-group-is-layout-constrained\">\n<h3 class=\"wp-block-heading has-text-align-left has-contrast-color has-text-color\" style=\"font-size:clamp(15.747px, 0.984rem + ((1vw - 3.2px) * 0.938), 24px);\">Nos visiteurs<\/h3>\n<\/div>\n\n\n\n<p class=\"has-text-align-left has-mono-2-color has-text-color has-superbfont-xsmall-font-size\" style=\"margin-top:var(--wp--preset--spacing--superbspacing-xxsmall);margin-bottom:var(--wp--preset--spacing--superbspacing-xxsmall)\">L&rsquo;activit\u00e9 des thermes am\u00e8ne chaque ann\u00e9e de nombreux curistes, des touristes plus sportifs attir\u00e9s par le G\u00e9ant de Provence ou d&rsquo;autres pr\u00e9tendant plus au calme et \u00e0 la contemplation de nos superbes paysages. Chaque visiteur fait l&rsquo;objet de toute notre attention.<\/p>\n<\/div>\n<\/div>\n\n\n\n<div class=\"wp-block-column is-vertically-aligned-top is-layout-flow wp-container-core-column-is-layout-db2cb278 wp-block-column-is-layout-flow\">\n<figure class=\"wp-block-image aligncenter size-full is-resized wp-duotone-grayscale\"><img decoding=\"async\" width=\"567\" height=\"567\" src=\"https:\/\/montbruncommerce.com\/wp-content\/uploads\/2025\/10\/environnement.jpg\" alt=\"\" class=\"wp-image-402\" style=\"aspect-ratio:1;object-fit:cover;width:300px\" srcset=\"https:\/\/montbruncommerce.com\/wp-content\/uploads\/2025\/10\/environnement.jpg 567w, https:\/\/montbruncommerce.com\/wp-content\/uploads\/2025\/10\/environnement-300x300.jpg 300w, https:\/\/montbruncommerce.com\/wp-content\/uploads\/2025\/10\/environnement-150x150.jpg 150w\" sizes=\"(max-width: 567px) 100vw, 567px\" \/><\/figure>\n\n\n\n<div class=\"wp-block-group has-global-padding is-layout-constrained wp-container-core-group-is-layout-85cc789f wp-block-group-is-layout-constrained\">\n<div class=\"wp-block-group has-global-padding is-layout-constrained wp-container-core-group-is-layout-19e250f3 wp-block-group-is-layout-constrained\">\n<h3 class=\"wp-block-heading has-text-align-left has-contrast-color has-text-color\" style=\"font-size:clamp(15.747px, 0.984rem + ((1vw - 3.2px) * 0.938), 24px);\">Notre environnement <\/h3>\n<\/div>\n\n\n\n<p class=\"has-text-align-left has-mono-2-color has-text-color has-superbfont-xsmall-font-size\" style=\"margin-top:var(--wp--preset--spacing--superbspacing-xxsmall);margin-bottom:var(--wp--preset--spacing--superbspacing-xxsmall)\">Village m\u00e9di\u00e9val et thermal, entre tilleuls et champs de lavandes, dans le Parc Naturel R\u00e9gional des Baronnies Proven\u00e7ales et au pied du Mont Ventoux, Montbrun-les-Bains est class\u00e9 parmi les plus beaux villages de France.<\/p>\n<\/div>\n<\/div>\n<\/div>\n<\/div>\n","protected":false},"excerpt":{"rendered":"<p>L&rsquo;Association des Commer\u00e7ants Relanc\u00e9e en 2025, notre association a pour but de f\u00e9d\u00e9rer et unir les commer\u00e7ants de Montbrun-les-Bains et ses environs, de dynamiser le commerce local et d&rsquo;aider nos clients lors de leurs visites dans notre village. Les objectifs de nos adh\u00e9rents sont de mettre en avant : Nos talents Les commer\u00e7ants et artisans [&hellip;]<\/p>\n","protected":false},"author":1,"featured_media":0,"parent":0,"menu_order":0,"comment_status":"closed","ping_status":"closed","template":"","meta":{"footnotes":""},"wf_page_folders":[14],"class_list":["post-400","page","type-page","status-publish","hentry"],"_links":{"self":[{"href":"https:\/\/montbruncommerce.com\/index.php\/wp-json\/wp\/v2\/pages\/400","targetHints":{"allow":["GET"]}}],"collection":[{"href":"https:\/\/montbruncommerce.com\/index.php\/wp-json\/wp\/v2\/pages"}],"about":[{"href":"https:\/\/montbruncommerce.com\/index.php\/wp-json\/wp\/v2\/types\/page"}],"author":[{"embeddable":true,"href":"https:\/\/montbruncommerce.com\/index.php\/wp-json\/wp\/v2\/users\/1"}],"replies":[{"embeddable":true,"href":"https:\/\/montbruncommerce.com\/index.php\/wp-json\/wp\/v2\/comments?post=400"}],"version-history":[{"count":9,"href":"https:\/\/montbruncommerce.com\/index.php\/wp-json\/wp\/v2\/pages\/400\/revisions"}],"predecessor-version":[{"id":844,"href":"https:\/\/montbruncommerce.com\/index.php\/wp-json\/wp\/v2\/pages\/400\/revisions\/844"}],"wp:attachment":[{"href":"https:\/\/montbruncommerce.com\/index.php\/wp-json\/wp\/v2\/media?parent=400"}],"wp:term":[{"taxonomy":"wf_page_folders","embeddable":true,"href":"https:\/\/montbruncommerce.com\/index.php\/wp-json\/wp\/v2\/wf_page_folders?post=400"}],"curies":[{"name":"wp","href":"https:\/\/api.w.org\/{rel}","templated":true}]}}