{"id":282,"date":"2025-10-05T14:21:55","date_gmt":"2025-10-05T14:21:55","guid":{"rendered":"https:\/\/montbruncommerce.com\/?page_id=282"},"modified":"2025-11-18T09:34:39","modified_gmt":"2025-11-18T09:34:39","slug":"superette","status":"publish","type":"page","link":"https:\/\/montbruncommerce.com\/index.php\/superette\/","title":{"rendered":"Superette"},"content":{"rendered":"\n<h2 class=\"wp-block-heading\">Utile<\/h2>\n\n\n\n<div class=\"wp-block-columns is-layout-flex wp-container-core-columns-is-layout-28f84493 wp-block-columns-is-layout-flex\">\n<div class=\"wp-block-column is-layout-flow wp-block-column-is-layout-flow\" style=\"flex-basis:33.33%\">\n<figure class=\"wp-block-image size-full is-resized\"><img fetchpriority=\"high\" decoding=\"async\" width=\"567\" height=\"475\" src=\"https:\/\/montbruncommerce.com\/wp-content\/uploads\/2025\/10\/UTILE_Photo-Facade-Panorama-by-ALM.jpg\" alt=\"\" class=\"wp-image-338\" style=\"width:300px\" srcset=\"https:\/\/montbruncommerce.com\/wp-content\/uploads\/2025\/10\/UTILE_Photo-Facade-Panorama-by-ALM.jpg 567w, https:\/\/montbruncommerce.com\/wp-content\/uploads\/2025\/10\/UTILE_Photo-Facade-Panorama-by-ALM-300x251.jpg 300w\" sizes=\"(max-width: 567px) 100vw, 567px\" \/><\/figure>\n<\/div>\n\n\n\n<div class=\"wp-block-column is-layout-flow wp-block-column-is-layout-flow\" style=\"flex-basis:66.66%\">\n<p>Bruno, Julia et Julien et toute leur \u00e9quipe mettent un point d&rsquo;honneur \u00e0 assurer Qualit\u00e9, Choix, Fra\u00eecheur et Pouvoir d&rsquo;Achat au quotidien.<\/p>\n\n\n\n<p>Retrouvez dans ce point de vente de proximit\u00e9 vos produits du quotidien, des produits locaux, des fruits et l\u00e9gumes, des plats pr\u00e9par\u00e9s au rayon traiteur (ou sur commande) et bien plus encore !<\/p>\n\n\n\n<p>Parking devant l&rsquo;\u00e9tablissement.<br><\/p>\n<\/div>\n<\/div>\n\n\n\n<div class=\"wp-block-columns is-layout-flex wp-container-core-columns-is-layout-28f84493 wp-block-columns-is-layout-flex\">\n<div class=\"wp-block-column is-layout-flow wp-block-column-is-layout-flow\" style=\"flex-basis:33.33%\">\n<p><strong>Horaires :<\/strong><br>lundi 8h30-12h30 \/ 14h30 &#8211; 18h30<br>mardi 8h30-12h30 \/ 14h30 &#8211; 18h30<br>mercredi 8h30-12h30 \/ 14h30 &#8211; 18h30<br>jeudi 8h30-12h30 \/ 14h30 &#8211; 18h30<br>vendredi 8h30-12h30 \/ 14h30 &#8211; 18h30<br>samedi 8h30-12h30 \/ 14h30 &#8211; 18h30<br>dimanche Ferm\u00e9<br><\/p>\n<\/div>\n\n\n\n<div class=\"wp-block-column is-layout-flow wp-block-column-is-layout-flow\" style=\"flex-basis:45%\">\n<p><strong>Contact :<\/strong><br>T\u00e9l\u00e9phone : 04 75 28 83 62<br>Email : <a href=\"mailto:utile.montbrun@systeme-u.fr\">utile.montbrun@systeme-u.fr<\/a><\/p>\n\n\n\n<ul class=\"wp-block-social-links is-layout-flex wp-block-social-links-is-layout-flex\"><li style=\"opacity: 0;\" superb-addons-animation=\"bounceIn\" class=\"wp-social-link wp-social-link-facebook  wp-block-social-link\"><a href=\"https:\/\/www.facebook.com\/groups\/3432374373673083\/user\/100076165025450\/\" class=\"wp-block-social-link-anchor\"><svg width=\"24\" height=\"24\" viewBox=\"0 0 24 24\" version=\"1.1\" xmlns=\"http:\/\/www.w3.org\/2000\/svg\" aria-hidden=\"true\" focusable=\"false\"><path d=\"M12 2C6.5 2 2 6.5 2 12c0 5 3.7 9.1 8.4 9.9v-7H7.9V12h2.5V9.8c0-2.5 1.5-3.9 3.8-3.9 1.1 0 2.2.2 2.2.2v2.5h-1.3c-1.2 0-1.6.8-1.6 1.6V12h2.8l-.4 2.9h-2.3v7C18.3 21.1 22 17 22 12c0-5.5-4.5-10-10-10z\"><\/path><\/svg><span class=\"wp-block-social-link-label screen-reader-text\">Facebook<\/span><\/a><\/li><\/ul>\n\n\n\n<p><strong>Adresse : <\/strong><br>85 La Condamine<br>26570 Montbrun-les-Bains<\/p>\n<\/div>\n<\/div>\n\n\n\n<ul style=\"margin-top:var(--wp--preset--spacing--superbspacing-small);margin-bottom:var(--wp--preset--spacing--superbspacing-small)\" class=\"wp-block-list\">\n<li class=\"has-superbfont-xxsmall-font-size\">Superette<\/li>\n\n\n\n<li class=\"has-superbfont-xxsmall-font-size\">Services de proximit\u00e9<\/li>\n\n\n\n<li class=\"has-superbfont-xxsmall-font-size\">Laverie automatique<\/li>\n\n\n\n<li class=\"has-superbfont-xxsmall-font-size\">Retrait de colis<\/li>\n\n\n\n<li class=\"has-superbfont-xxsmall-font-size\">Gaz<\/li>\n<\/ul>\n","protected":false},"excerpt":{"rendered":"<p>Utile Bruno, Julia et Julien et toute leur \u00e9quipe mettent un point d&rsquo;honneur \u00e0 assurer Qualit\u00e9, Choix, Fra\u00eecheur et Pouvoir d&rsquo;Achat au quotidien. Retrouvez dans ce point de vente de proximit\u00e9 vos produits du quotidien, des produits locaux, des fruits et l\u00e9gumes, des plats pr\u00e9par\u00e9s au rayon traiteur (ou sur commande) et bien plus encore [&hellip;]<\/p>\n","protected":false},"author":1,"featured_media":0,"parent":0,"menu_order":0,"comment_status":"closed","ping_status":"closed","template":"","meta":{"footnotes":""},"wf_page_folders":[39],"class_list":["post-282","page","type-page","status-publish","hentry"],"_links":{"self":[{"href":"https:\/\/montbruncommerce.com\/index.php\/wp-json\/wp\/v2\/pages\/282","targetHints":{"allow":["GET"]}}],"collection":[{"href":"https:\/\/montbruncommerce.com\/index.php\/wp-json\/wp\/v2\/pages"}],"about":[{"href":"https:\/\/montbruncommerce.com\/index.php\/wp-json\/wp\/v2\/types\/page"}],"author":[{"embeddable":true,"href":"https:\/\/montbruncommerce.com\/index.php\/wp-json\/wp\/v2\/users\/1"}],"replies":[{"embeddable":true,"href":"https:\/\/montbruncommerce.com\/index.php\/wp-json\/wp\/v2\/comments?post=282"}],"version-history":[{"count":9,"href":"https:\/\/montbruncommerce.com\/index.php\/wp-json\/wp\/v2\/pages\/282\/revisions"}],"predecessor-version":[{"id":963,"href":"https:\/\/montbruncommerce.com\/index.php\/wp-json\/wp\/v2\/pages\/282\/revisions\/963"}],"wp:attachment":[{"href":"https:\/\/montbruncommerce.com\/index.php\/wp-json\/wp\/v2\/media?parent=282"}],"wp:term":[{"taxonomy":"wf_page_folders","embeddable":true,"href":"https:\/\/montbruncommerce.com\/index.php\/wp-json\/wp\/v2\/wf_page_folders?post=282"}],"curies":[{"name":"wp","href":"https:\/\/api.w.org\/{rel}","templated":true}]}}