{"id":277,"date":"2025-10-05T14:19:02","date_gmt":"2025-10-05T14:19:02","guid":{"rendered":"https:\/\/montbruncommerce.com\/?page_id=277"},"modified":"2025-12-07T12:38:05","modified_gmt":"2025-12-07T12:38:05","slug":"institut-de-beaute","status":"publish","type":"page","link":"https:\/\/montbruncommerce.com\/index.php\/institut-de-beaute\/","title":{"rendered":"Institut de Beaut\u00e9"},"content":{"rendered":"\n<h2 class=\"wp-block-heading\"><strong>Institut Mariposa<\/strong><\/h2>\n\n\n\n<div class=\"wp-block-columns is-layout-flex wp-container-core-columns-is-layout-28f84493 wp-block-columns-is-layout-flex\">\n<div class=\"wp-block-column is-layout-flow wp-block-column-is-layout-flow\" style=\"flex-basis:33.33%\">\n<figure class=\"wp-block-image size-full is-resized\"><img fetchpriority=\"high\" decoding=\"async\" width=\"567\" height=\"383\" src=\"https:\/\/montbruncommerce.com\/wp-content\/uploads\/2025\/10\/mariposa-1.png\" alt=\"\" class=\"wp-image-279\" style=\"width:300px\" srcset=\"https:\/\/montbruncommerce.com\/wp-content\/uploads\/2025\/10\/mariposa-1.png 567w, https:\/\/montbruncommerce.com\/wp-content\/uploads\/2025\/10\/mariposa-1-300x203.png 300w\" sizes=\"(max-width: 567px) 100vw, 567px\" \/><\/figure>\n<\/div>\n\n\n\n<div class=\"wp-block-column is-layout-flow wp-block-column-is-layout-flow\" style=\"flex-basis:66.66%\">\n<p>J&rsquo;utilise une gamme de produits con\u00e7us pour prendre soin de soi en effectuant des gestes de beaut\u00e9 simples qui apporte tranquillit\u00e9 d&rsquo;esprit et s\u00e9r\u00e9nit\u00e9 au quotidien.<\/p>\n\n\n\n<p>Je vous accueille dans mon institut pour vos soins du corps, soins du visage, \u00e9pilations massage, beaut\u00e9 des pieds, manucure.<\/p>\n\n\n\n<p>Diff\u00e9rents cosm\u00e9tiques sont \u00e0 d\u00e9couvrir pour continuer \u00e0  prendre soin de votre peau, chez vous. Des produits certifi\u00e9s bio, avec la gamme Antipodes et ses plantes bienfaisantes venues  de Nouvelle Z\u00e9lande.<\/p>\n\n\n\n<p><\/p>\n\n\n\n<p>Retrouvez \u00e9galement dans le boudoir, notre s\u00e9lection de lingeries, de maillots de bains, de pyjamas, chaussettes&#8230;..Pour ELLE et pour LUI.<\/p>\n\n\n\n<p>Besoin d&rsquo;un Bon Cadeau?  Je vous aide \u00e0 choisir pour mieux offrir!<\/p>\n\n\n\n<figure class=\"wp-block-gallery has-nested-images columns-default is-cropped wp-block-gallery-1 is-layout-flex wp-block-gallery-is-layout-flex\"><\/figure>\n\n\n\n<p><\/p>\n<\/div>\n<\/div>\n\n\n\n<div class=\"wp-block-columns is-layout-flex wp-container-core-columns-is-layout-28f84493 wp-block-columns-is-layout-flex\">\n<div class=\"wp-block-column is-layout-flow wp-block-column-is-layout-flow\" style=\"flex-basis:33.33%\">\n<p><strong>Horaires :<\/strong><br>lundi 9h-12h30&nbsp;&#8211; 14h-19h15<br>mardi 9h-12h30&nbsp;&#8211; 14h-19h15<br>mercredi 9h-12h30&nbsp;&#8211; Ouvert en Saison Estivale<br>jeudi 9h-12h30&nbsp;&#8211; 14h-19h15<br>vendredi 9h-12h30&nbsp;&#8211; 14h-19h15<br>samedi 9h-13h00&nbsp;&#8211; Ferm\u00e9 l&rsquo;apr\u00e8s-midi<br>dimanche Ferm\u00e9<br><\/p>\n<\/div>\n\n\n\n<div class=\"wp-block-column is-layout-flow wp-block-column-is-layout-flow\" style=\"flex-basis:45%\">\n<p><strong>Contact :<\/strong><br>T\u00e9l\u00e9phone : 04 75 28 40 25 &#8211; 06 59 18 00 12<br>Email : <a href=\"mailto:mariposamontbrun@aol.com\">mariposamontbrun@aol.com<\/a><\/p>\n\n\n\n<ul class=\"wp-block-social-links is-layout-flex wp-block-social-links-is-layout-flex\"><li style=\"opacity: 0;\" superb-addons-animation=\"bounceIn\" class=\"wp-social-link wp-social-link-facebook  wp-block-social-link\"><a href=\"https:\/\/www.facebook.com\/p\/Institut-Mariposa-100057520416818\/?locale=fr_FR\" class=\"wp-block-social-link-anchor\"><svg width=\"24\" height=\"24\" viewBox=\"0 0 24 24\" version=\"1.1\" xmlns=\"http:\/\/www.w3.org\/2000\/svg\" aria-hidden=\"true\" focusable=\"false\"><path d=\"M12 2C6.5 2 2 6.5 2 12c0 5 3.7 9.1 8.4 9.9v-7H7.9V12h2.5V9.8c0-2.5 1.5-3.9 3.8-3.9 1.1 0 2.2.2 2.2.2v2.5h-1.3c-1.2 0-1.6.8-1.6 1.6V12h2.8l-.4 2.9h-2.3v7C18.3 21.1 22 17 22 12c0-5.5-4.5-10-10-10z\"><\/path><\/svg><span class=\"wp-block-social-link-label screen-reader-text\">Facebook<\/span><\/a><\/li><\/ul>\n\n\n\n<p><strong>Adresse : <\/strong><br>10, Le Chabrerieux<br>26570 Montbrun-les-Bains<\/p>\n<\/div>\n<\/div>\n\n\n\n<ul class=\"wp-block-list\">\n<li class=\"has-superbfont-xxsmall-font-size\">Institut de beaut\u00e9<\/li>\n\n\n\n<li class=\"has-superbfont-xxsmall-font-size\">Bien \u00eatre<\/li>\n<\/ul>\n","protected":false},"excerpt":{"rendered":"<p>Institut Mariposa J&rsquo;utilise une gamme de produits con\u00e7us pour prendre soin de soi en effectuant des gestes de beaut\u00e9 simples qui apporte tranquillit\u00e9 d&rsquo;esprit et s\u00e9r\u00e9nit\u00e9 au quotidien. Je vous accueille dans mon institut pour vos soins du corps, soins du visage, \u00e9pilations massage, beaut\u00e9 des pieds, manucure. Diff\u00e9rents cosm\u00e9tiques sont \u00e0 d\u00e9couvrir pour continuer [&hellip;]<\/p>\n","protected":false},"author":1,"featured_media":0,"parent":0,"menu_order":0,"comment_status":"closed","ping_status":"closed","template":"","meta":{"footnotes":""},"wf_page_folders":[24],"class_list":["post-277","page","type-page","status-publish","hentry"],"_links":{"self":[{"href":"https:\/\/montbruncommerce.com\/index.php\/wp-json\/wp\/v2\/pages\/277","targetHints":{"allow":["GET"]}}],"collection":[{"href":"https:\/\/montbruncommerce.com\/index.php\/wp-json\/wp\/v2\/pages"}],"about":[{"href":"https:\/\/montbruncommerce.com\/index.php\/wp-json\/wp\/v2\/types\/page"}],"author":[{"embeddable":true,"href":"https:\/\/montbruncommerce.com\/index.php\/wp-json\/wp\/v2\/users\/1"}],"replies":[{"embeddable":true,"href":"https:\/\/montbruncommerce.com\/index.php\/wp-json\/wp\/v2\/comments?post=277"}],"version-history":[{"count":12,"href":"https:\/\/montbruncommerce.com\/index.php\/wp-json\/wp\/v2\/pages\/277\/revisions"}],"predecessor-version":[{"id":1067,"href":"https:\/\/montbruncommerce.com\/index.php\/wp-json\/wp\/v2\/pages\/277\/revisions\/1067"}],"wp:attachment":[{"href":"https:\/\/montbruncommerce.com\/index.php\/wp-json\/wp\/v2\/media?parent=277"}],"wp:term":[{"taxonomy":"wf_page_folders","embeddable":true,"href":"https:\/\/montbruncommerce.com\/index.php\/wp-json\/wp\/v2\/wf_page_folders?post=277"}],"curies":[{"name":"wp","href":"https:\/\/api.w.org\/{rel}","templated":true}]}}