{"id":271,"date":"2025-10-05T14:12:31","date_gmt":"2025-10-05T14:12:31","guid":{"rendered":"https:\/\/montbruncommerce.com\/?page_id=271"},"modified":"2026-03-06T14:13:34","modified_gmt":"2026-03-06T14:13:34","slug":"pepiniere","status":"publish","type":"page","link":"https:\/\/montbruncommerce.com\/index.php\/pepiniere\/","title":{"rendered":"P\u00e9pini\u00e8re"},"content":{"rendered":"\n<h2 class=\"wp-block-heading\">L&rsquo;Orchid\u00e9e Angelique<\/h2>\n\n\n\n<div class=\"wp-block-columns is-layout-flex wp-container-core-columns-is-layout-28f84493 wp-block-columns-is-layout-flex\">\n<div class=\"wp-block-column is-layout-flow wp-block-column-is-layout-flow\" style=\"flex-basis:33.33%\">\n<figure class=\"wp-block-image size-full is-resized wp-duotone-unset-1\"><img fetchpriority=\"high\" decoding=\"async\" width=\"567\" height=\"425\" src=\"http:\/\/montbruncommerce.com\/wp-content\/uploads\/2025\/10\/ORCHIDEE-ANGELIQUE_Photo-Facade-by-ALM.jpg\" alt=\"\" class=\"wp-image-336\" style=\"width:300px\" srcset=\"https:\/\/montbruncommerce.com\/wp-content\/uploads\/2025\/10\/ORCHIDEE-ANGELIQUE_Photo-Facade-by-ALM.jpg 567w, https:\/\/montbruncommerce.com\/wp-content\/uploads\/2025\/10\/ORCHIDEE-ANGELIQUE_Photo-Facade-by-ALM-300x225.jpg 300w\" sizes=\"(max-width: 567px) 100vw, 567px\" \/><\/figure>\n<\/div>\n\n\n\n<div class=\"wp-block-column is-layout-flow wp-block-column-is-layout-flow\" style=\"flex-basis:66.66%\">\n<p>Paola vous propose une large s\u00e9lection de v\u00e9g\u00e9taux : vivaces, aromatiques, plantes fleuries, plantes de haie&#8230; ainsi que des arbres (fruitiers, ombrage, ornement), terreau, engrais&#8230;<\/p>\n\n\n\n<p>Retrouvez Paola les apr\u00e8s-midis \u00e0 la p\u00e9pini\u00e8re et les matins dans sa boutique <a href=\"https:\/\/montbruncommerce.com\/index.php\/decoration-fleuriste\/\" data-type=\"page\" data-id=\"263\">Au Jardin de Montbrun<\/a><\/p>\n<\/div>\n<\/div>\n\n\n\n<div class=\"wp-block-columns is-layout-flex wp-container-core-columns-is-layout-28f84493 wp-block-columns-is-layout-flex\">\n<div class=\"wp-block-column is-layout-flow wp-block-column-is-layout-flow\" style=\"flex-basis:33.33%\">\n<p><strong>Horaires :<\/strong><br>lundi Ferm\u00e9<br>mardi 15h &#8211; 18h30<br>mercredi 15h &#8211; 18h30<br>jeudi 15h &#8211; 18h30<br>vendredi 15h &#8211; 18h30<br>samedi 15h &#8211; 18h30<br>dimanche Ferm\u00e9<\/p>\n\n\n\n<p><\/p>\n\n\n\n<p><\/p>\n\n\n\n<p><strong>Cong\u00e9s Annuels<\/strong> <\/p>\n\n\n\n<p>&#8211;<\/p>\n<\/div>\n\n\n\n<div class=\"wp-block-column is-layout-flow wp-block-column-is-layout-flow\" style=\"flex-basis:45%\">\n<p><strong>Contact :<\/strong><br>T\u00e9l\u00e9phone : 07 87 30 63 36<br>Email : <a href=\"mailto:contact@pepiniere-orchidee-angelique.com\">contact@pepiniere-orchidee-angelique.com<\/a><\/p>\n\n\n\n<ul class=\"wp-block-social-links is-layout-flex wp-block-social-links-is-layout-flex\"><li style=\"opacity: 0;\" superb-addons-animation=\"bounceIn\" class=\"wp-social-link wp-social-link-facebook  wp-block-social-link\"><a href=\"https:\/\/www.facebook.com\/pepiniere-orchidee-angelique\" class=\"wp-block-social-link-anchor\"><svg width=\"24\" height=\"24\" viewBox=\"0 0 24 24\" version=\"1.1\" xmlns=\"http:\/\/www.w3.org\/2000\/svg\" aria-hidden=\"true\" focusable=\"false\"><path d=\"M12 2C6.5 2 2 6.5 2 12c0 5 3.7 9.1 8.4 9.9v-7H7.9V12h2.5V9.8c0-2.5 1.5-3.9 3.8-3.9 1.1 0 2.2.2 2.2.2v2.5h-1.3c-1.2 0-1.6.8-1.6 1.6V12h2.8l-.4 2.9h-2.3v7C18.3 21.1 22 17 22 12c0-5.5-4.5-10-10-10z\"><\/path><\/svg><span class=\"wp-block-social-link-label screen-reader-text\">Facebook<\/span><\/a><\/li><\/ul>\n\n\n\n<p><strong>Adresse :<\/strong><br>285 Route du Cl\u00f4t<br>26570 Montbrun-les-Bains<\/p>\n\n\n\n<p><br><\/p>\n<\/div>\n<\/div>\n\n\n\n<ul class=\"wp-block-list\">\n<li class=\"has-superbfont-xxsmall-font-size\">P\u00e9pini\u00e8re<\/li>\n\n\n\n<li class=\"has-superbfont-xxsmall-font-size\">Plantes<\/li>\n\n\n\n<li class=\"has-superbfont-xxsmall-font-size\">Id\u00e9es cadeaux<\/li>\n\n\n\n<li class=\"has-superbfont-xxsmall-font-size\">D\u00e9coration \/ Art de Vivre<\/li>\n<\/ul>\n\n\n\n<p><\/p>\n","protected":false},"excerpt":{"rendered":"<p>L&rsquo;Orchid\u00e9e Angelique Paola vous propose une large s\u00e9lection de v\u00e9g\u00e9taux : vivaces, aromatiques, plantes fleuries, plantes de haie&#8230; ainsi que des arbres (fruitiers, ombrage, ornement), terreau, engrais&#8230; Retrouvez Paola les apr\u00e8s-midis \u00e0 la p\u00e9pini\u00e8re et les matins dans sa boutique Au Jardin de Montbrun Horaires :lundi Ferm\u00e9mardi 15h &#8211; 18h30mercredi 15h &#8211; 18h30jeudi 15h &#8211; [&hellip;]<\/p>\n","protected":false},"author":1,"featured_media":0,"parent":0,"menu_order":0,"comment_status":"closed","ping_status":"closed","template":"","meta":{"footnotes":""},"wf_page_folders":[28],"class_list":["post-271","page","type-page","status-publish","hentry"],"_links":{"self":[{"href":"https:\/\/montbruncommerce.com\/index.php\/wp-json\/wp\/v2\/pages\/271","targetHints":{"allow":["GET"]}}],"collection":[{"href":"https:\/\/montbruncommerce.com\/index.php\/wp-json\/wp\/v2\/pages"}],"about":[{"href":"https:\/\/montbruncommerce.com\/index.php\/wp-json\/wp\/v2\/types\/page"}],"author":[{"embeddable":true,"href":"https:\/\/montbruncommerce.com\/index.php\/wp-json\/wp\/v2\/users\/1"}],"replies":[{"embeddable":true,"href":"https:\/\/montbruncommerce.com\/index.php\/wp-json\/wp\/v2\/comments?post=271"}],"version-history":[{"count":15,"href":"https:\/\/montbruncommerce.com\/index.php\/wp-json\/wp\/v2\/pages\/271\/revisions"}],"predecessor-version":[{"id":1167,"href":"https:\/\/montbruncommerce.com\/index.php\/wp-json\/wp\/v2\/pages\/271\/revisions\/1167"}],"wp:attachment":[{"href":"https:\/\/montbruncommerce.com\/index.php\/wp-json\/wp\/v2\/media?parent=271"}],"wp:term":[{"taxonomy":"wf_page_folders","embeddable":true,"href":"https:\/\/montbruncommerce.com\/index.php\/wp-json\/wp\/v2\/wf_page_folders?post=271"}],"curies":[{"name":"wp","href":"https:\/\/api.w.org\/{rel}","templated":true}]}}