{"id":263,"date":"2025-10-05T14:04:32","date_gmt":"2025-10-05T14:04:32","guid":{"rendered":"https:\/\/montbruncommerce.com\/?page_id=263"},"modified":"2026-03-06T14:13:52","modified_gmt":"2026-03-06T14:13:52","slug":"decoration-fleuriste","status":"publish","type":"page","link":"https:\/\/montbruncommerce.com\/index.php\/decoration-fleuriste\/","title":{"rendered":"D\u00e9coration \/ Boutique Florale"},"content":{"rendered":"\n<h2 class=\"wp-block-heading\">Au Jardin de Montbrun<\/h2>\n\n\n\n<div class=\"wp-block-columns is-layout-flex wp-container-core-columns-is-layout-28f84493 wp-block-columns-is-layout-flex\">\n<div class=\"wp-block-column is-layout-flow wp-block-column-is-layout-flow\" style=\"flex-basis:33.33%\">\n<figure class=\"wp-block-image size-full is-resized\"><img fetchpriority=\"high\" decoding=\"async\" width=\"567\" height=\"756\" src=\"https:\/\/montbruncommerce.com\/wp-content\/uploads\/2025\/10\/jardindemontbrun.jpg\" alt=\"\" class=\"wp-image-264\" style=\"width:300px\" srcset=\"https:\/\/montbruncommerce.com\/wp-content\/uploads\/2025\/10\/jardindemontbrun.jpg 567w, https:\/\/montbruncommerce.com\/wp-content\/uploads\/2025\/10\/jardindemontbrun-225x300.jpg 225w\" sizes=\"(max-width: 567px) 100vw, 567px\" \/><\/figure>\n<\/div>\n\n\n\n<div class=\"wp-block-column is-layout-flow wp-block-column-is-layout-flow\" style=\"flex-basis:66.66%\">\n<p>Paola vous accueille et vous propose des id\u00e9es cadeaux, pour se faire plaisir ou pour offrir ! <\/p>\n\n\n\n<p>Des compositions, plantes int\u00e9rieures et ext\u00e9rieures (en saison), de nombreux objets de d\u00e9coration dans une boutique color\u00e9e et parfum\u00e9e de multiples senteurs.<\/p>\n\n\n\n<p><\/p>\n\n\n\n<p>Vous pouvez \u00e9galement trouver votre bonheur \u00e0 la p\u00e9pini\u00e8re <a href=\"https:\/\/montbruncommerce.com\/index.php\/pepiniere\/\" data-type=\"page\" data-id=\"271\">Orchid\u00e9e Ang\u00e9lique<\/a>.<\/p>\n\n\n\n<p>.<\/p>\n<\/div>\n<\/div>\n\n\n\n<div class=\"wp-block-columns is-layout-flex wp-container-core-columns-is-layout-28f84493 wp-block-columns-is-layout-flex\">\n<div class=\"wp-block-column is-layout-flow wp-block-column-is-layout-flow\" style=\"flex-basis:33.33%\">\n<p><strong>Horaires :<\/strong><br>lundi Ferm\u00e9<br>mardi 9h-12h30<br>mercredi Ferm\u00e9<br>jeudi 9h-12h30&nbsp;<br>vendredi 9h-12h30&nbsp;<br>samedi 9h-12h30&nbsp;<br>dimanche 9h-12h30&nbsp;<\/p>\n\n\n\n<p><\/p>\n\n\n\n<p><strong>Cong\u00e9s Annuels<\/strong> :<\/p>\n\n\n\n<p>&#8211;<\/p>\n<\/div>\n\n\n\n<div class=\"wp-block-column is-layout-flow wp-block-column-is-layout-flow\" style=\"flex-basis:45%\">\n<p><strong>Contact :<\/strong><br>T\u00e9l\u00e9phone : 07 87 30 63 36<br>Email : <a href=\"mailto:contact@pepiniere-orchidee-angelique.com\">contact@pepiniere-orchidee-angelique.com<\/a><\/p>\n\n\n\n<ul class=\"wp-block-social-links is-layout-flex wp-block-social-links-is-layout-flex\"><li style=\"opacity: 0;\" superb-addons-animation=\"bounceIn\" class=\"wp-social-link wp-social-link-facebook  wp-block-social-link\"><a href=\"https:\/\/www.facebook.com\/profile.php?id=100072224723267\" class=\"wp-block-social-link-anchor\"><svg width=\"24\" height=\"24\" viewBox=\"0 0 24 24\" version=\"1.1\" xmlns=\"http:\/\/www.w3.org\/2000\/svg\" aria-hidden=\"true\" focusable=\"false\"><path d=\"M12 2C6.5 2 2 6.5 2 12c0 5 3.7 9.1 8.4 9.9v-7H7.9V12h2.5V9.8c0-2.5 1.5-3.9 3.8-3.9 1.1 0 2.2.2 2.2.2v2.5h-1.3c-1.2 0-1.6.8-1.6 1.6V12h2.8l-.4 2.9h-2.3v7C18.3 21.1 22 17 22 12c0-5.5-4.5-10-10-10z\"><\/path><\/svg><span class=\"wp-block-social-link-label screen-reader-text\">Facebook<\/span><\/a><\/li><\/ul>\n\n\n\n<p><strong>Adresse : <\/strong><br>40, Le Chabrerieux<br>26570 Montbrun-les-Bains<\/p>\n<\/div>\n<\/div>\n\n\n\n<ul style=\"margin-top:var(--wp--preset--spacing--superbspacing-small);margin-bottom:var(--wp--preset--spacing--superbspacing-small)\" class=\"wp-block-list\">\n<li class=\"has-superbfont-xxsmall-font-size\">D\u00e9coration \/ Art de Vivre<\/li>\n\n\n\n<li class=\"has-superbfont-xxsmall-font-size\">Plantes<\/li>\n\n\n\n<li class=\"has-superbfont-xxsmall-font-size\">Fleurs<\/li>\n\n\n\n<li class=\"has-superbfont-xxsmall-font-size\">Id\u00e9es cadeaux<\/li>\n<\/ul>\n\n\n\n<p><\/p>\n","protected":false},"excerpt":{"rendered":"<p>Au Jardin de Montbrun Paola vous accueille et vous propose des id\u00e9es cadeaux, pour se faire plaisir ou pour offrir ! Des compositions, plantes int\u00e9rieures et ext\u00e9rieures (en saison), de nombreux objets de d\u00e9coration dans une boutique color\u00e9e et parfum\u00e9e de multiples senteurs. Vous pouvez \u00e9galement trouver votre bonheur \u00e0 la p\u00e9pini\u00e8re Orchid\u00e9e Ang\u00e9lique. . [&hellip;]<\/p>\n","protected":false},"author":1,"featured_media":0,"parent":0,"menu_order":0,"comment_status":"closed","ping_status":"closed","template":"","meta":{"footnotes":""},"wf_page_folders":[20],"class_list":["post-263","page","type-page","status-publish","hentry"],"_links":{"self":[{"href":"https:\/\/montbruncommerce.com\/index.php\/wp-json\/wp\/v2\/pages\/263","targetHints":{"allow":["GET"]}}],"collection":[{"href":"https:\/\/montbruncommerce.com\/index.php\/wp-json\/wp\/v2\/pages"}],"about":[{"href":"https:\/\/montbruncommerce.com\/index.php\/wp-json\/wp\/v2\/types\/page"}],"author":[{"embeddable":true,"href":"https:\/\/montbruncommerce.com\/index.php\/wp-json\/wp\/v2\/users\/1"}],"replies":[{"embeddable":true,"href":"https:\/\/montbruncommerce.com\/index.php\/wp-json\/wp\/v2\/comments?post=263"}],"version-history":[{"count":20,"href":"https:\/\/montbruncommerce.com\/index.php\/wp-json\/wp\/v2\/pages\/263\/revisions"}],"predecessor-version":[{"id":1168,"href":"https:\/\/montbruncommerce.com\/index.php\/wp-json\/wp\/v2\/pages\/263\/revisions\/1168"}],"wp:attachment":[{"href":"https:\/\/montbruncommerce.com\/index.php\/wp-json\/wp\/v2\/media?parent=263"}],"wp:term":[{"taxonomy":"wf_page_folders","embeddable":true,"href":"https:\/\/montbruncommerce.com\/index.php\/wp-json\/wp\/v2\/wf_page_folders?post=263"}],"curies":[{"name":"wp","href":"https:\/\/api.w.org\/{rel}","templated":true}]}}