{"id":256,"date":"2025-10-05T13:57:38","date_gmt":"2025-10-05T13:57:38","guid":{"rendered":"https:\/\/montbruncommerce.com\/?page_id=256"},"modified":"2026-03-08T18:48:38","modified_gmt":"2026-03-08T18:48:38","slug":"verveine-2","status":"publish","type":"page","link":"https:\/\/montbruncommerce.com\/index.php\/verveine-2\/","title":{"rendered":"Restauration \/ Bistro Nature"},"content":{"rendered":"\n<h2 class=\"wp-block-heading\">Verveine<\/h2>\n\n\n\n<div class=\"wp-block-columns is-layout-flex wp-container-core-columns-is-layout-28f84493 wp-block-columns-is-layout-flex\">\n<div class=\"wp-block-column is-layout-flow wp-block-column-is-layout-flow\" style=\"flex-basis:33.33%\">\n<figure class=\"wp-block-image size-full is-resized\"><img fetchpriority=\"high\" decoding=\"async\" width=\"567\" height=\"426\" src=\"http:\/\/montbruncommerce.com\/wp-content\/uploads\/2025\/10\/verveine.jpeg\" alt=\"\" class=\"wp-image-254\" style=\"width:300px\" srcset=\"https:\/\/montbruncommerce.com\/wp-content\/uploads\/2025\/10\/verveine.jpeg 567w, https:\/\/montbruncommerce.com\/wp-content\/uploads\/2025\/10\/verveine-300x225.jpeg 300w\" sizes=\"(max-width: 567px) 100vw, 567px\" \/><\/figure>\n<\/div>\n\n\n\n<div class=\"wp-block-column is-layout-flow wp-block-column-is-layout-flow\" style=\"flex-basis:66.66%\">\n<p>Alexandra vous propose une cuisine engag\u00e9e, \u00e9co responsable et v\u00e9g\u00e9tarienne. Salon de th\u00e9 et glaces artisanales. Plats \u00ab\u00a0fait maison\u00a0\u00bb avec options sans gluten et sans lactose.<\/p>\n\n\n\n<p>Verveine est un endroit \u00e9l\u00e9gant et confortable pour venir prendre un jus de fruit maison, un milk-shake, un caf\u00e9 ou un chocolat chaud\u2026Pourquoi ne pas essayer aussi la vaste s\u00e9lection de th\u00e9s et d&rsquo;infusions biologiques ?<\/p>\n\n\n\n<p>Repas sur place et vente \u00e0 emporter.<\/p>\n\n\n\n<p><\/p>\n<\/div>\n<\/div>\n\n\n\n<div class=\"wp-block-columns is-layout-flex wp-container-core-columns-is-layout-28f84493 wp-block-columns-is-layout-flex\">\n<div class=\"wp-block-column is-layout-flow wp-block-column-is-layout-flow\" style=\"flex-basis:33.33%\">\n<p><strong>Horaires :<\/strong><br>lundi 11h30 \u2013 17h30<br>mardi Ferm\u00e9<br>mercredi Ferm\u00e9<br>jeudi 11h30 \u2013 17h30<br>vendredi 11h30 \u2013 17h30<br>samedi 10h00 \u2013 17h30<br>dimanche 11h30 \u2013 17h30<br><\/p>\n\n\n\n<p><strong>Cong\u00e9s Annuels :<\/strong><br>Fermeture du 25\/08\/2026 jusqu\u2019au 02\/09\/2026 inclus<\/p>\n<\/div>\n\n\n\n<div class=\"wp-block-column is-layout-flow wp-block-column-is-layout-flow\" style=\"flex-basis:45%\">\n<p><strong>Contact :<\/strong><br>T\u00e9l\u00e9phone : 06 79 05 17 19<br>Email : <a href=\"mailto:verbinat26@gmail.com\">verbinat26@gmail.com<\/a><\/p>\n\n\n\n<ul class=\"wp-block-social-links is-layout-flex wp-block-social-links-is-layout-flex\"><li style=\"opacity: 0;\" superb-addons-animation=\"bounceIn\" class=\"wp-social-link wp-social-link-facebook  wp-block-social-link\"><a href=\"https:\/\/www.facebook.com\/share\/19W4VT3F3a\/\" class=\"wp-block-social-link-anchor\"><svg width=\"24\" height=\"24\" viewBox=\"0 0 24 24\" version=\"1.1\" xmlns=\"http:\/\/www.w3.org\/2000\/svg\" aria-hidden=\"true\" focusable=\"false\"><path d=\"M12 2C6.5 2 2 6.5 2 12c0 5 3.7 9.1 8.4 9.9v-7H7.9V12h2.5V9.8c0-2.5 1.5-3.9 3.8-3.9 1.1 0 2.2.2 2.2.2v2.5h-1.3c-1.2 0-1.6.8-1.6 1.6V12h2.8l-.4 2.9h-2.3v7C18.3 21.1 22 17 22 12c0-5.5-4.5-10-10-10z\"><\/path><\/svg><span class=\"wp-block-social-link-label screen-reader-text\">Facebook<\/span><\/a><\/li>\n\n<\/ul>\n\n\n\n<p><strong>Adresse : <\/strong><br>22, Le Chabrerieux<br>26570 Montbrun-les-Bains<\/p>\n<\/div>\n<\/div>\n\n\n\n<ul style=\"margin-top:var(--wp--preset--spacing--superbspacing-small);margin-bottom:var(--wp--preset--spacing--superbspacing-small)\" class=\"wp-block-list\">\n<li class=\"has-superbfont-xxsmall-font-size\">Restaurant<\/li>\n\n\n\n<li class=\"has-superbfont-xxsmall-font-size\">Salon de th\u00e9<\/li>\n\n\n\n<li class=\"has-superbfont-xxsmall-font-size\">Glacier<\/li>\n<\/ul>\n","protected":false},"excerpt":{"rendered":"<p>Verveine Alexandra vous propose une cuisine engag\u00e9e, \u00e9co responsable et v\u00e9g\u00e9tarienne. Salon de th\u00e9 et glaces artisanales. Plats \u00ab\u00a0fait maison\u00a0\u00bb avec options sans gluten et sans lactose. Verveine est un endroit \u00e9l\u00e9gant et confortable pour venir prendre un jus de fruit maison, un milk-shake, un caf\u00e9 ou un chocolat chaud\u2026Pourquoi ne pas essayer aussi la [&hellip;]<\/p>\n","protected":false},"author":1,"featured_media":0,"parent":0,"menu_order":0,"comment_status":"closed","ping_status":"closed","template":"","meta":{"footnotes":""},"wf_page_folders":[32],"class_list":["post-256","page","type-page","status-publish","hentry"],"_links":{"self":[{"href":"https:\/\/montbruncommerce.com\/index.php\/wp-json\/wp\/v2\/pages\/256","targetHints":{"allow":["GET"]}}],"collection":[{"href":"https:\/\/montbruncommerce.com\/index.php\/wp-json\/wp\/v2\/pages"}],"about":[{"href":"https:\/\/montbruncommerce.com\/index.php\/wp-json\/wp\/v2\/types\/page"}],"author":[{"embeddable":true,"href":"https:\/\/montbruncommerce.com\/index.php\/wp-json\/wp\/v2\/users\/1"}],"replies":[{"embeddable":true,"href":"https:\/\/montbruncommerce.com\/index.php\/wp-json\/wp\/v2\/comments?post=256"}],"version-history":[{"count":10,"href":"https:\/\/montbruncommerce.com\/index.php\/wp-json\/wp\/v2\/pages\/256\/revisions"}],"predecessor-version":[{"id":1174,"href":"https:\/\/montbruncommerce.com\/index.php\/wp-json\/wp\/v2\/pages\/256\/revisions\/1174"}],"wp:attachment":[{"href":"https:\/\/montbruncommerce.com\/index.php\/wp-json\/wp\/v2\/media?parent=256"}],"wp:term":[{"taxonomy":"wf_page_folders","embeddable":true,"href":"https:\/\/montbruncommerce.com\/index.php\/wp-json\/wp\/v2\/wf_page_folders?post=256"}],"curies":[{"name":"wp","href":"https:\/\/api.w.org\/{rel}","templated":true}]}}