{"id":235,"date":"2025-10-05T13:42:09","date_gmt":"2025-10-05T13:42:09","guid":{"rendered":"https:\/\/montbruncommerce.com\/?page_id=235"},"modified":"2026-02-19T13:25:13","modified_gmt":"2026-02-19T13:25:13","slug":"le-stesy","status":"publish","type":"page","link":"https:\/\/montbruncommerce.com\/index.php\/le-stesy\/","title":{"rendered":"Restauration \/ Cr\u00eaperie"},"content":{"rendered":"\n<h2 class=\"wp-block-heading\">Le SteSy<\/h2>\n\n\n\n<div class=\"wp-block-columns is-layout-flex wp-container-core-columns-is-layout-28f84493 wp-block-columns-is-layout-flex\">\n<div class=\"wp-block-column is-layout-flow wp-block-column-is-layout-flow\" style=\"flex-basis:33.33%\">\n<figure class=\"wp-block-image size-full is-resized\"><img fetchpriority=\"high\" decoding=\"async\" width=\"567\" height=\"756\" src=\"https:\/\/montbruncommerce.com\/wp-content\/uploads\/2025\/10\/lestesy.jpg\" alt=\"\" class=\"wp-image-243\" style=\"width:300px\" srcset=\"https:\/\/montbruncommerce.com\/wp-content\/uploads\/2025\/10\/lestesy.jpg 567w, https:\/\/montbruncommerce.com\/wp-content\/uploads\/2025\/10\/lestesy-225x300.jpg 225w\" sizes=\"(max-width: 567px) 100vw, 567px\" \/><\/figure>\n<\/div>\n\n\n\n<div class=\"wp-block-column is-layout-flow wp-block-column-is-layout-flow\" style=\"flex-basis:66.66%\">\n<p>St\u00e9phane et Sylvie vous invitent au Stesy : l\u2019endroit parfait pour savourer un moment sal\u00e9-sucr\u00e9 dans une ambiance conviviale et chaleureuse.<\/p>\n\n\n\n<p>Situ\u00e9 au centre du village, \u00e0 cot\u00e9 de la Halle, il offre un cadre calme et reposant avec sa terrasse \u00e0 l&rsquo;ombre des tilleuls ou son int\u00e9rieur joliment am\u00e9nag\u00e9.<\/p>\n\n\n\n<p>La cr\u00eaperie propose un large choix de galettes de sarrasin aux saveurs originales d&rsquo;ici et d&rsquo;ailleurs, salades, Poke bowl en saison. Cuisine adapt\u00e9e aux Vegans, V\u00e9g\u00e9tariens et intol\u00e9rants au gluten, lactose etc.&nbsp;<\/p>\n\n\n\n<p>Un Parking gratuit \u00e0 proximit\u00e9 rend l&rsquo;acc\u00e8s facile.&nbsp;<\/p>\n\n\n\n<p>Les animaux sont les bienvenus.<\/p>\n<\/div>\n<\/div>\n\n\n\n<div class=\"wp-block-columns is-layout-flex wp-container-core-columns-is-layout-28f84493 wp-block-columns-is-layout-flex\">\n<div class=\"wp-block-column is-layout-flow wp-block-column-is-layout-flow\" style=\"flex-basis:33.33%\">\n<p><strong>Horaires :<\/strong><br>lundi Ferm\u00e9<br>mardi Ferm\u00e9<br>mercredi 11h30\/13h30 \u2013 18h30\/21h00<br>jeudi 11h30\/13h30 \u2013 18h30\/21h00<br>vendredi 11h30\/13h30 \u2013 18h30\/21h00<br>samedi 11h30\/13h30 \u2013 18h30\/21h00<br>dimanche 11h30\/13h30 \u2013 18h30\/21h00<\/p>\n\n\n\n<p><strong>Cong\u00e9s Annuels :<\/strong><br>Fermeture du 30 Novembre 2025 au 2 Mars 2026. R\u00e9ouverture le Vendredi 3 Avril 2026<br><\/p>\n<\/div>\n\n\n\n<div class=\"wp-block-column is-layout-flow wp-block-column-is-layout-flow\" style=\"flex-basis:45%\">\n<p><strong>Contact :<\/strong><br>T\u00e9l\u00e9phone : 07 45 13 98 36<br>Email : <a href=\"mailto:lestesy@laposte.net\">lestesy@laposte.net<\/a><\/p>\n\n\n\n<ul class=\"wp-block-social-links is-layout-flex wp-block-social-links-is-layout-flex\"><li style=\"opacity: 0;\" superb-addons-animation=\"bounceIn\" class=\"wp-social-link wp-social-link-facebook  wp-block-social-link\"><a href=\"https:\/\/www.facebook.com\/p\/Le-SteSy-61556356774597\/\" class=\"wp-block-social-link-anchor\"><svg width=\"24\" height=\"24\" viewBox=\"0 0 24 24\" version=\"1.1\" xmlns=\"http:\/\/www.w3.org\/2000\/svg\" aria-hidden=\"true\" focusable=\"false\"><path d=\"M12 2C6.5 2 2 6.5 2 12c0 5 3.7 9.1 8.4 9.9v-7H7.9V12h2.5V9.8c0-2.5 1.5-3.9 3.8-3.9 1.1 0 2.2.2 2.2.2v2.5h-1.3c-1.2 0-1.6.8-1.6 1.6V12h2.8l-.4 2.9h-2.3v7C18.3 21.1 22 17 22 12c0-5.5-4.5-10-10-10z\"><\/path><\/svg><span class=\"wp-block-social-link-label screen-reader-text\">Facebook<\/span><\/a><\/li>\n\n<li style=\"opacity: 0;\" superb-addons-animation=\"bounceIn\" class=\"wp-social-link wp-social-link-google  wp-block-social-link\"><a href=\"https:\/\/maps.app.goo.gl\/HM8pECiFFEUQSiw38\" class=\"wp-block-social-link-anchor\"><svg width=\"24\" height=\"24\" viewBox=\"0 0 24 24\" version=\"1.1\" xmlns=\"http:\/\/www.w3.org\/2000\/svg\" aria-hidden=\"true\" focusable=\"false\"><path d=\"M12.02,10.18v3.72v0.01h5.51c-0.26,1.57-1.67,4.22-5.5,4.22c-3.31,0-6.01-2.75-6.01-6.12s2.7-6.12,6.01-6.12 c1.87,0,3.13,0.8,3.85,1.48l2.84-2.76C16.99,2.99,14.73,2,12.03,2c-5.52,0-10,4.48-10,10s4.48,10,10,10c5.77,0,9.6-4.06,9.6-9.77 c0-0.83-0.11-1.42-0.25-2.05H12.02z\"><\/path><\/svg><span class=\"wp-block-social-link-label screen-reader-text\">Google<\/span><\/a><\/li><\/ul>\n\n\n\n<p><strong>Adresse :<\/strong><br>40, L&rsquo;Autin<br>26570 Montbrun-les-Bains<\/p>\n\n\n\n<p><br><\/p>\n<\/div>\n<\/div>\n\n\n\n<ul style=\"margin-top:var(--wp--preset--spacing--superbspacing-small);margin-bottom:var(--wp--preset--spacing--superbspacing-small)\" class=\"wp-block-list\">\n<li class=\"has-superbfont-xxsmall-font-size\">Restaurant<\/li>\n\n\n\n<li class=\"has-superbfont-xxsmall-font-size\">Cr\u00eaperie<\/li>\n<\/ul>\n","protected":false},"excerpt":{"rendered":"<p>Le SteSy St\u00e9phane et Sylvie vous invitent au Stesy : l\u2019endroit parfait pour savourer un moment sal\u00e9-sucr\u00e9 dans une ambiance conviviale et chaleureuse. Situ\u00e9 au centre du village, \u00e0 cot\u00e9 de la Halle, il offre un cadre calme et reposant avec sa terrasse \u00e0 l&rsquo;ombre des tilleuls ou son int\u00e9rieur joliment am\u00e9nag\u00e9. La cr\u00eaperie propose [&hellip;]<\/p>\n","protected":false},"author":1,"featured_media":0,"parent":0,"menu_order":0,"comment_status":"closed","ping_status":"closed","template":"","meta":{"footnotes":""},"wf_page_folders":[35],"class_list":["post-235","page","type-page","status-publish","hentry"],"_links":{"self":[{"href":"https:\/\/montbruncommerce.com\/index.php\/wp-json\/wp\/v2\/pages\/235","targetHints":{"allow":["GET"]}}],"collection":[{"href":"https:\/\/montbruncommerce.com\/index.php\/wp-json\/wp\/v2\/pages"}],"about":[{"href":"https:\/\/montbruncommerce.com\/index.php\/wp-json\/wp\/v2\/types\/page"}],"author":[{"embeddable":true,"href":"https:\/\/montbruncommerce.com\/index.php\/wp-json\/wp\/v2\/users\/1"}],"replies":[{"embeddable":true,"href":"https:\/\/montbruncommerce.com\/index.php\/wp-json\/wp\/v2\/comments?post=235"}],"version-history":[{"count":20,"href":"https:\/\/montbruncommerce.com\/index.php\/wp-json\/wp\/v2\/pages\/235\/revisions"}],"predecessor-version":[{"id":1148,"href":"https:\/\/montbruncommerce.com\/index.php\/wp-json\/wp\/v2\/pages\/235\/revisions\/1148"}],"wp:attachment":[{"href":"https:\/\/montbruncommerce.com\/index.php\/wp-json\/wp\/v2\/media?parent=235"}],"wp:term":[{"taxonomy":"wf_page_folders","embeddable":true,"href":"https:\/\/montbruncommerce.com\/index.php\/wp-json\/wp\/v2\/wf_page_folders?post=235"}],"curies":[{"name":"wp","href":"https:\/\/api.w.org\/{rel}","templated":true}]}}