{"id":202,"date":"2025-10-05T12:32:08","date_gmt":"2025-10-05T12:32:08","guid":{"rendered":"https:\/\/montbruncommerce.com\/?page_id=202"},"modified":"2025-11-20T12:34:58","modified_gmt":"2025-11-20T12:34:58","slug":"loisirs","status":"publish","type":"page","link":"https:\/\/montbruncommerce.com\/index.php\/loisirs\/","title":{"rendered":"Loisirs"},"content":{"rendered":"\n<div class=\"wp-block-group alignfull has-global-padding is-layout-constrained wp-container-core-group-is-layout-c3b3325f wp-block-group-is-layout-constrained\" style=\"margin-top:0;margin-bottom:0;padding-top:var(--wp--preset--spacing--superbspacing-large);padding-right:var(--wp--preset--spacing--superbspacing-small);padding-bottom:var(--wp--preset--spacing--superbspacing-large);padding-left:var(--wp--preset--spacing--superbspacing-small)\">\n<div class=\"wp-block-group alignwide is-vertical is-content-justification-center is-layout-flex wp-container-core-group-is-layout-4c120eef wp-block-group-is-layout-flex\">\n<h3 class=\"wp-block-heading has-text-align-left has-primary-color has-text-color has-superbfont-small-font-size\">D\u00e9tente et Action<\/h3>\n\n\n\n<h2 class=\"wp-block-heading has-text-align-center has-contrast-color has-text-color has-superbfont-xlarge-font-size\">Rencontrez nos Acteurs Locaux<\/h2>\n<\/div>\n\n\n\n<div class=\"wp-block-columns alignwide are-vertically-aligned-top is-layout-flex wp-container-core-columns-is-layout-f9d87e41 wp-block-columns-is-layout-flex\">\n<div class=\"wp-block-column is-vertically-aligned-top is-layout-flow wp-container-core-column-is-layout-db2cb278 wp-block-column-is-layout-flow\">\n<figure class=\"wp-block-image aligncenter size-full is-resized has-custom-border wp-duotone-grayscale\"><a href=\"https:\/\/montbruncommerce.com\/index.php\/loisirs-balades-en-gyropode\/\"><img fetchpriority=\"high\" decoding=\"async\" width=\"2560\" height=\"1887\" src=\"http:\/\/montbruncommerce.com\/wp-content\/uploads\/2025\/10\/7gyropodes-scaled.jpeg\" alt=\"Photo de gyropodes\" class=\"wp-image-77\" style=\"border-radius:0px;aspect-ratio:1;object-fit:cover;width:300px\" srcset=\"https:\/\/montbruncommerce.com\/wp-content\/uploads\/2025\/10\/7gyropodes-scaled.jpeg 2560w, https:\/\/montbruncommerce.com\/wp-content\/uploads\/2025\/10\/7gyropodes-300x221.jpeg 300w, https:\/\/montbruncommerce.com\/wp-content\/uploads\/2025\/10\/7gyropodes-1024x755.jpeg 1024w, https:\/\/montbruncommerce.com\/wp-content\/uploads\/2025\/10\/7gyropodes-768x566.jpeg 768w, https:\/\/montbruncommerce.com\/wp-content\/uploads\/2025\/10\/7gyropodes-1536x1132.jpeg 1536w, https:\/\/montbruncommerce.com\/wp-content\/uploads\/2025\/10\/7gyropodes-2048x1510.jpeg 2048w\" sizes=\"(max-width: 2560px) 100vw, 2560px\" \/><\/a><\/figure>\n\n\n\n<div class=\"wp-block-group has-global-padding is-layout-constrained wp-container-core-group-is-layout-85cc789f wp-block-group-is-layout-constrained\">\n<div class=\"wp-block-group has-global-padding is-layout-constrained wp-container-core-group-is-layout-19e250f3 wp-block-group-is-layout-constrained\">\n<h3 class=\"wp-block-heading has-text-align-center has-contrast-color has-text-color has-superbfont-small-font-size\">Gyro-Drome<\/h3>\n\n\n\n<h3 class=\"wp-block-heading has-text-align-center has-contrast-color has-text-color has-superbfont-xsmall-font-size\" style=\"font-style:normal;font-weight:400\">Balades en Gyropode<\/h3>\n<\/div>\n\n\n\n<p class=\"has-text-align-center has-secondary-color has-text-color has-superbfont-xsmall-font-size\">Nicolas vous accompagne en balade en gyropode.<\/p>\n\n\n\n<p class=\"has-text-align-center\"><a href=\"https:\/\/montbruncommerce.com\/index.php\/loisirs-balades-en-gyropode\/\" data-type=\"page\" data-id=\"233\">+ D&rsquo;INFORMATIONS<\/a><\/p>\n<\/div>\n<\/div>\n\n\n\n<div class=\"wp-block-column is-vertically-aligned-top is-layout-flow wp-container-core-column-is-layout-db2cb278 wp-block-column-is-layout-flow\">\n<figure class=\"wp-block-image aligncenter size-full is-resized has-custom-border wp-duotone-grayscale\"><img decoding=\"async\" width=\"612\" height=\"583\" src=\"https:\/\/montbruncommerce.com\/wp-content\/uploads\/2025\/10\/ecuriesbacchus.jpg\" alt=\"Photo de chevaux\" class=\"wp-image-761\" style=\"border-radius:0px;aspect-ratio:1;object-fit:cover;width:300px\" srcset=\"https:\/\/montbruncommerce.com\/wp-content\/uploads\/2025\/10\/ecuriesbacchus.jpg 612w, https:\/\/montbruncommerce.com\/wp-content\/uploads\/2025\/10\/ecuriesbacchus-300x286.jpg 300w\" sizes=\"(max-width: 612px) 100vw, 612px\" \/><\/figure>\n\n\n\n<div class=\"wp-block-group has-global-padding is-layout-constrained wp-container-core-group-is-layout-85cc789f wp-block-group-is-layout-constrained\">\n<div class=\"wp-block-group has-global-padding is-layout-constrained wp-container-core-group-is-layout-19e250f3 wp-block-group-is-layout-constrained\">\n<h3 class=\"wp-block-heading has-text-align-center has-contrast-color has-text-color has-superbfont-small-font-size\">Les \u00c9curies de Bacchus<\/h3>\n\n\n\n<h3 class=\"wp-block-heading has-text-align-center has-contrast-color has-text-color has-superbfont-xsmall-font-size\" style=\"font-style:normal;font-weight:400\">Balades \u00e0 cheval<\/h3>\n<\/div>\n\n\n\n<p class=\"has-text-align-center has-secondary-color has-text-color has-superbfont-xsmall-font-size\">Jean vous emm\u00e8ne d\u00e9couvrir notre territoire \u00e0 cheval ou en cal\u00e8che.<\/p>\n<\/div>\n<\/div>\n\n\n\n<div class=\"wp-block-column is-vertically-aligned-top is-layout-flow wp-container-core-column-is-layout-db2cb278 wp-block-column-is-layout-flow\">\n<figure class=\"wp-block-image aligncenter size-full is-resized has-custom-border wp-duotone-grayscale\"><img decoding=\"async\" width=\"567\" height=\"567\" src=\"https:\/\/montbruncommerce.com\/wp-content\/uploads\/2025\/10\/montbrunaventure.jpg\" alt=\"Photo de personnes faisant du canyoning\" class=\"wp-image-762\" style=\"border-radius:0px;aspect-ratio:1;object-fit:cover;width:300px\" srcset=\"https:\/\/montbruncommerce.com\/wp-content\/uploads\/2025\/10\/montbrunaventure.jpg 567w, https:\/\/montbruncommerce.com\/wp-content\/uploads\/2025\/10\/montbrunaventure-300x300.jpg 300w, https:\/\/montbruncommerce.com\/wp-content\/uploads\/2025\/10\/montbrunaventure-150x150.jpg 150w\" sizes=\"(max-width: 567px) 100vw, 567px\" \/><\/figure>\n\n\n\n<div class=\"wp-block-group has-global-padding is-layout-constrained wp-container-core-group-is-layout-85cc789f wp-block-group-is-layout-constrained\">\n<div class=\"wp-block-group has-global-padding is-layout-constrained wp-container-core-group-is-layout-19e250f3 wp-block-group-is-layout-constrained\">\n<h3 class=\"wp-block-heading has-text-align-center has-contrast-color has-text-color has-superbfont-small-font-size\">Montbrun Aventure<\/h3>\n\n\n\n<h3 class=\"wp-block-heading has-text-align-center has-contrast-color has-text-color has-superbfont-xsmall-font-size\" style=\"font-style:normal;font-weight:400\">Escalade \/ Via Ferrata \/ Canyoning<\/h3>\n<\/div>\n\n\n\n<p class=\"has-text-align-center has-secondary-color has-text-color has-superbfont-xsmall-font-size\">Valentin encadre vos sorties sportives.<\/p>\n<\/div>\n<\/div>\n\n\n\n<div class=\"wp-block-column is-vertically-aligned-top is-layout-flow wp-container-core-column-is-layout-db2cb278 wp-block-column-is-layout-flow\">\n<figure class=\"wp-block-image aligncenter size-full is-resized has-custom-border wp-duotone-grayscale\"><img loading=\"lazy\" decoding=\"async\" width=\"850\" height=\"850\" src=\"http:\/\/montbruncommerce.com\/wp-content\/uploads\/2025\/10\/fondflou.jpg\" alt=\"Photo de la fa\u00e7ade de la boutique La Savonnerie en Provence\" class=\"wp-image-200\" style=\"border-radius:0px;aspect-ratio:1;object-fit:cover;width:300px\" srcset=\"https:\/\/montbruncommerce.com\/wp-content\/uploads\/2025\/10\/fondflou.jpg 850w, https:\/\/montbruncommerce.com\/wp-content\/uploads\/2025\/10\/fondflou-300x300.jpg 300w, https:\/\/montbruncommerce.com\/wp-content\/uploads\/2025\/10\/fondflou-150x150.jpg 150w, https:\/\/montbruncommerce.com\/wp-content\/uploads\/2025\/10\/fondflou-768x768.jpg 768w\" sizes=\"(max-width: 850px) 100vw, 850px\" \/><\/figure>\n\n\n\n<div class=\"wp-block-group has-global-padding is-layout-constrained wp-container-core-group-is-layout-85cc789f wp-block-group-is-layout-constrained\">\n<div class=\"wp-block-group has-global-padding is-layout-constrained wp-container-core-group-is-layout-19e250f3 wp-block-group-is-layout-constrained\">\n<h3 class=\"wp-block-heading has-text-align-center has-contrast-color has-text-color has-superbfont-small-font-size\">Geo2<\/h3>\n\n\n\n<h3 class=\"wp-block-heading has-text-align-center has-contrast-color has-text-color has-superbfont-xsmall-font-size\" style=\"font-style:normal;font-weight:400\">Sensibilisation \u00e0 l&rsquo;environnement<\/h3>\n<\/div>\n\n\n\n<p class=\"has-text-align-center has-secondary-color has-text-color has-superbfont-xsmall-font-size\">Gilles vous initie \u00e0 la faune et \u00e0 la flore de notre territoire.<\/p>\n<\/div>\n<\/div>\n<\/div>\n\n\n\n<div class=\"wp-block-columns alignwide are-vertically-aligned-top is-layout-flex wp-container-core-columns-is-layout-f9d87e41 wp-block-columns-is-layout-flex\">\n<div class=\"wp-block-column is-vertically-aligned-top is-layout-flow wp-container-core-column-is-layout-db2cb278 wp-block-column-is-layout-flow\">\n<figure class=\"wp-block-image aligncenter size-full is-resized has-custom-border wp-duotone-grayscale\"><img loading=\"lazy\" decoding=\"async\" width=\"567\" height=\"567\" src=\"https:\/\/montbruncommerce.com\/wp-content\/uploads\/2025\/10\/savonnerieenprovence.jpg\" alt=\"Photo de la boutique de la Savonnerie en Provence\" class=\"wp-image-764\" style=\"border-radius:0px;aspect-ratio:1;object-fit:cover;width:300px\" srcset=\"https:\/\/montbruncommerce.com\/wp-content\/uploads\/2025\/10\/savonnerieenprovence.jpg 567w, https:\/\/montbruncommerce.com\/wp-content\/uploads\/2025\/10\/savonnerieenprovence-300x300.jpg 300w, https:\/\/montbruncommerce.com\/wp-content\/uploads\/2025\/10\/savonnerieenprovence-150x150.jpg 150w\" sizes=\"(max-width: 567px) 100vw, 567px\" \/><\/figure>\n\n\n\n<div class=\"wp-block-group has-global-padding is-layout-constrained wp-container-core-group-is-layout-85cc789f wp-block-group-is-layout-constrained\">\n<div class=\"wp-block-group has-global-padding is-layout-constrained wp-container-core-group-is-layout-19e250f3 wp-block-group-is-layout-constrained\">\n<h3 class=\"wp-block-heading has-text-align-center has-contrast-color has-text-color has-superbfont-small-font-size\">La Savonnerie en Provence<\/h3>\n\n\n\n<h3 class=\"wp-block-heading has-text-align-center has-contrast-color has-text-color has-superbfont-xsmall-font-size\" style=\"font-style:normal;font-weight:400\">Artisan Savonnier<\/h3>\n<\/div>\n\n\n\n<p class=\"has-text-align-center has-secondary-color has-text-color has-superbfont-xsmall-font-size\">Sylvie vous d\u00e9voilera les secrets de la fabrication des savons.<\/p>\n<\/div>\n<\/div>\n\n\n\n<div class=\"wp-block-column is-vertically-aligned-top is-layout-flow wp-container-core-column-is-layout-db2cb278 wp-block-column-is-layout-flow\">\n<figure class=\"wp-block-image aligncenter size-full is-resized has-custom-border wp-duotone-grayscale\"><img loading=\"lazy\" decoding=\"async\" width=\"409\" height=\"409\" src=\"https:\/\/montbruncommerce.com\/wp-content\/uploads\/2025\/10\/accroroc.jpeg\" alt=\"Photo d'un pont suspendu de l'accrobranche\" class=\"wp-image-765\" style=\"border-radius:0px;aspect-ratio:1;object-fit:cover;width:300px\" srcset=\"https:\/\/montbruncommerce.com\/wp-content\/uploads\/2025\/10\/accroroc.jpeg 409w, https:\/\/montbruncommerce.com\/wp-content\/uploads\/2025\/10\/accroroc-300x300.jpeg 300w, https:\/\/montbruncommerce.com\/wp-content\/uploads\/2025\/10\/accroroc-150x150.jpeg 150w\" sizes=\"(max-width: 409px) 100vw, 409px\" \/><\/figure>\n\n\n\n<div class=\"wp-block-group has-global-padding is-layout-constrained wp-container-core-group-is-layout-85cc789f wp-block-group-is-layout-constrained\">\n<div class=\"wp-block-group has-global-padding is-layout-constrained wp-container-core-group-is-layout-19e250f3 wp-block-group-is-layout-constrained\">\n<h3 class=\"wp-block-heading has-text-align-center has-contrast-color has-text-color has-superbfont-small-font-size\">Accroroc<\/h3>\n\n\n\n<h3 class=\"wp-block-heading has-text-align-center has-contrast-color has-text-color has-superbfont-xsmall-font-size\" style=\"font-style:normal;font-weight:400\">Parc Aventure<\/h3>\n<\/div>\n\n\n\n<p class=\"has-text-align-center has-secondary-color has-text-color has-superbfont-xsmall-font-size\">Thierry vous propose ses parcours d&rsquo;accrobranche.<\/p>\n<\/div>\n<\/div>\n\n\n\n<div class=\"wp-block-column is-vertically-aligned-top is-layout-flow wp-container-core-column-is-layout-db2cb278 wp-block-column-is-layout-flow\">\n<figure class=\"wp-block-image aligncenter size-full is-resized has-custom-border wp-duotone-grayscale\"><img loading=\"lazy\" decoding=\"async\" width=\"567\" height=\"567\" src=\"https:\/\/montbruncommerce.com\/wp-content\/uploads\/2025\/10\/piscinemunicipale.jpg\" alt=\"Photo de l'entr\u00e9e de la piscine municipale\" class=\"wp-image-807\" style=\"border-radius:0px;aspect-ratio:1;object-fit:cover;width:300px\" srcset=\"https:\/\/montbruncommerce.com\/wp-content\/uploads\/2025\/10\/piscinemunicipale.jpg 567w, https:\/\/montbruncommerce.com\/wp-content\/uploads\/2025\/10\/piscinemunicipale-300x300.jpg 300w, https:\/\/montbruncommerce.com\/wp-content\/uploads\/2025\/10\/piscinemunicipale-150x150.jpg 150w\" sizes=\"(max-width: 567px) 100vw, 567px\" \/><\/figure>\n\n\n\n<div class=\"wp-block-group has-global-padding is-layout-constrained wp-container-core-group-is-layout-85cc789f wp-block-group-is-layout-constrained\">\n<div class=\"wp-block-group has-global-padding is-layout-constrained wp-container-core-group-is-layout-19e250f3 wp-block-group-is-layout-constrained\">\n<h3 class=\"wp-block-heading has-text-align-center has-contrast-color has-text-color has-superbfont-small-font-size\">Piscine Municipale<\/h3>\n\n\n\n<h3 class=\"wp-block-heading has-text-align-center has-contrast-color has-text-color has-superbfont-xsmall-font-size\" style=\"font-style:normal;font-weight:400\">Piscine<\/h3>\n<\/div>\n\n\n\n<p class=\"has-text-align-center has-secondary-color has-text-color has-superbfont-xsmall-font-size\">Montbrun-les-Bains dispose d&rsquo;une piscine municipale ouverte lors de la saison estivale.<\/p>\n<\/div>\n<\/div>\n\n\n\n<div class=\"wp-block-column is-vertically-aligned-top is-layout-flow wp-container-core-column-is-layout-db2cb278 wp-block-column-is-layout-flow\">\n<figure class=\"wp-block-image aligncenter size-full is-resized has-custom-border wp-duotone-grayscale\"><img loading=\"lazy\" decoding=\"async\" width=\"1000\" height=\"749\" src=\"https:\/\/montbruncommerce.com\/wp-content\/uploads\/2025\/11\/Office-Tourisme-Biblio.jpeg\" alt=\"Photo de la fa\u00e7ade de l'Office du Tourisme et de la Biblioth\u00e8que\" class=\"wp-image-1000\" style=\"border-radius:0px;aspect-ratio:1;object-fit:cover;width:300px\" srcset=\"https:\/\/montbruncommerce.com\/wp-content\/uploads\/2025\/11\/Office-Tourisme-Biblio.jpeg 1000w, https:\/\/montbruncommerce.com\/wp-content\/uploads\/2025\/11\/Office-Tourisme-Biblio-300x225.jpeg 300w, https:\/\/montbruncommerce.com\/wp-content\/uploads\/2025\/11\/Office-Tourisme-Biblio-768x575.jpeg 768w\" sizes=\"(max-width: 1000px) 100vw, 1000px\" \/><\/figure>\n\n\n\n<div class=\"wp-block-group has-global-padding is-layout-constrained wp-container-core-group-is-layout-85cc789f wp-block-group-is-layout-constrained\">\n<div class=\"wp-block-group has-global-padding is-layout-constrained wp-container-core-group-is-layout-19e250f3 wp-block-group-is-layout-constrained\">\n<h3 class=\"wp-block-heading has-text-align-center has-contrast-color has-text-color has-superbfont-small-font-size\">L&rsquo;Office du Tourisme<\/h3>\n\n\n\n<h3 class=\"wp-block-heading has-text-align-center has-contrast-color has-text-color has-superbfont-xsmall-font-size\" style=\"font-style:normal;font-weight:400\">Office du Tourimse<\/h3>\n<\/div>\n\n\n\n<p class=\"has-text-align-center has-secondary-color has-text-color has-superbfont-xsmall-font-size\">Oc\u00e9ane et Emma vous conseillent et vous orientent.<\/p>\n<\/div>\n<\/div>\n<\/div>\n\n\n\n<div class=\"wp-block-columns alignwide are-vertically-aligned-top is-layout-flex wp-container-core-columns-is-layout-f9d87e41 wp-block-columns-is-layout-flex\">\n<div class=\"wp-block-column is-vertically-aligned-top is-layout-flow wp-container-core-column-is-layout-db2cb278 wp-block-column-is-layout-flow\">\n<figure class=\"wp-block-image aligncenter size-full is-resized has-custom-border wp-duotone-grayscale\"><img loading=\"lazy\" decoding=\"async\" width=\"567\" height=\"567\" src=\"https:\/\/montbruncommerce.com\/wp-content\/uploads\/2025\/10\/ecoleparapente.jpg\" alt=\"Photo de parapentistes\" class=\"wp-image-767\" style=\"border-radius:0px;aspect-ratio:1;object-fit:cover;width:300px\" srcset=\"https:\/\/montbruncommerce.com\/wp-content\/uploads\/2025\/10\/ecoleparapente.jpg 567w, https:\/\/montbruncommerce.com\/wp-content\/uploads\/2025\/10\/ecoleparapente-300x300.jpg 300w, https:\/\/montbruncommerce.com\/wp-content\/uploads\/2025\/10\/ecoleparapente-150x150.jpg 150w\" sizes=\"(max-width: 567px) 100vw, 567px\" \/><\/figure>\n\n\n\n<div class=\"wp-block-group has-global-padding is-layout-constrained wp-container-core-group-is-layout-85cc789f wp-block-group-is-layout-constrained\">\n<div class=\"wp-block-group has-global-padding is-layout-constrained wp-container-core-group-is-layout-19e250f3 wp-block-group-is-layout-constrained\">\n<h3 class=\"wp-block-heading has-text-align-center has-contrast-color has-text-color has-superbfont-small-font-size\">Ecole de Parapente<\/h3>\n\n\n\n<h3 class=\"wp-block-heading has-text-align-center has-contrast-color has-text-color has-superbfont-xsmall-font-size\" style=\"font-style:normal;font-weight:400\">Parapente<\/h3>\n<\/div>\n\n\n\n<p class=\"has-text-align-center has-secondary-color has-text-color has-superbfont-xsmall-font-size\">Envoyez-vous en l&rsquo;air ! Stages, bapt\u00eames, formations.<\/p>\n<\/div>\n<\/div>\n\n\n\n<div class=\"wp-block-column is-vertically-aligned-top is-layout-flow wp-container-core-column-is-layout-db2cb278 wp-block-column-is-layout-flow\">\n<figure class=\"wp-block-image aligncenter size-full is-resized has-custom-border wp-duotone-grayscale\"><img loading=\"lazy\" decoding=\"async\" width=\"567\" height=\"564\" src=\"https:\/\/montbruncommerce.com\/wp-content\/uploads\/2025\/10\/chateauaulan.jpg\" alt=\"Photo a\u00e9rienne du Chateau d'Aulan\" class=\"wp-image-766\" style=\"border-radius:0px;aspect-ratio:1;object-fit:cover;width:300px\" srcset=\"https:\/\/montbruncommerce.com\/wp-content\/uploads\/2025\/10\/chateauaulan.jpg 567w, https:\/\/montbruncommerce.com\/wp-content\/uploads\/2025\/10\/chateauaulan-300x298.jpg 300w, https:\/\/montbruncommerce.com\/wp-content\/uploads\/2025\/10\/chateauaulan-150x150.jpg 150w\" sizes=\"(max-width: 567px) 100vw, 567px\" \/><\/figure>\n\n\n\n<div class=\"wp-block-group has-global-padding is-layout-constrained wp-container-core-group-is-layout-85cc789f wp-block-group-is-layout-constrained\">\n<div class=\"wp-block-group has-global-padding is-layout-constrained wp-container-core-group-is-layout-19e250f3 wp-block-group-is-layout-constrained\">\n<h3 class=\"wp-block-heading has-text-align-center has-contrast-color has-text-color has-superbfont-small-font-size\">Chateau d&rsquo;Aulan<\/h3>\n\n\n\n<h3 class=\"wp-block-heading has-text-align-center has-contrast-color has-text-color has-superbfont-xsmall-font-size\" style=\"font-style:normal;font-weight:400\">Chateau<\/h3>\n<\/div>\n\n\n\n<p class=\"has-text-align-center has-secondary-color has-text-color has-superbfont-xsmall-font-size\">Visitez la demeure familiale des Suarez d&rsquo;Aulan, une d\u00e9couverte insolite.<\/p>\n<\/div>\n<\/div>\n\n\n\n<div class=\"wp-block-column is-vertically-aligned-top is-layout-flow wp-container-core-column-is-layout-db2cb278 wp-block-column-is-layout-flow\"><\/div>\n\n\n\n<div class=\"wp-block-column is-vertically-aligned-top is-layout-flow wp-container-core-column-is-layout-db2cb278 wp-block-column-is-layout-flow\"><\/div>\n<\/div>\n<\/div>\n","protected":false},"excerpt":{"rendered":"<p>D\u00e9tente et Action Rencontrez nos Acteurs Locaux Gyro-Drome Balades en Gyropode Nicolas vous accompagne en balade en gyropode. + D&rsquo;INFORMATIONS Les \u00c9curies de Bacchus Balades \u00e0 cheval Jean vous emm\u00e8ne d\u00e9couvrir notre territoire \u00e0 cheval ou en cal\u00e8che. Montbrun Aventure Escalade \/ Via Ferrata \/ Canyoning Valentin encadre vos sorties sportives. Geo2 Sensibilisation \u00e0 l&rsquo;environnement [&hellip;]<\/p>\n","protected":false},"author":1,"featured_media":0,"parent":0,"menu_order":0,"comment_status":"closed","ping_status":"closed","template":"","meta":{"footnotes":""},"wf_page_folders":[70],"class_list":["post-202","page","type-page","status-publish","hentry"],"_links":{"self":[{"href":"https:\/\/montbruncommerce.com\/index.php\/wp-json\/wp\/v2\/pages\/202","targetHints":{"allow":["GET"]}}],"collection":[{"href":"https:\/\/montbruncommerce.com\/index.php\/wp-json\/wp\/v2\/pages"}],"about":[{"href":"https:\/\/montbruncommerce.com\/index.php\/wp-json\/wp\/v2\/types\/page"}],"author":[{"embeddable":true,"href":"https:\/\/montbruncommerce.com\/index.php\/wp-json\/wp\/v2\/users\/1"}],"replies":[{"embeddable":true,"href":"https:\/\/montbruncommerce.com\/index.php\/wp-json\/wp\/v2\/comments?post=202"}],"version-history":[{"count":20,"href":"https:\/\/montbruncommerce.com\/index.php\/wp-json\/wp\/v2\/pages\/202\/revisions"}],"predecessor-version":[{"id":1016,"href":"https:\/\/montbruncommerce.com\/index.php\/wp-json\/wp\/v2\/pages\/202\/revisions\/1016"}],"wp:attachment":[{"href":"https:\/\/montbruncommerce.com\/index.php\/wp-json\/wp\/v2\/media?parent=202"}],"wp:term":[{"taxonomy":"wf_page_folders","embeddable":true,"href":"https:\/\/montbruncommerce.com\/index.php\/wp-json\/wp\/v2\/wf_page_folders?post=202"}],"curies":[{"name":"wp","href":"https:\/\/api.w.org\/{rel}","templated":true}]}}