{"id":164,"date":"2025-10-04T16:01:06","date_gmt":"2025-10-04T16:01:06","guid":{"rendered":"https:\/\/montbruncommerce.com\/?page_id=164"},"modified":"2026-03-06T14:16:28","modified_gmt":"2026-03-06T14:16:28","slug":"art-de-vivre","status":"publish","type":"page","link":"https:\/\/montbruncommerce.com\/index.php\/art-de-vivre\/","title":{"rendered":"Art de Vivre"},"content":{"rendered":"\n<p>S\u2019\u00e9quiper, d\u00e9corer, se faire plaisir\u2026 \u00e0 Montbrun-les-Bains. En Drome Proven\u00e7ale, on aime la d\u00e9coration, les jolis v\u00eatements et on est \u00e9galement tr\u00e8s gourmands !<\/p>\n\n\n\n<div class=\"wp-block-group alignfull has-global-padding is-layout-constrained wp-container-core-group-is-layout-c3b3325f wp-block-group-is-layout-constrained\" style=\"margin-top:0;margin-bottom:0;padding-top:var(--wp--preset--spacing--superbspacing-large);padding-right:var(--wp--preset--spacing--superbspacing-small);padding-bottom:var(--wp--preset--spacing--superbspacing-large);padding-left:var(--wp--preset--spacing--superbspacing-small)\">\n<div class=\"wp-block-group alignwide is-vertical is-content-justification-center is-layout-flex wp-container-core-group-is-layout-4c120eef wp-block-group-is-layout-flex\">\n<h3 class=\"wp-block-heading has-text-align-left has-primary-color has-text-color has-superbfont-small-font-size\">La Passion et l&rsquo;exp\u00e9rience<\/h3>\n\n\n\n<h2 class=\"wp-block-heading has-text-align-center has-contrast-color has-text-color has-superbfont-xlarge-font-size\">Rencontrez nos Commer\u00e7ants<\/h2>\n<\/div>\n\n\n\n<div class=\"wp-block-columns alignwide are-vertically-aligned-top is-layout-flex wp-container-core-columns-is-layout-f9d87e41 wp-block-columns-is-layout-flex\">\n<div class=\"wp-block-column is-vertically-aligned-top is-layout-flow wp-container-core-column-is-layout-db2cb278 wp-block-column-is-layout-flow\">\n<figure class=\"wp-block-image aligncenter size-full is-resized has-custom-border wp-duotone-grayscale\"><a href=\"https:\/\/montbruncommerce.com\/index.php\/pepiniere\/\"><img fetchpriority=\"high\" decoding=\"async\" width=\"567\" height=\"425\" src=\"http:\/\/montbruncommerce.com\/wp-content\/uploads\/2025\/10\/ORCHIDEE-ANGELIQUE_Photo-Facade-by-ALM.jpg\" alt=\"Photo de la fa\u00e7ade de la p\u00e9pini\u00e8re l'orchid\u00e9e ang\u00e9lique\" class=\"wp-image-336\" style=\"border-radius:0px;aspect-ratio:1;object-fit:cover;width:300px\" srcset=\"https:\/\/montbruncommerce.com\/wp-content\/uploads\/2025\/10\/ORCHIDEE-ANGELIQUE_Photo-Facade-by-ALM.jpg 567w, https:\/\/montbruncommerce.com\/wp-content\/uploads\/2025\/10\/ORCHIDEE-ANGELIQUE_Photo-Facade-by-ALM-300x225.jpg 300w\" sizes=\"(max-width: 567px) 100vw, 567px\" \/><\/a><\/figure>\n\n\n\n<div class=\"wp-block-group has-global-padding is-layout-constrained wp-container-core-group-is-layout-85cc789f wp-block-group-is-layout-constrained\">\n<div class=\"wp-block-group has-global-padding is-layout-constrained wp-container-core-group-is-layout-19e250f3 wp-block-group-is-layout-constrained\">\n<h3 class=\"wp-block-heading has-text-align-center has-contrast-color has-text-color has-superbfont-small-font-size\">L&rsquo;Orchid\u00e9e Angelique<\/h3>\n\n\n\n<h3 class=\"wp-block-heading has-text-align-center has-contrast-color has-text-color has-superbfont-xsmall-font-size\" style=\"font-style:normal;font-weight:400\">P\u00e9pini\u00e8re<\/h3>\n<\/div>\n\n\n\n<p class=\"has-text-align-center has-secondary-color has-text-color has-superbfont-xsmall-font-size\">Paola vous conseille pour vos plantes d&rsquo;int\u00e9rieur et d&rsquo;ext\u00e9rieur.<br><br><\/p>\n\n\n\n<p class=\"has-text-align-center has-secondary-color has-text-color\"><a href=\"https:\/\/montbruncommerce.com\/index.php\/pepiniere\/\" data-type=\"page\" data-id=\"271\">+ D&rsquo;INFORMATIONS<\/a><\/p>\n<\/div>\n<\/div>\n\n\n\n<div class=\"wp-block-column is-vertically-aligned-top is-layout-flow wp-container-core-column-is-layout-db2cb278 wp-block-column-is-layout-flow\">\n<figure class=\"wp-block-image aligncenter size-full is-resized has-custom-border wp-duotone-grayscale\"><a href=\"https:\/\/montbruncommerce.com\/index.php\/atelier-de-creation\/\"><img decoding=\"async\" width=\"567\" height=\"425\" src=\"https:\/\/montbruncommerce.com\/wp-content\/uploads\/2025\/10\/Magie-du-Fil-_Photo-Facade-by-ALM-1.jpg\" alt=\"Photo de la vitrine de la boutique la magie du fil\" class=\"wp-image-643\" style=\"border-radius:0px;aspect-ratio:1;object-fit:cover;width:300px\" srcset=\"https:\/\/montbruncommerce.com\/wp-content\/uploads\/2025\/10\/Magie-du-Fil-_Photo-Facade-by-ALM-1.jpg 567w, https:\/\/montbruncommerce.com\/wp-content\/uploads\/2025\/10\/Magie-du-Fil-_Photo-Facade-by-ALM-1-300x225.jpg 300w\" sizes=\"(max-width: 567px) 100vw, 567px\" \/><\/a><\/figure>\n\n\n\n<div class=\"wp-block-group has-global-padding is-layout-constrained wp-container-core-group-is-layout-85cc789f wp-block-group-is-layout-constrained\">\n<div class=\"wp-block-group has-global-padding is-layout-constrained wp-container-core-group-is-layout-19e250f3 wp-block-group-is-layout-constrained\">\n<h3 class=\"wp-block-heading has-text-align-center has-contrast-color has-text-color has-superbfont-small-font-size\">La Magie du Fil<\/h3>\n\n\n\n<h3 class=\"wp-block-heading has-text-align-center has-contrast-color has-text-color has-superbfont-xsmall-font-size\" style=\"font-style:normal;font-weight:400\">D\u00e9coration<\/h3>\n<\/div>\n\n\n\n<p class=\"has-text-align-center has-secondary-color has-text-color has-superbfont-xsmall-font-size\">Cr\u00e9ations textiles, responsables et ing\u00e9nieuses pour la cuisine, la salle de bains, les enfants et les amateurs de cadeaux inspir\u00e9s.<\/p>\n\n\n\n<p class=\"has-text-align-center\"><a href=\"https:\/\/montbruncommerce.com\/index.php\/atelier-de-creation\/\">+ D&rsquo;INFORMATIONS<\/a><\/p>\n<\/div>\n<\/div>\n\n\n\n<div class=\"wp-block-column is-vertically-aligned-top is-layout-flow wp-container-core-column-is-layout-db2cb278 wp-block-column-is-layout-flow\">\n<figure class=\"wp-block-image aligncenter size-full is-resized has-custom-border wp-duotone-grayscale\"><a href=\"https:\/\/montbruncommerce.com\/index.php\/atelier-de-creation-de-sacs\/\"><img decoding=\"async\" width=\"408\" height=\"503\" src=\"https:\/\/montbruncommerce.com\/wp-content\/uploads\/2025\/11\/Photo-Stand.png\" alt=\"photo des articles de Valentine Guilliny cr\u00e9ations\" class=\"wp-image-933\" style=\"border-radius:0px;aspect-ratio:1;object-fit:cover;width:300px\" srcset=\"https:\/\/montbruncommerce.com\/wp-content\/uploads\/2025\/11\/Photo-Stand.png 408w, https:\/\/montbruncommerce.com\/wp-content\/uploads\/2025\/11\/Photo-Stand-243x300.png 243w\" sizes=\"(max-width: 408px) 100vw, 408px\" \/><\/a><\/figure>\n\n\n\n<div class=\"wp-block-group has-global-padding is-layout-constrained wp-container-core-group-is-layout-85cc789f wp-block-group-is-layout-constrained\">\n<div class=\"wp-block-group has-global-padding is-layout-constrained wp-container-core-group-is-layout-19e250f3 wp-block-group-is-layout-constrained\">\n<h3 class=\"wp-block-heading has-text-align-center has-contrast-color has-text-color has-superbfont-small-font-size\">Valentine Guilliny<\/h3>\n\n\n\n<h3 class=\"wp-block-heading has-text-align-center has-contrast-color has-text-color has-superbfont-xsmall-font-size\" style=\"font-style:normal;font-weight:400\">Cr\u00e9ations<\/h3>\n<\/div>\n\n\n\n<p class=\"has-text-align-center has-secondary-color has-text-color has-superbfont-xsmall-font-size\">Valentine con\u00e7oit des sacs et des accessoires, \u00e0 la main, dans des mati\u00e8res recycl\u00e9es.<br><br><\/p>\n\n\n\n<p class=\"has-text-align-center\"><a href=\"https:\/\/montbruncommerce.com\/index.php\/atelier-de-creation-de-sacs\/\" data-type=\"page\" data-id=\"553\">+ D&rsquo;INFORMATIONS<\/a><\/p>\n<\/div>\n<\/div>\n\n\n\n<div class=\"wp-block-column is-vertically-aligned-top is-layout-flow wp-container-core-column-is-layout-db2cb278 wp-block-column-is-layout-flow\">\n<figure class=\"wp-block-image aligncenter size-full is-resized has-custom-border wp-duotone-grayscale\"><a href=\"https:\/\/montbruncommerce.com\/index.php\/institut-de-beaute\/\"><img loading=\"lazy\" decoding=\"async\" width=\"1080\" height=\"1110\" src=\"https:\/\/montbruncommerce.com\/wp-content\/uploads\/2025\/10\/mariposa.png\" alt=\"Photo de la fa\u00e7ade de l'institut de beaut\u00e9 mariposa\" class=\"wp-image-172\" style=\"border-radius:0px;aspect-ratio:1;object-fit:cover;width:300px\" srcset=\"https:\/\/montbruncommerce.com\/wp-content\/uploads\/2025\/10\/mariposa.png 1080w, https:\/\/montbruncommerce.com\/wp-content\/uploads\/2025\/10\/mariposa-292x300.png 292w, https:\/\/montbruncommerce.com\/wp-content\/uploads\/2025\/10\/mariposa-996x1024.png 996w, https:\/\/montbruncommerce.com\/wp-content\/uploads\/2025\/10\/mariposa-768x789.png 768w\" sizes=\"(max-width: 1080px) 100vw, 1080px\" \/><\/a><\/figure>\n\n\n\n<div class=\"wp-block-group has-global-padding is-layout-constrained wp-container-core-group-is-layout-85cc789f wp-block-group-is-layout-constrained\">\n<div class=\"wp-block-group has-global-padding is-layout-constrained wp-container-core-group-is-layout-19e250f3 wp-block-group-is-layout-constrained\">\n<h3 class=\"wp-block-heading has-text-align-center has-contrast-color has-text-color has-superbfont-small-font-size\">Mariposa<\/h3>\n\n\n\n<h3 class=\"wp-block-heading has-text-align-center has-contrast-color has-text-color has-superbfont-xsmall-font-size\" style=\"font-style:normal;font-weight:400\">Institut de Beaut\u00e9<\/h3>\n<\/div>\n\n\n\n<p class=\"has-text-align-center has-secondary-color has-text-color has-superbfont-xsmall-font-size\">Maria vous propose des soins esth\u00e9tique pour Elle &amp; Lui. Lingerie, bijoux et maillots de bains.<br><\/p>\n\n\n\n<p class=\"has-text-align-center has-secondary-color has-text-color\"><a href=\"https:\/\/montbruncommerce.com\/index.php\/institut-de-beaute\/\" data-type=\"page\" data-id=\"277\">+ D&rsquo;INFORMATIONS<\/a><\/p>\n<\/div>\n<\/div>\n<\/div>\n\n\n\n<div class=\"wp-block-columns alignwide are-vertically-aligned-top is-layout-flex wp-container-core-columns-is-layout-f9d87e41 wp-block-columns-is-layout-flex\">\n<div class=\"wp-block-column is-vertically-aligned-top is-layout-flow wp-container-core-column-is-layout-db2cb278 wp-block-column-is-layout-flow\">\n<figure class=\"wp-block-image aligncenter size-full is-resized has-custom-border wp-duotone-grayscale\"><a href=\"https:\/\/montbruncommerce.com\/index.php\/decoration-fleuriste\/\"><img loading=\"lazy\" decoding=\"async\" width=\"970\" height=\"938\" src=\"https:\/\/montbruncommerce.com\/wp-content\/uploads\/2025\/10\/Au-jardin-de-Montbrun.png\" alt=\"photo de la boutique florale et d\u00e9coration au jardin de montbrun\" class=\"wp-image-165\" style=\"border-radius:0px;aspect-ratio:1;object-fit:cover;width:300px\" srcset=\"https:\/\/montbruncommerce.com\/wp-content\/uploads\/2025\/10\/Au-jardin-de-Montbrun.png 970w, https:\/\/montbruncommerce.com\/wp-content\/uploads\/2025\/10\/Au-jardin-de-Montbrun-300x290.png 300w, https:\/\/montbruncommerce.com\/wp-content\/uploads\/2025\/10\/Au-jardin-de-Montbrun-768x743.png 768w\" sizes=\"(max-width: 970px) 100vw, 970px\" \/><\/a><\/figure>\n\n\n\n<div class=\"wp-block-group has-global-padding is-layout-constrained wp-container-core-group-is-layout-85cc789f wp-block-group-is-layout-constrained\">\n<div class=\"wp-block-group has-global-padding is-layout-constrained wp-container-core-group-is-layout-19e250f3 wp-block-group-is-layout-constrained\">\n<h3 class=\"wp-block-heading has-text-align-center has-contrast-color has-text-color has-superbfont-small-font-size\">Au Jardin de Montbrun<\/h3>\n\n\n\n<h3 class=\"wp-block-heading has-text-align-center has-contrast-color has-text-color has-superbfont-xsmall-font-size\" style=\"font-style:normal;font-weight:400\">Boutique Florale<\/h3>\n<\/div>\n\n\n\n<p class=\"has-text-align-center has-secondary-color has-text-color has-superbfont-xsmall-font-size\">Chantal &amp; Paola vous accueillent pour vous faire d\u00e9couvrir leur boutique florale et d\u00e9coration.<\/p>\n\n\n\n<p class=\"has-text-align-center has-secondary-color has-text-color\"><a href=\"https:\/\/montbruncommerce.com\/index.php\/decoration-fleuriste\/\" data-type=\"page\" data-id=\"263\">+ D&rsquo;INFORMATIONS<\/a><\/p>\n<\/div>\n<\/div>\n\n\n\n<div class=\"wp-block-column is-vertically-aligned-top is-layout-flow wp-container-core-column-is-layout-db2cb278 wp-block-column-is-layout-flow\">\n<figure class=\"wp-block-image aligncenter size-full is-resized has-custom-border wp-duotone-grayscale\"><a href=\"https:\/\/montbruncommerce.com\/index.php\/art-de-vivre-lavande\/\"><img loading=\"lazy\" decoding=\"async\" width=\"1000\" height=\"750\" src=\"https:\/\/montbruncommerce.com\/wp-content\/uploads\/2025\/11\/GENERATION-LAVANDE.jpg\" alt=\"Photo de la boutique G\u00e9n\u00e9ration lavande\" class=\"wp-image-1031\" style=\"border-radius:0px;aspect-ratio:1;object-fit:cover;width:300px\" srcset=\"https:\/\/montbruncommerce.com\/wp-content\/uploads\/2025\/11\/GENERATION-LAVANDE.jpg 1000w, https:\/\/montbruncommerce.com\/wp-content\/uploads\/2025\/11\/GENERATION-LAVANDE-300x225.jpg 300w, https:\/\/montbruncommerce.com\/wp-content\/uploads\/2025\/11\/GENERATION-LAVANDE-768x576.jpg 768w\" sizes=\"(max-width: 1000px) 100vw, 1000px\" \/><\/a><\/figure>\n\n\n\n<div class=\"wp-block-group has-global-padding is-layout-constrained wp-container-core-group-is-layout-85cc789f wp-block-group-is-layout-constrained\">\n<div class=\"wp-block-group has-global-padding is-layout-constrained wp-container-core-group-is-layout-19e250f3 wp-block-group-is-layout-constrained\">\n<h3 class=\"wp-block-heading has-text-align-center has-contrast-color has-text-color has-superbfont-small-font-size\">G\u00e9n\u00e9ration Lavande<\/h3>\n\n\n\n<h3 class=\"wp-block-heading has-text-align-center has-contrast-color has-text-color has-superbfont-xsmall-font-size\" style=\"font-style:normal;font-weight:400\">Produits lavande<\/h3>\n<\/div>\n\n\n\n<p class=\"has-text-align-center has-secondary-color has-text-color has-superbfont-xsmall-font-size\">Anna est \u00e0 votre disposition pour tout vous expliquer sur la lavande.<br><\/p>\n\n\n\n<p class=\"has-text-align-center has-secondary-color has-text-color\"><a href=\"https:\/\/montbruncommerce.com\/index.php\/art-de-vivre-lavande\/\" data-type=\"page\" data-id=\"259\">+ D&rsquo;INFORMATIONS<\/a><\/p>\n<\/div>\n<\/div>\n\n\n\n<div class=\"wp-block-column is-vertically-aligned-top is-layout-flow wp-container-core-column-is-layout-db2cb278 wp-block-column-is-layout-flow\">\n<figure class=\"wp-block-image aligncenter size-full is-resized has-custom-border wp-duotone-grayscale\"><a href=\"https:\/\/montbruncommerce.com\/index.php\/mode-et-decoration\/\"><img loading=\"lazy\" decoding=\"async\" width=\"1000\" height=\"702\" src=\"https:\/\/montbruncommerce.com\/wp-content\/uploads\/2025\/11\/Air-de-Famille.jpeg\" alt=\"Photo de la boutique un Air de famille\" class=\"wp-image-1033\" style=\"border-radius:0px;aspect-ratio:1;object-fit:cover;width:300px\" srcset=\"https:\/\/montbruncommerce.com\/wp-content\/uploads\/2025\/11\/Air-de-Famille.jpeg 1000w, https:\/\/montbruncommerce.com\/wp-content\/uploads\/2025\/11\/Air-de-Famille-300x211.jpeg 300w, https:\/\/montbruncommerce.com\/wp-content\/uploads\/2025\/11\/Air-de-Famille-768x539.jpeg 768w\" sizes=\"(max-width: 1000px) 100vw, 1000px\" \/><\/a><\/figure>\n\n\n\n<div class=\"wp-block-group has-global-padding is-layout-constrained wp-container-core-group-is-layout-85cc789f wp-block-group-is-layout-constrained\">\n<div class=\"wp-block-group has-global-padding is-layout-constrained wp-container-core-group-is-layout-19e250f3 wp-block-group-is-layout-constrained\">\n<h3 class=\"wp-block-heading has-text-align-center has-contrast-color has-text-color has-superbfont-small-font-size\">Un Air de Famille<\/h3>\n\n\n\n<h3 class=\"wp-block-heading has-text-align-center has-contrast-color has-text-color has-superbfont-xsmall-font-size\" style=\"font-style:normal;font-weight:400\">D\u00e9coration et Habillement<\/h3>\n<\/div>\n\n\n\n<p class=\"has-text-align-center has-secondary-color has-text-color has-superbfont-xsmall-font-size\">Christelle est toujours de bon conseil pour d\u00e9corer votre int\u00e9rieur.<br><\/p>\n\n\n\n<p class=\"has-text-align-center has-secondary-color has-text-color\"><a href=\"https:\/\/montbruncommerce.com\/index.php\/mode-et-decoration\/\" data-type=\"page\" data-id=\"550\">+ D&rsquo;INFORMATIONS<\/a><\/p>\n<\/div>\n<\/div>\n\n\n\n<div class=\"wp-block-column is-vertically-aligned-top is-layout-flow wp-container-core-column-is-layout-db2cb278 wp-block-column-is-layout-flow\">\n<figure class=\"wp-block-image aligncenter size-full is-resized has-custom-border wp-duotone-grayscale\"><a href=\"https:\/\/montbruncommerce.com\/index.php\/art-de-vivre-epicerie-fine\/\"><img loading=\"lazy\" decoding=\"async\" width=\"567\" height=\"567\" src=\"https:\/\/montbruncommerce.com\/wp-content\/uploads\/2025\/10\/MONVAL-SHOP-2_Photo-Facade-by-ALM.jpg\" alt=\"Photo de l'\u00e9picerie fine Monval shop\" class=\"wp-image-759\" style=\"border-radius:0px;aspect-ratio:1;object-fit:cover;width:300px\" srcset=\"https:\/\/montbruncommerce.com\/wp-content\/uploads\/2025\/10\/MONVAL-SHOP-2_Photo-Facade-by-ALM.jpg 567w, https:\/\/montbruncommerce.com\/wp-content\/uploads\/2025\/10\/MONVAL-SHOP-2_Photo-Facade-by-ALM-300x300.jpg 300w, https:\/\/montbruncommerce.com\/wp-content\/uploads\/2025\/10\/MONVAL-SHOP-2_Photo-Facade-by-ALM-150x150.jpg 150w\" sizes=\"(max-width: 567px) 100vw, 567px\" \/><\/a><\/figure>\n\n\n\n<div class=\"wp-block-group has-global-padding is-layout-constrained wp-container-core-group-is-layout-85cc789f wp-block-group-is-layout-constrained\">\n<div class=\"wp-block-group has-global-padding is-layout-constrained wp-container-core-group-is-layout-19e250f3 wp-block-group-is-layout-constrained\">\n<h3 class=\"wp-block-heading has-text-align-center has-contrast-color has-text-color has-superbfont-small-font-size\">Monval Shop<\/h3>\n\n\n\n<h3 class=\"wp-block-heading has-text-align-center has-contrast-color has-text-color has-superbfont-xsmall-font-size\" style=\"font-style:normal;font-weight:400\">\u00c9picerie Fine<\/h3>\n<\/div>\n\n\n\n<p class=\"has-text-align-center has-secondary-color has-text-color has-superbfont-xsmall-font-size\">Tracey vous propose ses produits d&rsquo;\u00e9picerie fine, Vins &amp; Spiritueux et plein d&rsquo;id\u00e9es cadeaux.<\/p>\n\n\n\n<p class=\"has-text-align-center has-secondary-color has-text-color\"><a href=\"https:\/\/montbruncommerce.com\/index.php\/art-de-vivre-epicerie-fine\/\">+D&rsquo;INFORMATIONS<\/a><\/p>\n<\/div>\n<\/div>\n<\/div>\n\n\n\n<div class=\"wp-block-columns alignwide are-vertically-aligned-top is-layout-flex wp-container-core-columns-is-layout-f9d87e41 wp-block-columns-is-layout-flex\">\n<div class=\"wp-block-column is-vertically-aligned-top is-layout-flow wp-container-core-column-is-layout-db2cb278 wp-block-column-is-layout-flow\">\n<figure class=\"wp-block-image aligncenter size-full is-resized has-custom-border wp-duotone-grayscale\"><img loading=\"lazy\" decoding=\"async\" width=\"1056\" height=\"992\" src=\"https:\/\/montbruncommerce.com\/wp-content\/uploads\/2025\/10\/Imaginhair.png\" alt=\"photo de la fa\u00e7ade du salon de coiffure imagin'hair\" class=\"wp-image-166\" style=\"border-radius:0px;aspect-ratio:1;object-fit:cover;width:300px\" srcset=\"https:\/\/montbruncommerce.com\/wp-content\/uploads\/2025\/10\/Imaginhair.png 1056w, https:\/\/montbruncommerce.com\/wp-content\/uploads\/2025\/10\/Imaginhair-300x282.png 300w, https:\/\/montbruncommerce.com\/wp-content\/uploads\/2025\/10\/Imaginhair-1024x962.png 1024w, https:\/\/montbruncommerce.com\/wp-content\/uploads\/2025\/10\/Imaginhair-768x721.png 768w\" sizes=\"(max-width: 1056px) 100vw, 1056px\" \/><\/figure>\n\n\n\n<div class=\"wp-block-group has-global-padding is-layout-constrained wp-container-core-group-is-layout-85cc789f wp-block-group-is-layout-constrained\">\n<div class=\"wp-block-group has-global-padding is-layout-constrained wp-container-core-group-is-layout-19e250f3 wp-block-group-is-layout-constrained\">\n<h3 class=\"wp-block-heading has-text-align-center has-contrast-color has-text-color has-superbfont-small-font-size\">Imagin&rsquo; Hair<\/h3>\n\n\n\n<h3 class=\"wp-block-heading has-text-align-center has-contrast-color has-text-color has-superbfont-xsmall-font-size\" style=\"font-style:normal;font-weight:400\">Salon de Coiffure<\/h3>\n<\/div>\n\n\n\n<p class=\"has-text-align-center has-secondary-color has-text-color has-superbfont-xsmall-font-size\">Jeanne vous conseillera pour vos coiffures de mariage, ou pour le quotidien.<\/p>\n\n\n\n<p class=\"has-text-align-center has-secondary-color has-text-color has-superbfont-xsmall-font-size\"><\/p>\n<\/div>\n<\/div>\n\n\n\n<div class=\"wp-block-column is-vertically-aligned-top is-layout-flow wp-container-core-column-is-layout-db2cb278 wp-block-column-is-layout-flow\">\n<figure class=\"wp-block-image aligncenter size-full is-resized has-custom-border wp-duotone-grayscale\"><img loading=\"lazy\" decoding=\"async\" width=\"963\" height=\"524\" src=\"https:\/\/montbruncommerce.com\/wp-content\/uploads\/2025\/11\/BOUTIQUE-DES-VOYAGEURS.jpeg\" alt=\"Photo de la boutique de l'h\u00f4tel des Voyageurs\" class=\"wp-image-1034\" style=\"border-radius:0px;aspect-ratio:1;object-fit:cover;width:300px\" srcset=\"https:\/\/montbruncommerce.com\/wp-content\/uploads\/2025\/11\/BOUTIQUE-DES-VOYAGEURS.jpeg 963w, https:\/\/montbruncommerce.com\/wp-content\/uploads\/2025\/11\/BOUTIQUE-DES-VOYAGEURS-300x163.jpeg 300w, https:\/\/montbruncommerce.com\/wp-content\/uploads\/2025\/11\/BOUTIQUE-DES-VOYAGEURS-768x418.jpeg 768w\" sizes=\"(max-width: 963px) 100vw, 963px\" \/><\/figure>\n\n\n\n<div class=\"wp-block-group has-global-padding is-layout-constrained wp-container-core-group-is-layout-85cc789f wp-block-group-is-layout-constrained\">\n<div class=\"wp-block-group has-global-padding is-layout-constrained wp-container-core-group-is-layout-19e250f3 wp-block-group-is-layout-constrained\">\n<h3 class=\"wp-block-heading has-text-align-center has-contrast-color has-text-color has-superbfont-small-font-size\">Boutique des Voyageurs<\/h3>\n\n\n\n<h3 class=\"wp-block-heading has-text-align-center has-contrast-color has-text-color has-superbfont-xsmall-font-size\" style=\"font-style:normal;font-weight:400\">Brocante et D\u00e9coration<\/h3>\n<\/div>\n\n\n\n<p class=\"has-text-align-center has-secondary-color has-text-color has-superbfont-xsmall-font-size\">Fred a toujours le chic pour d\u00e9nicher le plus chic.<\/p>\n\n\n\n<p class=\"has-text-align-center has-secondary-color has-text-color has-superbfont-xsmall-font-size\"><\/p>\n<\/div>\n<\/div>\n\n\n\n<div class=\"wp-block-column is-vertically-aligned-top is-layout-flow wp-container-core-column-is-layout-db2cb278 wp-block-column-is-layout-flow\">\n<figure class=\"wp-block-image aligncenter size-full is-resized has-custom-border wp-duotone-grayscale\"><img loading=\"lazy\" decoding=\"async\" width=\"872\" height=\"852\" src=\"https:\/\/montbruncommerce.com\/wp-content\/uploads\/2025\/10\/atelierpetitesmains.png\" alt=\"Photo de la fa\u00e7ade de l'atelier des petites mains\" class=\"wp-image-173\" style=\"border-radius:0px;aspect-ratio:1;object-fit:cover;width:300px\" srcset=\"https:\/\/montbruncommerce.com\/wp-content\/uploads\/2025\/10\/atelierpetitesmains.png 872w, https:\/\/montbruncommerce.com\/wp-content\/uploads\/2025\/10\/atelierpetitesmains-300x293.png 300w, https:\/\/montbruncommerce.com\/wp-content\/uploads\/2025\/10\/atelierpetitesmains-768x750.png 768w\" sizes=\"(max-width: 872px) 100vw, 872px\" \/><\/figure>\n\n\n\n<div class=\"wp-block-group has-global-padding is-layout-constrained wp-container-core-group-is-layout-85cc789f wp-block-group-is-layout-constrained\">\n<div class=\"wp-block-group has-global-padding is-layout-constrained wp-container-core-group-is-layout-19e250f3 wp-block-group-is-layout-constrained\">\n<h3 class=\"wp-block-heading has-text-align-center has-contrast-color has-text-color has-superbfont-small-font-size\">L&rsquo;Atelier des Petites Mains<\/h3>\n\n\n\n<h3 class=\"wp-block-heading has-text-align-center has-contrast-color has-text-color has-superbfont-xsmall-font-size\" style=\"font-style:normal;font-weight:400\">Travaux de couture et Cr\u00e9ations<\/h3>\n<\/div>\n\n\n\n<p class=\"has-text-align-center has-secondary-color has-text-color has-superbfont-xsmall-font-size\">Babette r\u00e9pare et cr\u00e9e de toutes pi\u00e8ces.<\/p>\n\n\n\n<p class=\"has-text-align-center has-secondary-color has-text-color has-superbfont-xsmall-font-size\"><\/p>\n<\/div>\n<\/div>\n\n\n\n<div class=\"wp-block-column is-vertically-aligned-top is-layout-flow wp-container-core-column-is-layout-db2cb278 wp-block-column-is-layout-flow\"><\/div>\n<\/div>\n<\/div>\n\n\n\n<p><\/p>\n","protected":false},"excerpt":{"rendered":"<p>S\u2019\u00e9quiper, d\u00e9corer, se faire plaisir\u2026 \u00e0 Montbrun-les-Bains. En Drome Proven\u00e7ale, on aime la d\u00e9coration, les jolis v\u00eatements et on est \u00e9galement tr\u00e8s gourmands ! La Passion et l&rsquo;exp\u00e9rience Rencontrez nos Commer\u00e7ants L&rsquo;Orchid\u00e9e Angelique P\u00e9pini\u00e8re Paola vous conseille pour vos plantes d&rsquo;int\u00e9rieur et d&rsquo;ext\u00e9rieur. + D&rsquo;INFORMATIONS La Magie du Fil D\u00e9coration Cr\u00e9ations textiles, responsables et ing\u00e9nieuses [&hellip;]<\/p>\n","protected":false},"author":1,"featured_media":0,"parent":0,"menu_order":0,"comment_status":"closed","ping_status":"closed","template":"","meta":{"footnotes":""},"wf_page_folders":[70],"class_list":["post-164","page","type-page","status-publish","hentry"],"_links":{"self":[{"href":"https:\/\/montbruncommerce.com\/index.php\/wp-json\/wp\/v2\/pages\/164","targetHints":{"allow":["GET"]}}],"collection":[{"href":"https:\/\/montbruncommerce.com\/index.php\/wp-json\/wp\/v2\/pages"}],"about":[{"href":"https:\/\/montbruncommerce.com\/index.php\/wp-json\/wp\/v2\/types\/page"}],"author":[{"embeddable":true,"href":"https:\/\/montbruncommerce.com\/index.php\/wp-json\/wp\/v2\/users\/1"}],"replies":[{"embeddable":true,"href":"https:\/\/montbruncommerce.com\/index.php\/wp-json\/wp\/v2\/comments?post=164"}],"version-history":[{"count":48,"href":"https:\/\/montbruncommerce.com\/index.php\/wp-json\/wp\/v2\/pages\/164\/revisions"}],"predecessor-version":[{"id":1171,"href":"https:\/\/montbruncommerce.com\/index.php\/wp-json\/wp\/v2\/pages\/164\/revisions\/1171"}],"wp:attachment":[{"href":"https:\/\/montbruncommerce.com\/index.php\/wp-json\/wp\/v2\/media?parent=164"}],"wp:term":[{"taxonomy":"wf_page_folders","embeddable":true,"href":"https:\/\/montbruncommerce.com\/index.php\/wp-json\/wp\/v2\/wf_page_folders?post=164"}],"curies":[{"name":"wp","href":"https:\/\/api.w.org\/{rel}","templated":true}]}}